{"id":100,"date":"2022-04-04T16:20:18","date_gmt":"2022-04-04T14:20:18","guid":{"rendered":"https:\/\/roulettes.vaniseo.top\/index.php\/produit\/porte-manteau-fleche-mauve\/"},"modified":"2022-04-04T17:12:29","modified_gmt":"2022-04-04T15:12:29","slug":"porte-manteau-fleche-mauve","status":"publish","type":"product","link":"https:\/\/roulettes.vaniseo.top\/index.php\/produit\/porte-manteau-fleche-mauve\/","title":{"rendered":"Porte-manteau fl\u00e8che mauve"},"content":{"rendered":"<h4>Belle pat\u00e8re fl\u00e8che de couleur mauve en bois laqu\u00e9.<\/h4>\n<p>_x000D_nPorte-manteau fl\u00e8che mauve._x000D_n_x000D_nCe porte-manteau\u00a0<strong>fl\u00e8che mauve<\/strong> est \u00e0 poser partout dans la maison pour ne plus voir trainer ses affaires, dans la chambre, dans l&rsquo;entr\u00e9e mais aussi dans la cuisine\u00a0ou dans l&rsquo;entreprise._x000D_n_x000D_nAussi, son syst\u00e8me d&rsquo;accrochage est simple, encastr\u00e9 dans le <em><strong>bois,<\/strong><\/em> et non visible une fois pos\u00e9e sur le mur._x000D_n_x000D_nCette pat\u00e8re est en bois et sa laque peut comporter quelques irr\u00e9gularit\u00e9s li\u00e9es au support._x000D_n_x000D_nOriginale et de belle qualit\u00e9, elle permet de supporter un poids d&rsquo;environ 3 kg._x000D_n_x000D_nSa double pat\u00e8re peut servir de porte-manteau et en haut de porte-chapeau ou de porte-\u00e9charpe au crochet du bas._x000D_n_x000D_nElle tient au mur avec une vis, la vis et la cheville est fournie. Sa pose n\u00e9cessite l&rsquo;usage d&rsquo;une perceuse._x000D_n<\/p>\n<h4>Dimensions :<\/h4>\n<p>_x000D_n<\/p>\n<ul>_x000D_n \t<\/p>\n<li>La pat\u00e8re 9 cm X 9\u00a0cm<\/li>\n<p>_x000D_n \t<\/p>\n<li>Ecartement du mur 8,3 cm<\/li>\n<p>_x000D_n<\/ul>\n","protected":false},"excerpt":{"rendered":"<p>Belle pat\u00e8re en forme de <strong>fl\u00e8che mauve<\/strong> en <em><strong>bois laqu\u00e9<\/strong><\/em>. Ce porte-manteau est \u00e0 poser partout dans la maison pour ne plus voir trainer ses affaires, dans la chambre, dans l\u2019entr\u00e9e mais aussi dans la cuisine\u00a0ou Salle de bain. Une fois correctement fix\u00e9 au mur \u00e0 l&rsquo;aide d&rsquo;une perceuse, cette pat\u00e8re peut r\u00e9sister \u00e0 un poids d&rsquo;environ 3 kg.<\/p>\n","protected":false},"featured_media":950,"comment_status":"closed","ping_status":"open","template":"","meta":[],"product_cat":[29,16,32,17],"product_tag":[27],"class_list":["post-100","product","type-product","status-publish","has-post-thumbnail","hentry","product_cat-chambre-adulte","product_cat-chambre-enfant","product_cat-entree-sejour","product_cat-salle-de-bain","product_tag-crochet-patere-patere-design-patere-murale-patere-porte-pateres-porte-serviette-porte-torchon-vestiaire","description-off"],"_links":{"self":[{"href":"https:\/\/roulettes.vaniseo.top\/index.php\/wp-json\/wp\/v2\/product\/100","targetHints":{"allow":["GET"]}}],"collection":[{"href":"https:\/\/roulettes.vaniseo.top\/index.php\/wp-json\/wp\/v2\/product"}],"about":[{"href":"https:\/\/roulettes.vaniseo.top\/index.php\/wp-json\/wp\/v2\/types\/product"}],"replies":[{"embeddable":true,"href":"https:\/\/roulettes.vaniseo.top\/index.php\/wp-json\/wp\/v2\/comments?post=100"}],"version-history":[{"count":0,"href":"https:\/\/roulettes.vaniseo.top\/index.php\/wp-json\/wp\/v2\/product\/100\/revisions"}],"wp:featuredmedia":[{"embeddable":true,"href":"https:\/\/roulettes.vaniseo.top\/index.php\/wp-json\/wp\/v2\/media\/950"}],"wp:attachment":[{"href":"https:\/\/roulettes.vaniseo.top\/index.php\/wp-json\/wp\/v2\/media?parent=100"}],"wp:term":[{"taxonomy":"product_cat","embeddable":true,"href":"https:\/\/roulettes.vaniseo.top\/index.php\/wp-json\/wp\/v2\/product_cat?post=100"},{"taxonomy":"product_tag","embeddable":true,"href":"https:\/\/roulettes.vaniseo.top\/index.php\/wp-json\/wp\/v2\/product_tag?post=100"}],"curies":[{"name":"wp","href":"https:\/\/api.w.org\/{rel}","templated":true}]}}