{"id":105,"date":"2022-04-04T16:20:18","date_gmt":"2022-04-04T14:20:18","guid":{"rendered":"https:\/\/roulettes.vaniseo.top\/index.php\/produit\/porte-manteau-design-bois-naturel\/"},"modified":"2022-04-04T17:12:46","modified_gmt":"2022-04-04T15:12:46","slug":"porte-manteau-design-bois-naturel","status":"publish","type":"product","link":"https:\/\/roulettes.vaniseo.top\/index.php\/produit\/porte-manteau-design-bois-naturel\/","title":{"rendered":"Porte-manteau design bois naturel"},"content":{"rendered":"<h4>Pat\u00e8re pour entr\u00e9e en bois naturel.<\/h4>\n<p>_x000D_nPorte-manteau design <em><strong>bois naturel<\/strong><\/em>._x000D_n_x000D_nCette pat\u00e8re au <strong>design scandinave<\/strong> est \u00e0 poser partout dans la maison pour ne plus voir trainer ses affaires, dans la chambre, dans l&rsquo;entr\u00e9e mais aussi dans la cuisine\u00a0ou dans un dressing._x000D_n_x000D_nEn pin tendre naturel vernis ce porte-manteau est r\u00e9sistant et s&rsquo;int\u00e9grera dans la majorit\u00e9 des d\u00e9cors._x000D_n_x000D_nElle comporte un syst\u00e8me d&rsquo;accrochage simple avec une vis qu&rsquo;il suffit d&rsquo;introduire dans une cheville._x000D_n_x000D_nSa pose n\u00e9cessite une cheville et une perceuse pour fixer la cheville au mur._x000D_n<\/p>\n<h4>Dimensions :<\/h4>\n<p>_x000D_n<\/p>\n<ul>_x000D_n \t<\/p>\n<li>Diam\u00e8tre de la vis 0,5\u00a0cm<\/li>\n<p>_x000D_n \t<\/p>\n<li>Hauteur totale = 11,8 cm<\/li>\n<p>_x000D_n \t<\/p>\n<li>Largeur 6 cm<\/li>\n<p>_x000D_n \t<\/p>\n<li>Ecartement maxi du mur 5,5 cm<\/li>\n<p>_x000D_n<\/ul>\n","protected":false},"excerpt":{"rendered":"<p><strong>Porte-manteau design<\/strong> bois naturel.\u00a0Cette pat\u00e8re est \u00e0 poser partout dans la maison pour ne plus voir trainer ses affaires, dans la chambre, dans l&rsquo;entr\u00e9e mais aussi dans la cuisine ou dans un dressing.\u00a0En <em><strong>pin tendre naturel vernis<\/strong><\/em> ce porte-manteau est r\u00e9sistant et s&rsquo;int\u00e9grera dans la majorit\u00e9 des d\u00e9cors.<\/p>\n","protected":false},"featured_media":972,"comment_status":"closed","ping_status":"open","template":"","meta":[],"product_cat":[29,32,17],"product_tag":[25],"class_list":["post-105","product","type-product","status-publish","has-post-thumbnail","hentry","product_cat-chambre-adulte","product_cat-entree-sejour","product_cat-salle-de-bain","product_tag-crochet-patere-patere-design-patere-murale-patere-porte-pateres-porte-manteau-porte-serviette-porte-torchon-vestiaire","description-off"],"_links":{"self":[{"href":"https:\/\/roulettes.vaniseo.top\/index.php\/wp-json\/wp\/v2\/product\/105","targetHints":{"allow":["GET"]}}],"collection":[{"href":"https:\/\/roulettes.vaniseo.top\/index.php\/wp-json\/wp\/v2\/product"}],"about":[{"href":"https:\/\/roulettes.vaniseo.top\/index.php\/wp-json\/wp\/v2\/types\/product"}],"replies":[{"embeddable":true,"href":"https:\/\/roulettes.vaniseo.top\/index.php\/wp-json\/wp\/v2\/comments?post=105"}],"version-history":[{"count":0,"href":"https:\/\/roulettes.vaniseo.top\/index.php\/wp-json\/wp\/v2\/product\/105\/revisions"}],"wp:featuredmedia":[{"embeddable":true,"href":"https:\/\/roulettes.vaniseo.top\/index.php\/wp-json\/wp\/v2\/media\/972"}],"wp:attachment":[{"href":"https:\/\/roulettes.vaniseo.top\/index.php\/wp-json\/wp\/v2\/media?parent=105"}],"wp:term":[{"taxonomy":"product_cat","embeddable":true,"href":"https:\/\/roulettes.vaniseo.top\/index.php\/wp-json\/wp\/v2\/product_cat?post=105"},{"taxonomy":"product_tag","embeddable":true,"href":"https:\/\/roulettes.vaniseo.top\/index.php\/wp-json\/wp\/v2\/product_tag?post=105"}],"curies":[{"name":"wp","href":"https:\/\/api.w.org\/{rel}","templated":true}]}}