{"id":107,"date":"2022-04-04T16:20:18","date_gmt":"2022-04-04T14:20:18","guid":{"rendered":"https:\/\/roulettes.vaniseo.top\/index.php\/produit\/porte-manteau-volute-double-rustique\/"},"modified":"2022-04-04T17:12:52","modified_gmt":"2022-04-04T15:12:52","slug":"porte-manteau-volute-double-rustique","status":"publish","type":"product","link":"https:\/\/roulettes.vaniseo.top\/index.php\/produit\/porte-manteau-volute-double-rustique\/","title":{"rendered":"Porte-manteau volute double rustique"},"content":{"rendered":"<h4>Pat\u00e8re double volute.<\/h4>\n<p>_x000D_nPorte-manteau volute double rustique._x000D_n_x000D_nPat\u00e8re en forme de\u00a0<em><strong>volute<\/strong><\/em> double <strong>rustique<\/strong>\u00a0en alliage de zinc\u00a0qui peut servir de porte-manteau, porte-\u00e9charpe ou porte-chapeau._x000D_n_x000D_nDe couleur bronze cette pat\u00e8re comporte\u00a0une forme douce et pratique._x000D_n_x000D_nCompos\u00e9e de\u00a0deux pat\u00e8res crochets et d&rsquo;un syst\u00e8me de fixation avec deux emplacements pour les vis non fournies._x000D_n_x000D_nIl s&rsquo;adaptera facilement \u00e0 toute d\u00e9coration int\u00e9rieure et saura se faire discret mais indispensable._x000D_n_x000D_nFacile \u00e0 poser cette pat\u00e8re\u00a0n\u00e9cessite un tournevis pour \u00eatre fix\u00e9e au mur._x000D_n<\/p>\n<h4>Dimensions :<\/h4>\n<p>_x000D_n<\/p>\n<ul>_x000D_n \t<\/p>\n<li>La base de la pat\u00e8re est de diam\u00e8tre 4,4\u00a0cm<\/li>\n<p>_x000D_n \t<\/p>\n<li>Ecartement du mur du crochet bas 4,5 cm, \u00e9cartement du mur du crochet haut 5,6 cm<\/li>\n<p>_x000D_n<\/ul>\n","protected":false},"excerpt":{"rendered":"<p>Belle pat\u00e8re <strong>porte-manteau<\/strong> en forme de <em><strong>double volute rustique<\/strong><\/em> en alliage de zinc qui peut servir de porte-\u00e9charpe ou porte-chapeau.\u00a0Il est de couleur bronze avec une forme douce et pratique et saura se faire pratique dans la maison.<\/p>\n","protected":false},"featured_media":978,"comment_status":"closed","ping_status":"open","template":"","meta":[],"product_cat":[19,21,22,17],"product_tag":[34],"class_list":["post-107","product","type-product","status-publish","has-post-thumbnail","hentry","product_cat-collectivite","product_cat-entreprise","product_cat-pro","product_cat-salle-de-bain","product_tag-crochet-patere-patere-design-patere-murale-patere-porte-pateres-porte-chapeau-porte-manteau-porte-serviette-porte-torchon-vestiaire","description-off"],"_links":{"self":[{"href":"https:\/\/roulettes.vaniseo.top\/index.php\/wp-json\/wp\/v2\/product\/107","targetHints":{"allow":["GET"]}}],"collection":[{"href":"https:\/\/roulettes.vaniseo.top\/index.php\/wp-json\/wp\/v2\/product"}],"about":[{"href":"https:\/\/roulettes.vaniseo.top\/index.php\/wp-json\/wp\/v2\/types\/product"}],"replies":[{"embeddable":true,"href":"https:\/\/roulettes.vaniseo.top\/index.php\/wp-json\/wp\/v2\/comments?post=107"}],"version-history":[{"count":0,"href":"https:\/\/roulettes.vaniseo.top\/index.php\/wp-json\/wp\/v2\/product\/107\/revisions"}],"wp:featuredmedia":[{"embeddable":true,"href":"https:\/\/roulettes.vaniseo.top\/index.php\/wp-json\/wp\/v2\/media\/978"}],"wp:attachment":[{"href":"https:\/\/roulettes.vaniseo.top\/index.php\/wp-json\/wp\/v2\/media?parent=107"}],"wp:term":[{"taxonomy":"product_cat","embeddable":true,"href":"https:\/\/roulettes.vaniseo.top\/index.php\/wp-json\/wp\/v2\/product_cat?post=107"},{"taxonomy":"product_tag","embeddable":true,"href":"https:\/\/roulettes.vaniseo.top\/index.php\/wp-json\/wp\/v2\/product_tag?post=107"}],"curies":[{"name":"wp","href":"https:\/\/api.w.org\/{rel}","templated":true}]}}