{"id":108,"date":"2022-04-04T16:20:18","date_gmt":"2022-04-04T14:20:18","guid":{"rendered":"https:\/\/roulettes.vaniseo.top\/index.php\/produit\/porte-manteau-double-porte-chapeau-rustique\/"},"modified":"2022-04-04T17:12:53","modified_gmt":"2022-04-04T15:12:53","slug":"porte-manteau-double-porte-chapeau-rustique","status":"publish","type":"product","link":"https:\/\/roulettes.vaniseo.top\/index.php\/produit\/porte-manteau-double-porte-chapeau-rustique\/","title":{"rendered":"Porte-manteau double porte-chapeau rustique"},"content":{"rendered":"<h4>Vestiaire en m\u00e9tal rustique.<\/h4>\n<p>_x000D_n<strong>Porte-manteau<\/strong> double porte-chapeau rustique._x000D_n_x000D_nPat\u00e8re porte-manteau double pouvant servir de porte-chapeau rustique\u00a0en alliage de zinc\u00a0qui peut servir de porte-\u00e9charpe ou de porte-v\u00eatements._x000D_n_x000D_nDe <em><strong>couleur bronze vieilli<\/strong><\/em>,\u00a0cette pat\u00e8re est\u00a0avec une forme douce et pratique._x000D_n_x000D_nCe porte-manteau comporte deux crochets et un syst\u00e8me de fixation avec deux emplacements pour les vis non fournies._x000D_n_x000D_nIl s&rsquo;adaptera facilement \u00e0 toute d\u00e9coration int\u00e9rieure et saura se faire discret mais indispensable._x000D_n_x000D_nFacile \u00e0 poser, il n\u00e9cessite l&rsquo;utilisation d&rsquo;un tournevis._x000D_n<\/p>\n<h4>Dimensions :<\/h4>\n<p>_x000D_n<\/p>\n<ul>_x000D_n \t<\/p>\n<li>La base de la pat\u00e8re est de diam\u00e8tre 3 cm X 4,2 cm<\/li>\n<p>_x000D_n \t<\/p>\n<li>Ecartement du mur du crochet bas 4 cm, \u00e9cartement du mur du crochet haut 5,2 cm<\/li>\n<p>_x000D_n<\/ul>\n","protected":false},"excerpt":{"rendered":"<p><strong>Porte-manteau<\/strong> double porte-chapeau <em><strong>rustique<\/strong><\/em> en alliage de zinc qui peut servir de porte-\u00e9charpe ou porte-chapeau.\u00a0Il est de couleur bronze avec une forme douce et pratique.<\/p>\n","protected":false},"featured_media":714,"comment_status":"closed","ping_status":"open","template":"","meta":[],"product_cat":[19,21,22,17],"product_tag":[34],"class_list":["post-108","product","type-product","status-publish","has-post-thumbnail","hentry","product_cat-collectivite","product_cat-entreprise","product_cat-pro","product_cat-salle-de-bain","product_tag-crochet-patere-patere-design-patere-murale-patere-porte-pateres-porte-chapeau-porte-manteau-porte-serviette-porte-torchon-vestiaire","description-off"],"_links":{"self":[{"href":"https:\/\/roulettes.vaniseo.top\/index.php\/wp-json\/wp\/v2\/product\/108","targetHints":{"allow":["GET"]}}],"collection":[{"href":"https:\/\/roulettes.vaniseo.top\/index.php\/wp-json\/wp\/v2\/product"}],"about":[{"href":"https:\/\/roulettes.vaniseo.top\/index.php\/wp-json\/wp\/v2\/types\/product"}],"replies":[{"embeddable":true,"href":"https:\/\/roulettes.vaniseo.top\/index.php\/wp-json\/wp\/v2\/comments?post=108"}],"version-history":[{"count":0,"href":"https:\/\/roulettes.vaniseo.top\/index.php\/wp-json\/wp\/v2\/product\/108\/revisions"}],"wp:featuredmedia":[{"embeddable":true,"href":"https:\/\/roulettes.vaniseo.top\/index.php\/wp-json\/wp\/v2\/media\/714"}],"wp:attachment":[{"href":"https:\/\/roulettes.vaniseo.top\/index.php\/wp-json\/wp\/v2\/media?parent=108"}],"wp:term":[{"taxonomy":"product_cat","embeddable":true,"href":"https:\/\/roulettes.vaniseo.top\/index.php\/wp-json\/wp\/v2\/product_cat?post=108"},{"taxonomy":"product_tag","embeddable":true,"href":"https:\/\/roulettes.vaniseo.top\/index.php\/wp-json\/wp\/v2\/product_tag?post=108"}],"curies":[{"name":"wp","href":"https:\/\/api.w.org\/{rel}","templated":true}]}}