{"id":109,"date":"2022-04-04T16:20:18","date_gmt":"2022-04-04T14:20:18","guid":{"rendered":"https:\/\/roulettes.vaniseo.top\/index.php\/produit\/patere-autocollante-moutons-4-crochets-vert\/"},"modified":"2022-04-04T17:12:54","modified_gmt":"2022-04-04T15:12:54","slug":"patere-autocollante-moutons-4-crochets-vert","status":"publish","type":"product","link":"https:\/\/roulettes.vaniseo.top\/index.php\/produit\/patere-autocollante-moutons-4-crochets-vert\/","title":{"rendered":"pat\u00e8re autocollante moutons 4 crochets vert"},"content":{"rendered":"<h4>Porte-manteaux moutons vert pour chambre d&rsquo;enfant.<\/h4>\n<p>_x000D_n<strong>Pat\u00e8re autocollante<\/strong> <em><strong>moutons<\/strong><\/em> 4 crochets vert id\u00e9al pour accrocher manteaux, \u00e9charpes ou bonnets._x000D_n_x000D_nEn plastique, cette\u00a0pat\u00e8re se posera partout dans la maison avec l&rsquo;autocollant surpuissant pour permettre un rangement maximum._x000D_n_x000D_nDe tr\u00e8s belle qualit\u00e9, ses crochets en m\u00e9tal n&rsquo;accrocherons pas les v\u00eatements._x000D_n_x000D_nDans les tons de vert le porte-manteau sera l&rsquo;accessoire indispensable dans la chambre de b\u00e9b\u00e9 ou dans la salle de bain._x000D_n_x000D_nIl\u00a0est \u00e0 coller partout o\u00f9 vous en avez besoin et s&rsquo;adaptera parfaitement \u00e0 une chambre d&rsquo;enfant._x000D_n_x000D_nIl est facile \u00e0 poser et ne n\u00e9cessite aucun outils._x000D_n<\/p>\n<h4>Dimensions :<\/h4>\n<p>_x000D_n<\/p>\n<ul>_x000D_n \t<\/p>\n<li>Le porte-manteau 25,9\u00a0cm X 6,2 cm<\/li>\n<p>_x000D_n \t<\/p>\n<li>Ecartement du mur 2,2\u00a0cm<\/li>\n<p>_x000D_n<\/ul>\n","protected":false},"excerpt":{"rendered":"<p><strong>Porte-manteau<\/strong> autocollant<em><strong> moutons<\/strong><\/em> 4 crochets vert id\u00e9al pour accrocher manteaux, \u00e9charpes ou bonnets.\u00a0En plastique, cette pat\u00e8re se posera partout dans la maison avec l&rsquo;autocollant surpuissant pour permettre un rangement maximum.<\/p>\n","protected":false},"featured_media":985,"comment_status":"closed","ping_status":"open","template":"","meta":[],"product_cat":[16,17],"product_tag":[25],"class_list":["post-109","product","type-product","status-publish","has-post-thumbnail","hentry","product_cat-chambre-enfant","product_cat-salle-de-bain","product_tag-crochet-patere-patere-design-patere-murale-patere-porte-pateres-porte-manteau-porte-serviette-porte-torchon-vestiaire","description-off"],"_links":{"self":[{"href":"https:\/\/roulettes.vaniseo.top\/index.php\/wp-json\/wp\/v2\/product\/109","targetHints":{"allow":["GET"]}}],"collection":[{"href":"https:\/\/roulettes.vaniseo.top\/index.php\/wp-json\/wp\/v2\/product"}],"about":[{"href":"https:\/\/roulettes.vaniseo.top\/index.php\/wp-json\/wp\/v2\/types\/product"}],"replies":[{"embeddable":true,"href":"https:\/\/roulettes.vaniseo.top\/index.php\/wp-json\/wp\/v2\/comments?post=109"}],"version-history":[{"count":0,"href":"https:\/\/roulettes.vaniseo.top\/index.php\/wp-json\/wp\/v2\/product\/109\/revisions"}],"wp:featuredmedia":[{"embeddable":true,"href":"https:\/\/roulettes.vaniseo.top\/index.php\/wp-json\/wp\/v2\/media\/985"}],"wp:attachment":[{"href":"https:\/\/roulettes.vaniseo.top\/index.php\/wp-json\/wp\/v2\/media?parent=109"}],"wp:term":[{"taxonomy":"product_cat","embeddable":true,"href":"https:\/\/roulettes.vaniseo.top\/index.php\/wp-json\/wp\/v2\/product_cat?post=109"},{"taxonomy":"product_tag","embeddable":true,"href":"https:\/\/roulettes.vaniseo.top\/index.php\/wp-json\/wp\/v2\/product_tag?post=109"}],"curies":[{"name":"wp","href":"https:\/\/api.w.org\/{rel}","templated":true}]}}