{"id":112,"date":"2022-04-04T16:20:18","date_gmt":"2022-04-04T14:20:18","guid":{"rendered":"https:\/\/roulettes.vaniseo.top\/index.php\/produit\/porte-manteau-vestiaire-aluminium-mat-chrome\/"},"modified":"2022-04-04T17:13:14","modified_gmt":"2022-04-04T15:13:14","slug":"porte-manteau-vestiaire-aluminium-mat-chrome","status":"publish","type":"product","link":"https:\/\/roulettes.vaniseo.top\/index.php\/produit\/porte-manteau-vestiaire-aluminium-mat-chrome\/","title":{"rendered":"Porte manteau vestiaire aluminium mat chrom\u00e9"},"content":{"rendered":"<h3>Vestiaire porte manteau en aluminium mat chrom\u00e9<\/h3>\n<p>_x000D_n1001 Pat\u00e8res vous propose de d\u00e9couvrir en d\u00e9tail ce porte manteau <strong>vestiaire<\/strong>.\u00a0Celui-ci est donc un vestiaire en <em><strong>aluminium<\/strong><\/em>,\u00a0de couleur mat chrom\u00e9._x000D_n_x000D_n&nbsp;_x000D_n<\/p>\n<h4>Polyvalence et discr\u00e9tion pour ce porte manteau vestiaire<\/h4>\n<p>_x000D_nTout d&rsquo;abord, retenez sa <strong>polyvalence<\/strong> et sa <strong>discr\u00e9tion<\/strong>._x000D_n_x000D_nEn effet, il peut vous servir \u00e0 suspendre de nombreux \u00e9l\u00e9ments tels que des <strong>v\u00eatements<\/strong>, des <strong>\u00e9charpes<\/strong> et <strong>foulards<\/strong>, tout comme des <strong>chapeaux<\/strong>. Si vous n&rsquo;avez pas de solutions pour ranger vos <strong>sacs \u00e0 main et cartables<\/strong> et que ceux ci disposent d&rsquo;une anse: aucun probl\u00e8me pour les suspendre \u00e9galement!_x000D_n_x000D_nEnfin, n&rsquo;oubliez pas de pr\u00e9parer vos <strong>parapluies<\/strong> pour les mauvaises m\u00e9t\u00e9os. L&rsquo;\u00e9cartement face au mur de ce vestiaire vous permet aussi de l&rsquo;utiliser comme tel._x000D_n_x000D_nPar ailleurs, cette pat\u00e8re murale au design \u00e9pur\u00e9 peut se poser sur une planche de bois dans les vestiaires collectifs. Vous aimerez <strong>d\u00e9multiplier son utilisation au travers de multiples suspensions de cette m\u00eame r\u00e9f\u00e9rence<\/strong>\u00a0dans un <strong>univers <a href=\"https:\/\/1001pateres.com\/pro\/\">professionnel<\/a>, collectif, ou priv\u00e9<\/strong> (dans l&rsquo;<a href=\"https:\/\/1001pateres.com\/univers\/sejours\/\">entr\u00e9e<\/a> par exemple)._x000D_n_x000D_nPour ce faire, <a href=\"https:\/\/1001pateres.com\/brand\/1001pateres\/\">1001 Pat\u00e8res<\/a> a design\u00e9 ce <strong>porte manteau vestiaire aluminium mat chrom\u00e9<\/strong> avec une\u00a0<strong>double pat\u00e8re<\/strong>\u00a0et un <strong>syst\u00e8me d&rsquo;accrochage \u00e0 vis<\/strong>\u00a0fournies. Par cons\u00e9quent, il est facile \u00e0 poser <strong>sur un mur ou sur un bois<\/strong>. Sa fixation n\u00e9cessite cependant l&rsquo;usage de votre tournevis._x000D_n_x000D_n&nbsp;_x000D_n<\/p>\n<h4>Dimensions du vestiaire mural double crochet<\/h4>\n<p>_x000D_nPour finir, pensez \u00e0 v\u00e9rifier au pr\u00e9alable les <strong>dimensions<\/strong> de votre espace d\u00e9di\u00e9 \u00e0 ce porte manteau vestiaire. Vous pourrez ainsi, gr\u00e2ce aux dimensions partag\u00e9es ci dessous, r\u00e9fl\u00e9chir \u00e0 la faisabilit\u00e9 d&rsquo;installation. D\u00e8s maintenant, calculez\u00a0<strong>combien de r\u00e9f\u00e9rences il est possible d&rsquo;installer<\/strong>:_x000D_n<\/p>\n<ul>_x000D_n \t<\/p>\n<li>Hauteur 12,5 cm<\/li>\n<p>_x000D_n \t<\/p>\n<li>Largeur 1,9 cm<\/li>\n<p>_x000D_n \t<\/p>\n<li>Ecartement du mur du crochet bas 3,8 cm<\/li>\n<p>_x000D_n \t<\/p>\n<li>Ecartement du mur du crochet haut 5 cm<\/li>\n<p>_x000D_n \t<\/p>\n<li>Vis de 2,5 cm<\/li>\n<p>_x000D_n<\/ul>\n<p>_x000D_nN&rsquo;h\u00e9sitez pas \u00e0 nous contacter via le formulaire de contact en page <a href=\"https:\/\/1001pateres.com\/contactez-nous\/\">Contact<\/a> en cas de question subsidiaire ou pour un devis personnalis\u00e9 en cas de commande importante.<\/p>\n","protected":false},"excerpt":{"rendered":"<p>Pratique porte-manteau pour<strong> vestiaire<\/strong> en <em><strong>aluminium mat chrom\u00e9<\/strong><\/em> qui peut servir de porte-v\u00eatement, porte-\u00e9charpe, porte-chapeaux.\u00a0Il est mural avec un design \u00e9pur\u00e9e et permet de supporter une charge de 5 kg. Il peut se fixer au mur ou sur une planche de bois pour servir de vestiaire dans les collectivit\u00e9s.<\/p>\n","protected":false},"featured_media":994,"comment_status":"closed","ping_status":"open","template":"","meta":[],"product_cat":[19,21,30,22],"product_tag":[27],"class_list":["post-112","product","type-product","status-publish","has-post-thumbnail","hentry","product_cat-collectivite","product_cat-entreprise","product_cat-garage-cellier","product_cat-pro","product_tag-crochet-patere-patere-design-patere-murale-patere-porte-pateres-porte-serviette-porte-torchon-vestiaire","description-off"],"_links":{"self":[{"href":"https:\/\/roulettes.vaniseo.top\/index.php\/wp-json\/wp\/v2\/product\/112","targetHints":{"allow":["GET"]}}],"collection":[{"href":"https:\/\/roulettes.vaniseo.top\/index.php\/wp-json\/wp\/v2\/product"}],"about":[{"href":"https:\/\/roulettes.vaniseo.top\/index.php\/wp-json\/wp\/v2\/types\/product"}],"replies":[{"embeddable":true,"href":"https:\/\/roulettes.vaniseo.top\/index.php\/wp-json\/wp\/v2\/comments?post=112"}],"version-history":[{"count":0,"href":"https:\/\/roulettes.vaniseo.top\/index.php\/wp-json\/wp\/v2\/product\/112\/revisions"}],"wp:featuredmedia":[{"embeddable":true,"href":"https:\/\/roulettes.vaniseo.top\/index.php\/wp-json\/wp\/v2\/media\/994"}],"wp:attachment":[{"href":"https:\/\/roulettes.vaniseo.top\/index.php\/wp-json\/wp\/v2\/media?parent=112"}],"wp:term":[{"taxonomy":"product_cat","embeddable":true,"href":"https:\/\/roulettes.vaniseo.top\/index.php\/wp-json\/wp\/v2\/product_cat?post=112"},{"taxonomy":"product_tag","embeddable":true,"href":"https:\/\/roulettes.vaniseo.top\/index.php\/wp-json\/wp\/v2\/product_tag?post=112"}],"curies":[{"name":"wp","href":"https:\/\/api.w.org\/{rel}","templated":true}]}}