{"id":113,"date":"2022-04-04T16:20:18","date_gmt":"2022-04-04T14:20:18","guid":{"rendered":"https:\/\/roulettes.vaniseo.top\/index.php\/produit\/rangement-ventouse-salle-de-bain-lot-de-6-animaux\/"},"modified":"2022-04-04T17:13:14","modified_gmt":"2022-04-04T15:13:14","slug":"rangement-ventouse-salle-de-bain-lot-de-6-animaux","status":"publish","type":"product","link":"https:\/\/roulettes.vaniseo.top\/index.php\/produit\/rangement-ventouse-salle-de-bain-lot-de-6-animaux\/","title":{"rendered":"Rangement ventouse salle de bain lot de 6 animaux"},"content":{"rendered":"<h3>Patere ventouse : Lot de 6 petites queues d&rsquo;animaux rigolos<\/h3>\n<p>_x000D_n<strong>1001 Pat\u00e8res<\/strong> vous propose un <strong>rangement ventouse salle de bain<\/strong> pour le moins original! Il s&rsquo;agit d&rsquo;un lot de 6 <strong>pat\u00e8res rigolotes<\/strong> de derri\u00e8res d&rsquo;<strong>animaux<\/strong>._x000D_n_x000D_nEn effet, <strong>1001 Pat\u00e8res<\/strong> est \u00e0 la fois une <strong>marque<\/strong> de pat\u00e8res et un site de vente en ligne. Les deux sont fran\u00e7ais. Le site lui, est actuellement <strong>n\u00b01 des ventes de pat\u00e8res<\/strong>. Ainsi, vous profitez non seulement de ses produits mais aussi de nombreuses autres marques internationales proposant un choix vari\u00e9s, \u00e0 tous les prix, mais surtout \u00e0 un rapport qualit\u00e9 prix toujours incontestable. Alors, <strong>soutenez un site fran\u00e7ais et diminuez vos frais et d\u00e9lai de livraison<\/strong>!_x000D_n_x000D_n&nbsp;_x000D_n<\/p>\n<h3>Rangement ventouse salle de bain lot de 6 animaux<\/h3>\n<p>_x000D_nPar ailleurs, ci-contre pr\u00e9cis\u00e9ment, ce <strong>lot<\/strong> est compos\u00e9 de <strong>6 petites pat\u00e8res d&rsquo;animaux rigolos<\/strong>. C&rsquo;est l&rsquo;id\u00e9al comme <strong>rangement ventouse salle de bain<\/strong>!_x000D_n_x000D_nPetits comme grands appr\u00e9cient toujours ces couleurs flashy et ce style \u00e0 la fois enfantin et ludique. Elles motiveraient presque toute la famille \u00e0 les utiliser pour une salle de bain rang\u00e9e! Quoi de plus int\u00e9ressant franchement?!_x000D_n_x000D_nCe lot est donc compos\u00e9 de queues et pattes d&rsquo;animaux vari\u00e9s: <a href=\"https:\/\/1001pateres.com\/produit\/patere-ventouse-dos-de-kangourou-orange\/\">kangourou<\/a>, <a href=\"https:\/\/1001pateres.com\/produit\/patere-ventouse-dos-et-pattes-de-chien-bleu\/\">chien<\/a>, <a href=\"https:\/\/1001pateres.com\/produit\/patere-ventouse-dos-et-pattes-de-tigre-jaune\/\">tigre<\/a>, <a href=\"https:\/\/1001pateres.com\/produit\/patere-ventouse-dos-et-pattes-oie-blanche\/\">oie<\/a>, <a href=\"https:\/\/1001pateres.com\/produit\/patere-ventouse-dos-et-pieds-de-cheval-marron\/\">cheval<\/a>, et <a href=\"https:\/\/1001pateres.com\/produit\/patere-ventouse-dos-et-pattes-de-crocodile-vert\/\">crocodile<\/a>. Chaque arri\u00e8re train est aussi disponible<strong> \u00e0 l&rsquo;unit\u00e9<\/strong> sur ce site._x000D_n_x000D_nNos clients craquent pour ce design \u00e0 la fois <strong>simple et na\u00eff<\/strong> offrant de la <strong>couleur<\/strong> \u00e0 leur <strong>salle de bain<\/strong>. Du fait des ventouses, certains l&rsquo;utilisent m\u00eame dans les <strong>toilettes<\/strong> et la <strong>cuisine<\/strong>._x000D_n_x000D_nEn plastique, avec un syst\u00e8me de <strong>ventouse transparente<\/strong>, ce lot est vraiment tr\u00e8s <strong>pratique<\/strong> \u00e0 installer. C&rsquo;est d&rsquo;ailleurs l&rsquo;id\u00e9al sur du <strong>carrelage<\/strong>,\u00a0il ne n\u00e9cessite <strong>aucun per\u00e7age ni outil<\/strong> pour sa pose._x000D_n_x000D_nEnfin, c\u00f4t\u00e9 <strong>dimensions<\/strong>, chaque pat\u00e8re rigolote d&rsquo;arri\u00e8re train d&rsquo;animaux dispose des <strong>m\u00eames dimensions \u00e0 l&rsquo;unit\u00e9,<\/strong> \u00e0 savoir:_x000D_n<\/p>\n<ul>_x000D_n \t<\/p>\n<li>Diam\u00e8tre de la ventouse \u00e0 l&rsquo;unit\u00e9: 4,3\u00a0cm<\/li>\n<p>_x000D_n \t<\/p>\n<li>Ecartement du mur: 3,5 cm<\/li>\n<p>_x000D_n<\/ul>\n","protected":false},"excerpt":{"rendered":"<p>Lot de 6 jolies petites <strong>pat\u00e8res ventouses<\/strong> en forme de parties arri\u00e8res d&rsquo;<em><strong>animaux<\/strong><\/em>.\u00a0Elles comportent un syst\u00e8me d&rsquo;accrochage form\u00e9 des queues des animaux, kangourou, chien, tigre, oie, cheval, crocodile et des pattes arri\u00e8res.\u00a0Le design est simple et na\u00eff pour apporter une touche de couleur dans la salle de bain ou dans la cuisine.<\/p>\n","protected":false},"featured_media":997,"comment_status":"closed","ping_status":"open","template":"","meta":[],"product_cat":[20,17],"product_tag":[31],"class_list":["post-113","product","type-product","status-publish","has-post-thumbnail","hentry","product_cat-cuisine","product_cat-salle-de-bain","product_tag-crochet-patere-patere-design-patere-murale-patere-porte-pateres-porte-manteau-porte-serviette-porte-torchon","description-off"],"_links":{"self":[{"href":"https:\/\/roulettes.vaniseo.top\/index.php\/wp-json\/wp\/v2\/product\/113","targetHints":{"allow":["GET"]}}],"collection":[{"href":"https:\/\/roulettes.vaniseo.top\/index.php\/wp-json\/wp\/v2\/product"}],"about":[{"href":"https:\/\/roulettes.vaniseo.top\/index.php\/wp-json\/wp\/v2\/types\/product"}],"replies":[{"embeddable":true,"href":"https:\/\/roulettes.vaniseo.top\/index.php\/wp-json\/wp\/v2\/comments?post=113"}],"version-history":[{"count":0,"href":"https:\/\/roulettes.vaniseo.top\/index.php\/wp-json\/wp\/v2\/product\/113\/revisions"}],"wp:featuredmedia":[{"embeddable":true,"href":"https:\/\/roulettes.vaniseo.top\/index.php\/wp-json\/wp\/v2\/media\/997"}],"wp:attachment":[{"href":"https:\/\/roulettes.vaniseo.top\/index.php\/wp-json\/wp\/v2\/media?parent=113"}],"wp:term":[{"taxonomy":"product_cat","embeddable":true,"href":"https:\/\/roulettes.vaniseo.top\/index.php\/wp-json\/wp\/v2\/product_cat?post=113"},{"taxonomy":"product_tag","embeddable":true,"href":"https:\/\/roulettes.vaniseo.top\/index.php\/wp-json\/wp\/v2\/product_tag?post=113"}],"curies":[{"name":"wp","href":"https:\/\/api.w.org\/{rel}","templated":true}]}}