{"id":114,"date":"2022-04-04T16:20:18","date_gmt":"2022-04-04T14:20:18","guid":{"rendered":"https:\/\/roulettes.vaniseo.top\/index.php\/produit\/lot-de-4-porte-torchons-autocollants-acier-inoxydable\/"},"modified":"2022-04-04T17:13:20","modified_gmt":"2022-04-04T15:13:20","slug":"lot-de-4-porte-torchons-autocollants-acier-inoxydable","status":"publish","type":"product","link":"https:\/\/roulettes.vaniseo.top\/index.php\/produit\/lot-de-4-porte-torchons-autocollants-acier-inoxydable\/","title":{"rendered":"Lot de 4 porte-torchons autocollants acier inoxydable"},"content":{"rendered":"<h4>Lot de 4 jolies petites\u00a0<strong>pat\u00e8res simples<\/strong> <em><strong>autocollantes.<\/strong><\/em><\/h4>\n<p>_x000D_nLot de <strong>4 porte-torchons<\/strong> autocollants <em><strong>acier inoxydable<\/strong><\/em> id\u00e9al\u00a0pour accrocher torchons, maniques, serviettes ou gants._x000D_n_x000D_nCe lot de 4 porte-torchons en acier se placera \u00e0 l&rsquo;int\u00e9rieur des placards ou sur le carrelage dans les univers de la cuisine comme de la salle de bain._x000D_n_x000D_nIls sont \u00e0 coller partout o\u00f9 vous en avez besoin._x000D_n_x000D_nCompos\u00e9s d&rsquo;un\u00a0crochet simple en acier inoxydable et d&rsquo;un syst\u00e8me d&rsquo;accrochage avec un patin autocollant._x000D_n_x000D_nIls s&rsquo;adapteront et apporteront une touche de modernit\u00e9\u00a0\u00e0 votre univers._x000D_n_x000D_nFacile \u00e0 poser, ils ne n\u00e9cessitent aucun outils._x000D_n<\/p>\n<h4>Dimensions :<\/h4>\n<p>_x000D_n<\/p>\n<ul>_x000D_n \t<\/p>\n<li>La pat\u00e8re 3,5 cm X 1,5 cm<\/li>\n<p>_x000D_n \t<\/p>\n<li>\u00e9cartement maxi 1,5 cm<\/li>\n<p>_x000D_n<\/ul>\n","protected":false},"excerpt":{"rendered":"<p>Lot de 4 jolies petites <strong>pat\u00e8res simples<\/strong> <em><strong>autocollantes<\/strong><\/em> id\u00e9ales pour accrocher torchons, maniques, serviettes ou gants.\u00a0Ce lot de 4 porte-torchon autocollants acier inoxydable se placera \u00e0 l&rsquo;int\u00e9rieur des placards ou sur le carrelage dans les univers de la cuisine comme de la salle de bain.\u00a0Ils sont \u00e0 coller partout o\u00f9 vous en avez besoin.<\/p>\n","protected":false},"featured_media":999,"comment_status":"closed","ping_status":"open","template":"","meta":[],"product_cat":[20,17,23],"product_tag":[31],"class_list":["post-114","product","type-product","status-publish","has-post-thumbnail","hentry","product_cat-cuisine","product_cat-salle-de-bain","product_cat-toilette-wc","product_tag-crochet-patere-patere-design-patere-murale-patere-porte-pateres-porte-manteau-porte-serviette-porte-torchon","description-off"],"_links":{"self":[{"href":"https:\/\/roulettes.vaniseo.top\/index.php\/wp-json\/wp\/v2\/product\/114","targetHints":{"allow":["GET"]}}],"collection":[{"href":"https:\/\/roulettes.vaniseo.top\/index.php\/wp-json\/wp\/v2\/product"}],"about":[{"href":"https:\/\/roulettes.vaniseo.top\/index.php\/wp-json\/wp\/v2\/types\/product"}],"replies":[{"embeddable":true,"href":"https:\/\/roulettes.vaniseo.top\/index.php\/wp-json\/wp\/v2\/comments?post=114"}],"version-history":[{"count":0,"href":"https:\/\/roulettes.vaniseo.top\/index.php\/wp-json\/wp\/v2\/product\/114\/revisions"}],"wp:featuredmedia":[{"embeddable":true,"href":"https:\/\/roulettes.vaniseo.top\/index.php\/wp-json\/wp\/v2\/media\/999"}],"wp:attachment":[{"href":"https:\/\/roulettes.vaniseo.top\/index.php\/wp-json\/wp\/v2\/media?parent=114"}],"wp:term":[{"taxonomy":"product_cat","embeddable":true,"href":"https:\/\/roulettes.vaniseo.top\/index.php\/wp-json\/wp\/v2\/product_cat?post=114"},{"taxonomy":"product_tag","embeddable":true,"href":"https:\/\/roulettes.vaniseo.top\/index.php\/wp-json\/wp\/v2\/product_tag?post=114"}],"curies":[{"name":"wp","href":"https:\/\/api.w.org\/{rel}","templated":true}]}}