{"id":116,"date":"2022-04-04T16:20:22","date_gmt":"2022-04-04T14:20:22","guid":{"rendered":"https:\/\/roulettes.vaniseo.top\/index.php\/produit\/patere-design-en-forme-de-manche-de-guitare-electrique\/"},"modified":"2022-04-04T17:13:28","modified_gmt":"2022-04-04T15:13:28","slug":"patere-design-en-forme-de-manche-de-guitare-electrique","status":"publish","type":"product","link":"https:\/\/roulettes.vaniseo.top\/index.php\/produit\/patere-design-en-forme-de-manche-de-guitare-electrique\/","title":{"rendered":"Pat\u00e8re design en forme de manche de guitare \u00e9lectrique"},"content":{"rendered":"<h4>Porte-manteau guitare \u00e9lectrique en r\u00e9sine.<\/h4>\n<p>_x000D_nBelle pat\u00e8re design en forme de manche de <strong>guitare \u00e9lectrique<\/strong>._x000D_n_x000D_nEn <em><strong>r\u00e9sine<\/strong><\/em> peinte, elle reste un d\u00e9cors de chambre id\u00e9al._x000D_n_x000D_nElle est \u00e0 poser dans la chambre ou dans l&rsquo;entr\u00e9e\u00a0pour ne plus voir trainer ses affaires._x000D_n_x000D_nCompos\u00e9e d&rsquo;un crochet m\u00e9tal avec une petite boule \u00e0 l&rsquo;extr\u00e9mit\u00e9 pour ne pas abimer les affaires, elle comporte un syst\u00e8me d&rsquo;accrochage au dos non visible en m\u00e9tal dor\u00e9._x000D_n_x000D_nLe d\u00e9cor est original et de tr\u00e8s belle qualit\u00e9._x000D_n_x000D_nElle tient au mur avec un crochet de votre choix._x000D_n<\/p>\n<h4>Dimensions :<\/h4>\n<p>_x000D_n<\/p>\n<ul>_x000D_n \t<\/p>\n<li>Le manche de guitare est de dimension 7 cm X 15 cm<\/li>\n<p>_x000D_n \t<\/p>\n<li>Avec le crochet Hauteur = 19,5 cm<\/li>\n<p>_x000D_n \t<\/p>\n<li>Ecartement du mur 4 cm<\/li>\n<p>_x000D_n<\/ul>\n","protected":false},"excerpt":{"rendered":"<p>Belle pat\u00e8re manche de <strong>guitare \u00e9lectrique<\/strong>.\u00a0Elle est en <em><strong>r\u00e9sine<\/strong><\/em>, \u00e0 poser dans la chambre ou dans l&rsquo;entr\u00e9e pour ne plus voir trainer ses affaires. Ce porte-manteau est id\u00e9al dans la chambre ou dans l&rsquo;entr\u00e9e. Sa fixation est facile et non visible mais n\u00e9cessite l&rsquo;usage d&rsquo;une perceuse. Une fois fix\u00e9, il permet de supporter un poids d&rsquo;environ 5 kg.<\/p>\n","protected":false},"featured_media":1002,"comment_status":"closed","ping_status":"open","template":"","meta":[],"product_cat":[29,16],"product_tag":[27],"class_list":["post-116","product","type-product","status-publish","has-post-thumbnail","hentry","product_cat-chambre-adulte","product_cat-chambre-enfant","product_tag-crochet-patere-patere-design-patere-murale-patere-porte-pateres-porte-serviette-porte-torchon-vestiaire","description-off"],"_links":{"self":[{"href":"https:\/\/roulettes.vaniseo.top\/index.php\/wp-json\/wp\/v2\/product\/116","targetHints":{"allow":["GET"]}}],"collection":[{"href":"https:\/\/roulettes.vaniseo.top\/index.php\/wp-json\/wp\/v2\/product"}],"about":[{"href":"https:\/\/roulettes.vaniseo.top\/index.php\/wp-json\/wp\/v2\/types\/product"}],"replies":[{"embeddable":true,"href":"https:\/\/roulettes.vaniseo.top\/index.php\/wp-json\/wp\/v2\/comments?post=116"}],"version-history":[{"count":0,"href":"https:\/\/roulettes.vaniseo.top\/index.php\/wp-json\/wp\/v2\/product\/116\/revisions"}],"wp:featuredmedia":[{"embeddable":true,"href":"https:\/\/roulettes.vaniseo.top\/index.php\/wp-json\/wp\/v2\/media\/1002"}],"wp:attachment":[{"href":"https:\/\/roulettes.vaniseo.top\/index.php\/wp-json\/wp\/v2\/media?parent=116"}],"wp:term":[{"taxonomy":"product_cat","embeddable":true,"href":"https:\/\/roulettes.vaniseo.top\/index.php\/wp-json\/wp\/v2\/product_cat?post=116"},{"taxonomy":"product_tag","embeddable":true,"href":"https:\/\/roulettes.vaniseo.top\/index.php\/wp-json\/wp\/v2\/product_tag?post=116"}],"curies":[{"name":"wp","href":"https:\/\/api.w.org\/{rel}","templated":true}]}}