{"id":118,"date":"2022-04-04T16:20:22","date_gmt":"2022-04-04T14:20:22","guid":{"rendered":"https:\/\/roulettes.vaniseo.top\/index.php\/produit\/crochet-mural-decoratif-en-resine-disque-vinyle\/"},"modified":"2022-04-04T17:13:39","modified_gmt":"2022-04-04T15:13:39","slug":"crochet-mural-decoratif-en-resine-disque-vinyle","status":"publish","type":"product","link":"https:\/\/roulettes.vaniseo.top\/index.php\/produit\/crochet-mural-decoratif-en-resine-disque-vinyle\/","title":{"rendered":"Crochet mural decoratif en r\u00e9sine disque vinyle"},"content":{"rendered":"<h3>Porte manteau disque vinyle vintage design en r\u00e9sine<\/h3>\n<p>_x000D_n<strong>1001 Pat\u00e8res,\u00a0n\u00b01 en France de vente en ligne de pat\u00e8res\u00a0<\/strong>via son site marchand, vous propose un <strong>crochet mural decoratif en r\u00e9sine, en forme de disque vinyle<\/strong>. D\u00e9couvrez donc ci dessous l\u2019ensemble de ses informations techniques et d\u00e9coratives._x000D_n_x000D_nComme vous avez pu le constater sur ce site, 1001 Pat\u00e8res est un sp\u00e9cialiste en porte manteaux. En tant qu\u2019expert, il d\u00e9niche les <strong>meilleures r\u00e9f\u00e9rences dans le monde entier<\/strong>. Son objectif est de maximiser les possibilit\u00e9s de styles et de rangement pour tous les budgets. <strong>Soutenez donc ce site fran\u00e7ais<\/strong>, pour r\u00e9duire frais et d\u00e9lai de livraison!_x000D_n_x000D_nPar ailleurs, ci-contre, dans l\u2019objectif de cr\u00e9er une\u00a0<strong>v\u00e9ritable d\u00e9co musicale vintage<\/strong>, 1001 Pat\u00e8res propose un disque vinyle vintage. Dans le m\u00eame esprit, retrouvez sur ce site d&rsquo;autres mod\u00e8les en r\u00e9sine comme la <a href=\"https:\/\/1001pateres.com\/produit\/patere-design-et-deco-en-forme-de-camera-de-cinema\/\">cam\u00e9ra de cin\u00e9ma<\/a>, mais aussi la <a href=\"https:\/\/1001pateres.com\/produit\/patere-design-et-deco-en-forme-de-bobine-de-cinema\/\">bobine de cin\u00e9ma<\/a>,\u00a0la <a href=\"https:\/\/1001pateres.com\/produit\/patere-design-et-deco-en-forme-de-cassette-audio-vintage\/\">cassette audio<\/a>\u00a0ou encore la <a href=\"https:\/\/1001pateres.com\/produit\/patere-design-et-deco-en-forme-de-disquette-vintage\/\">disquette d&rsquo;ordinateur<\/a>. L\u2019ensemble convient donc parfaitement aux <strong>passionn\u00e9s d\u2019objets musicaux vintage<\/strong>._x000D_n_x000D_n&nbsp;_x000D_n<\/p>\n<h3>Crochet mural decoratif en r\u00e9sine disque vinyle<\/h3>\n<p>_x000D_nSp\u00e9cifiquement ici, le porte manteau disque vinyle vintage est en <strong>r\u00e9sine<\/strong>. Il dispose d\u2019un <strong>crochet en m\u00e9tal<\/strong>\u00a0noir avec une petite boule \u00e0 son extr\u00e9mit\u00e9 pour ne pas marquer les affaires suspendues. L&rsquo;ensemble peut supporter une charge de maximum 5 kg._x000D_n_x000D_nPour sa fixation, le syst\u00e8me d\u2019installation se situe au dos, en <strong>m\u00e9tal dor\u00e9<\/strong>.\u00a0Il inclut vis, plaque et cheville mais n\u00e9cessite une perceuse.\u00a0Pr\u00e9f\u00e9rez une fixation<strong>\u00a0sur un mur clair<\/strong> pour contraster avec ses couleurs fonc\u00e9es noire et rouge. Et, pensez \u00e0 tenir compte de ses <strong>dimensions<\/strong> ci dessous, notamment dans le cas o\u00f9 vous souhaitez en mettre plusieurs:_x000D_n<\/p>\n<ul>_x000D_n \t<\/p>\n<li>Pat\u00e8re murale d\u00e9corative en r\u00e9sine: 8,7 cm<\/li>\n<p>_x000D_n \t<\/p>\n<li>Hauteur totale avec le crochet: 15,5 cm<\/li>\n<p>_x000D_n \t<\/p>\n<li>Ecartement du mur: 4 cm<\/li>\n<p>_x000D_n<\/ul>\n<p>_x000D_nPour finir, nos clients ont ador\u00e9 cet objet pour son int\u00e9gration rapide et facile \u00e0 tout\u00a0bureau, entr\u00e9e, couloir etc.<\/p>\n","protected":false},"excerpt":{"rendered":"<p>Belle pat\u00e8re en forme de <strong>disque vinyle <em>vintage<\/em><\/strong>. Elle est en r\u00e9sine et permet de r\u00e9sister \u00e0 un poids d&rsquo;environ 5 kg.\u00a0Elle est \u00e0 poser dans la chambre ou dans l&rsquo;entr\u00e9e pour ne plus voir trainer ses affaires ou \u00e0 positionner simplement en d\u00e9coration vintage.<\/p>\n","protected":false},"featured_media":1006,"comment_status":"closed","ping_status":"open","template":"","meta":[],"product_cat":[29,32],"product_tag":[27],"class_list":["post-118","product","type-product","status-publish","has-post-thumbnail","hentry","product_cat-chambre-adulte","product_cat-entree-sejour","product_tag-crochet-patere-patere-design-patere-murale-patere-porte-pateres-porte-serviette-porte-torchon-vestiaire","description-off"],"_links":{"self":[{"href":"https:\/\/roulettes.vaniseo.top\/index.php\/wp-json\/wp\/v2\/product\/118","targetHints":{"allow":["GET"]}}],"collection":[{"href":"https:\/\/roulettes.vaniseo.top\/index.php\/wp-json\/wp\/v2\/product"}],"about":[{"href":"https:\/\/roulettes.vaniseo.top\/index.php\/wp-json\/wp\/v2\/types\/product"}],"replies":[{"embeddable":true,"href":"https:\/\/roulettes.vaniseo.top\/index.php\/wp-json\/wp\/v2\/comments?post=118"}],"version-history":[{"count":0,"href":"https:\/\/roulettes.vaniseo.top\/index.php\/wp-json\/wp\/v2\/product\/118\/revisions"}],"wp:featuredmedia":[{"embeddable":true,"href":"https:\/\/roulettes.vaniseo.top\/index.php\/wp-json\/wp\/v2\/media\/1006"}],"wp:attachment":[{"href":"https:\/\/roulettes.vaniseo.top\/index.php\/wp-json\/wp\/v2\/media?parent=118"}],"wp:term":[{"taxonomy":"product_cat","embeddable":true,"href":"https:\/\/roulettes.vaniseo.top\/index.php\/wp-json\/wp\/v2\/product_cat?post=118"},{"taxonomy":"product_tag","embeddable":true,"href":"https:\/\/roulettes.vaniseo.top\/index.php\/wp-json\/wp\/v2\/product_tag?post=118"}],"curies":[{"name":"wp","href":"https:\/\/api.w.org\/{rel}","templated":true}]}}