{"id":120,"date":"2022-04-04T16:20:22","date_gmt":"2022-04-04T14:20:22","guid":{"rendered":"https:\/\/roulettes.vaniseo.top\/index.php\/produit\/patere-murale-decorative-en-resine-disquette-vintage\/"},"modified":"2022-04-04T17:13:55","modified_gmt":"2022-04-04T15:13:55","slug":"patere-murale-decorative-en-resine-disquette-vintage","status":"publish","type":"product","link":"https:\/\/roulettes.vaniseo.top\/index.php\/produit\/patere-murale-decorative-en-resine-disquette-vintage\/","title":{"rendered":"Patere murale decorative en r\u00e9sine disquette vintage"},"content":{"rendered":"<h3>Porte manteau cassette audio vintage design en r\u00e9sine<\/h3>\n<p>_x000D_n<strong>1001 Pat\u00e8res,\u00a0n\u00b01 en France de vente de pat\u00e8res et de porte manteaux<\/strong> via son site marchand, vous propose une\u00a0<strong>patere murale decorative en r\u00e9sine<\/strong>\u00a0en forme de <strong>disquette vintage.<\/strong>_x000D_n_x000D_nEn effet, d\u00e9couvrez ci dessous l\u2019ensemble des informations techniques et d\u00e9coratives de cette r\u00e9f\u00e9rence._x000D_n_x000D_nComme vous avez pu le constater sur ce site, 1001 Pat\u00e8res est le sp\u00e9cialiste de cette branche. En tant qu&rsquo;expert, il d\u00e9niche depuis de nombreuses ann\u00e9es les <strong>meilleurs rapports qualit\u00e9 prix de pat\u00e8res dans le monde entier<\/strong>. Il\u00a0maximise les possibilit\u00e9s de styles et de rangement quelque soit le budget. <strong>Soutenez donc ce site fran\u00e7ais<\/strong>, pour r\u00e9duire frais et d\u00e9lai de livraison et pour profiter du meilleur de ce qui se fait aujourd\u2019hui en terme de porte manteaux._x000D_n_x000D_nPar ailleurs, ci-contre, dans l\u2019objectif de cr\u00e9er une\u00a0<strong>v\u00e9ritable d\u00e9co vintage<\/strong>, 1001 Pat\u00e8res propose une disquette d&rsquo;ordinateur. Sachez qu\u2019il existe \u00e9galement dans le m\u00eame esprit la <a href=\"https:\/\/1001pateres.com\/produit\/patere-design-et-deco-en-forme-de-camera-de-cinema\/\">cam\u00e9ra de cin\u00e9ma<\/a>, mais aussi la <a href=\"https:\/\/1001pateres.com\/produit\/patere-design-et-deco-en-forme-de-bobine-de-cinema\/\">bobine de cin\u00e9ma<\/a>,\u00a0la <a href=\"https:\/\/1001pateres.com\/produit\/patere-design-et-deco-en-forme-de-cassette-audio-vintage\/\">cassette audio<\/a>\u00a0et le <a href=\"https:\/\/1001pateres.com\/produit\/patere-design-et-deco-en-forme-de-disque-vinyle\/\">disque vinyle<\/a>. L\u2019ensemble convient donc parfaitement aux <strong>passionn\u00e9s d&rsquo;informatique et d\u2019objets vintage<\/strong>._x000D_n_x000D_n&nbsp;_x000D_n<\/p>\n<h3>Patere murale decorative en r\u00e9sine : disquette vintage<\/h3>\n<p>_x000D_nSp\u00e9cifiquement ici, le porte manteau disquette vintage est en <strong>r\u00e9sine<\/strong>. Il dispose d\u2019un <strong>crochet en m\u00e9tal<\/strong>\u00a0noir avec une petite boule \u00e0 son extr\u00e9mit\u00e9 pour ne pas marquer ce qui y est suspendu._x000D_n_x000D_nPour sa fixation, l\u2019ensemble du syst\u00e8me d\u2019installation se situe au dos, en <strong>m\u00e9tal dor\u00e9<\/strong>.\u00a0Il inclut vis, plaque et cheville mais n\u00e9cessite l\u2019usage d&rsquo;une perceuse.\u00a0Pr\u00e9f\u00e9rez une fixation<strong>\u00a0sur un mur clair<\/strong> pour contraster avec ses coloris fonc\u00e9s. Et, pensez \u00e0 tenir compte de ses <strong>dimensions<\/strong> ci dessous, notamment dans le cas o\u00f9 vous souhaitez en mettre plusieurs:_x000D_n<\/p>\n<ul>_x000D_n \t<\/p>\n<li>Pat\u00e8re murale d\u00e9corative en r\u00e9sine: 7,7 cm X 7,5 cm<\/li>\n<p>_x000D_n \t<\/p>\n<li>Hauteur totale avec le crochet: 15 cm<\/li>\n<p>_x000D_n \t<\/p>\n<li>Ecartement du mur: 4 cm<\/li>\n<p>_x000D_n<\/ul>\n<p>_x000D_nPour finir, vous adorerez cet objet vraiment facile \u00e0 int\u00e9grer \u00e0 tout\u00a0bureau, entr\u00e9e, couloir etc.<\/p>\n","protected":false},"excerpt":{"rendered":"<p>Belle pat\u00e8re en forme de <strong>disquette<\/strong>\u00a0<em><strong>vintage<\/strong><\/em>.\u00a0Elle est en r\u00e9sine et peut r\u00e9sister \u00e0 un poids d&rsquo;environ 5 kg.\u00a0Elle est \u00e0 poser dans la chambre ou dans l&rsquo;entr\u00e9e pour ne plus voir trainer ses affaires ou \u00e0 positionner en d\u00e9coration vintage.<\/p>\n","protected":false},"featured_media":1012,"comment_status":"closed","ping_status":"open","template":"","meta":[],"product_cat":[29,16],"product_tag":[27],"class_list":["post-120","product","type-product","status-publish","has-post-thumbnail","hentry","product_cat-chambre-adulte","product_cat-chambre-enfant","product_tag-crochet-patere-patere-design-patere-murale-patere-porte-pateres-porte-serviette-porte-torchon-vestiaire","description-off"],"_links":{"self":[{"href":"https:\/\/roulettes.vaniseo.top\/index.php\/wp-json\/wp\/v2\/product\/120","targetHints":{"allow":["GET"]}}],"collection":[{"href":"https:\/\/roulettes.vaniseo.top\/index.php\/wp-json\/wp\/v2\/product"}],"about":[{"href":"https:\/\/roulettes.vaniseo.top\/index.php\/wp-json\/wp\/v2\/types\/product"}],"replies":[{"embeddable":true,"href":"https:\/\/roulettes.vaniseo.top\/index.php\/wp-json\/wp\/v2\/comments?post=120"}],"version-history":[{"count":0,"href":"https:\/\/roulettes.vaniseo.top\/index.php\/wp-json\/wp\/v2\/product\/120\/revisions"}],"wp:featuredmedia":[{"embeddable":true,"href":"https:\/\/roulettes.vaniseo.top\/index.php\/wp-json\/wp\/v2\/media\/1012"}],"wp:attachment":[{"href":"https:\/\/roulettes.vaniseo.top\/index.php\/wp-json\/wp\/v2\/media?parent=120"}],"wp:term":[{"taxonomy":"product_cat","embeddable":true,"href":"https:\/\/roulettes.vaniseo.top\/index.php\/wp-json\/wp\/v2\/product_cat?post=120"},{"taxonomy":"product_tag","embeddable":true,"href":"https:\/\/roulettes.vaniseo.top\/index.php\/wp-json\/wp\/v2\/product_tag?post=120"}],"curies":[{"name":"wp","href":"https:\/\/api.w.org\/{rel}","templated":true}]}}