{"id":121,"date":"2022-04-04T16:20:22","date_gmt":"2022-04-04T14:20:22","guid":{"rendered":"https:\/\/roulettes.vaniseo.top\/index.php\/produit\/patere-murale-decorative-en-resine-bobine-de-cinema\/"},"modified":"2022-04-04T17:14:01","modified_gmt":"2022-04-04T15:14:01","slug":"patere-murale-decorative-en-resine-bobine-de-cinema","status":"publish","type":"product","link":"https:\/\/roulettes.vaniseo.top\/index.php\/produit\/patere-murale-decorative-en-resine-bobine-de-cinema\/","title":{"rendered":"Patere murale decorative en r\u00e9sine bobine de cin\u00e9ma"},"content":{"rendered":"<h3>Porte manteau bobine de cin\u00e9ma vintage design en r\u00e9sine<\/h3>\n<p>_x000D_n<strong>1001 Pat\u00e8res<\/strong> vous propose de d\u00e9couvrir ici toutes les informations concernant la <strong>patere murale decorative en r\u00e9sine bobine de cin\u00e9ma<\/strong>._x000D_n_x000D_nEn effet, 1001 Pat\u00e8res est le <strong>n\u00b01 en France de vente de pat\u00e8res et de porte manteaux<\/strong> via son site marchand. Ce sp\u00e9cialiste est aujourd&rsquo;hui reconnu pour d\u00e9nicher aux 4 coins du monde les <strong>meilleurs rapports qualit\u00e9 prix<\/strong>. Il\u00a0maximise les possibilit\u00e9s de styles et de rangement quelque soit le budget._x000D_n_x000D_nAinsi, ci-contre, dans l&rsquo;objectif de cr\u00e9er une\u00a0<strong>v\u00e9ritable d\u00e9co cin\u00e9ma<\/strong>, il propose une bobine. Sachez qu\u2019il existe \u00e9galement dans le m\u00eame esprit la <a href=\"https:\/\/1001pateres.com\/produit\/patere-design-et-deco-en-forme-de-camera-de-cinema\/\">cam\u00e9ra de cin\u00e9ma<\/a>, mais aussi la <a href=\"https:\/\/1001pateres.com\/produit\/patere-design-et-deco-en-forme-de-cassette-audio-vintage\/\">cassette audio<\/a>, la <a href=\"https:\/\/1001pateres.com\/produit\/patere-design-et-deco-en-forme-de-disquette-vintage\/\">disquette<\/a> et le <a href=\"https:\/\/1001pateres.com\/produit\/patere-design-et-deco-en-forme-de-disque-vinyle\/\">disque vinyle<\/a>. L\u2019ensemble convient donc pour r\u00e9aliser un <strong>d\u00e9cor parfaitement vintage<\/strong>!_x000D_n_x000D_n&nbsp;_x000D_n<\/p>\n<h3>Patere murale decorative en r\u00e9sine : bobine de cin\u00e9ma<\/h3>\n<p>_x000D_nPar ailleurs, ci-contre, le porte manteau bobine de cin\u00e9ma vintage\u00a0est en <strong>r\u00e9sine<\/strong>. Il dispose d&rsquo;un <strong>crochet en m\u00e9tal<\/strong> avec une petite boule blanche \u00e0 son extr\u00e9mit\u00e9 pour ne pas marquer les v\u00eatements et autres accessoires suspendus._x000D_n_x000D_nC\u00f4t\u00e9 installation, l&rsquo;ensemble du syst\u00e8me d\u2019accrochage est discret, au dos, en <strong>m\u00e9tal dor\u00e9<\/strong>.\u00a0Il inclut vis, plaque et cheville. Toutefois, sa pose n\u00e9cessite l\u2019utilisation de votre propre perceuse._x000D_n_x000D_nEnfin, l&rsquo;association du style vintage et de cette tr\u00e8s belle qualit\u00e9 de cr\u00e9ation en r\u00e9sine vous permettra de facilement l&rsquo;int\u00e9grer \u00e0 un bureau, une entr\u00e9e, un couloir, ou encore une chambre. Cet objet est juste parfait pour <strong>compl\u00e9ter un th\u00e8me d\u00e9coratif<\/strong>\u00a0vintage ou de cin\u00e9phile._x000D_n_x000D_nA noter qu&rsquo;il est pr\u00e9f\u00e9rable de l&rsquo;installer<strong>\u00a0sur un mur clair<\/strong> pour contraster avec son coloris noir. Et, pensez \u00e0 tenir compte de ses <strong>dimensions<\/strong> ci dessous, notamment dans le cas o\u00f9 vous souhaitez en mettre plusieurs:_x000D_n<\/p>\n<ul>_x000D_n \t<\/p>\n<li>Pat\u00e8re murale d\u00e9corative en r\u00e9sine 9 cm<\/li>\n<p>_x000D_n \t<\/p>\n<li>Hauteur totale avec le crochet: 14,7 cm<\/li>\n<p>_x000D_n \t<\/p>\n<li>Ecartement du mur: 4 cm<\/li>\n<p>_x000D_n<\/ul>\n","protected":false},"excerpt":{"rendered":"<p>Belle pat\u00e8re en forme de <em><strong>bobine pour le cin\u00e9ma<\/strong><\/em>. En <strong>r\u00e9sine<\/strong>, elle supporte des poids pouvant aller jusqu&rsquo;a 5 kg.\u00a0Elle est \u00e0 poser dans la chambre ou dans l&rsquo;entr\u00e9e pour ne plus voir trainer ses affaires. Facile \u00e0 poser, elle n\u00e9cessite l&rsquo;usage d&rsquo;une perceuse.<\/p>\n","protected":false},"featured_media":1015,"comment_status":"closed","ping_status":"open","template":"","meta":[],"product_cat":[29,16],"product_tag":[27],"class_list":["post-121","product","type-product","status-publish","has-post-thumbnail","hentry","product_cat-chambre-adulte","product_cat-chambre-enfant","product_tag-crochet-patere-patere-design-patere-murale-patere-porte-pateres-porte-serviette-porte-torchon-vestiaire","description-off"],"_links":{"self":[{"href":"https:\/\/roulettes.vaniseo.top\/index.php\/wp-json\/wp\/v2\/product\/121","targetHints":{"allow":["GET"]}}],"collection":[{"href":"https:\/\/roulettes.vaniseo.top\/index.php\/wp-json\/wp\/v2\/product"}],"about":[{"href":"https:\/\/roulettes.vaniseo.top\/index.php\/wp-json\/wp\/v2\/types\/product"}],"replies":[{"embeddable":true,"href":"https:\/\/roulettes.vaniseo.top\/index.php\/wp-json\/wp\/v2\/comments?post=121"}],"version-history":[{"count":0,"href":"https:\/\/roulettes.vaniseo.top\/index.php\/wp-json\/wp\/v2\/product\/121\/revisions"}],"wp:featuredmedia":[{"embeddable":true,"href":"https:\/\/roulettes.vaniseo.top\/index.php\/wp-json\/wp\/v2\/media\/1015"}],"wp:attachment":[{"href":"https:\/\/roulettes.vaniseo.top\/index.php\/wp-json\/wp\/v2\/media?parent=121"}],"wp:term":[{"taxonomy":"product_cat","embeddable":true,"href":"https:\/\/roulettes.vaniseo.top\/index.php\/wp-json\/wp\/v2\/product_cat?post=121"},{"taxonomy":"product_tag","embeddable":true,"href":"https:\/\/roulettes.vaniseo.top\/index.php\/wp-json\/wp\/v2\/product_tag?post=121"}],"curies":[{"name":"wp","href":"https:\/\/api.w.org\/{rel}","templated":true}]}}