{"id":125,"date":"2022-04-04T16:20:22","date_gmt":"2022-04-04T14:20:22","guid":{"rendered":"https:\/\/roulettes.vaniseo.top\/index.php\/produit\/patere-bois-peint-poisson-orange\/"},"modified":"2022-04-04T17:14:24","modified_gmt":"2022-04-04T15:14:24","slug":"patere-bois-peint-poisson-orange","status":"publish","type":"product","link":"https:\/\/roulettes.vaniseo.top\/index.php\/produit\/patere-bois-peint-poisson-orange\/","title":{"rendered":"Pat\u00e8re bois peint poisson orange"},"content":{"rendered":"<h4>Jolie pat\u00e8re bois peint poisson orange.<\/h4>\n<p>_x000D_nPat\u00e8re bois peint <strong>poisson orange<\/strong> et au look rigolo._x000D_n_x000D_nCe joli mod\u00e8le de pat\u00e8re est en <em><strong>bois peint<\/strong><\/em> et en forme de poisson esquissant un joli sourire._x000D_n_x000D_nAussi, celle-ci comporte un crochet ainsi qu&rsquo; un syst\u00e8me d&rsquo;accrochage\u00a0en m\u00e9tal avec un embout form\u00e9 d&rsquo;une boule en bois de couleur jaune._x000D_n_x000D_nCela pour plus de s\u00e9curit\u00e9 pour les enfants et les v\u00eatements._x000D_n_x000D_nLe design est simple et na\u00eff et par cons\u00e9quent elle sera id\u00e9ale pour une chambre d\u2019enfant. \u00a0Elle d\u00e9corera s\u00fbrement avec go\u00fbt et simplicit\u00e9 la chambre._x000D_n_x000D_nElle tient au mur avec le crochet de votre choix._x000D_n<\/p>\n<h4>Dimensions :<\/h4>\n<p>_x000D_n<\/p>\n<ul>_x000D_n \t<\/p>\n<li>Le poisson\u00a0est de dimension 8 cm X 7 cm<\/li>\n<p>_x000D_n \t<\/p>\n<li>Avec le crochet Hauteur = 11 cm<\/li>\n<p>_x000D_n \t<\/p>\n<li>Ecartement du mur 4 cm<\/li>\n<p>_x000D_n<\/ul>\n","protected":false},"excerpt":{"rendered":"<p>Jolie pat\u00e8re <em><strong>bois peint<\/strong> <\/em>en forme de <strong>poisson orange<\/strong> rouge et jaune.\u00a0Le design est simple et na\u00eff id\u00e9al pour une chambre d\u2019enfant. Ce porte-manteau se pose facilement \u00e0 l&rsquo;aide d&rsquo;un petit crochet ou d&rsquo;une vis dans un mur et permet de supporter un poids d&rsquo;environ 3 kg.<\/p>\n","protected":false},"featured_media":1025,"comment_status":"closed","ping_status":"open","template":"","meta":[],"product_cat":[16],"product_tag":[27],"class_list":["post-125","product","type-product","status-publish","has-post-thumbnail","hentry","product_cat-chambre-enfant","product_tag-crochet-patere-patere-design-patere-murale-patere-porte-pateres-porte-serviette-porte-torchon-vestiaire","description-off"],"_links":{"self":[{"href":"https:\/\/roulettes.vaniseo.top\/index.php\/wp-json\/wp\/v2\/product\/125","targetHints":{"allow":["GET"]}}],"collection":[{"href":"https:\/\/roulettes.vaniseo.top\/index.php\/wp-json\/wp\/v2\/product"}],"about":[{"href":"https:\/\/roulettes.vaniseo.top\/index.php\/wp-json\/wp\/v2\/types\/product"}],"replies":[{"embeddable":true,"href":"https:\/\/roulettes.vaniseo.top\/index.php\/wp-json\/wp\/v2\/comments?post=125"}],"version-history":[{"count":0,"href":"https:\/\/roulettes.vaniseo.top\/index.php\/wp-json\/wp\/v2\/product\/125\/revisions"}],"wp:featuredmedia":[{"embeddable":true,"href":"https:\/\/roulettes.vaniseo.top\/index.php\/wp-json\/wp\/v2\/media\/1025"}],"wp:attachment":[{"href":"https:\/\/roulettes.vaniseo.top\/index.php\/wp-json\/wp\/v2\/media?parent=125"}],"wp:term":[{"taxonomy":"product_cat","embeddable":true,"href":"https:\/\/roulettes.vaniseo.top\/index.php\/wp-json\/wp\/v2\/product_cat?post=125"},{"taxonomy":"product_tag","embeddable":true,"href":"https:\/\/roulettes.vaniseo.top\/index.php\/wp-json\/wp\/v2\/product_tag?post=125"}],"curies":[{"name":"wp","href":"https:\/\/api.w.org\/{rel}","templated":true}]}}