{"id":126,"date":"2022-04-04T16:20:22","date_gmt":"2022-04-04T14:20:22","guid":{"rendered":"https:\/\/roulettes.vaniseo.top\/index.php\/produit\/3-porte-torchons-autocollants-plastique\/"},"modified":"2022-04-04T17:14:28","modified_gmt":"2022-04-04T15:14:28","slug":"3-porte-torchons-autocollants-plastique","status":"publish","type":"product","link":"https:\/\/roulettes.vaniseo.top\/index.php\/produit\/3-porte-torchons-autocollants-plastique\/","title":{"rendered":"3 porte-torchons autocollants plastique"},"content":{"rendered":"<h4>Lot de 3 porte-torchons autocollants pour cuisine.<\/h4>\n<p>_x000D_n<strong>3 porte-torchons<\/strong> <em><strong>autocollants<\/strong><\/em> plastique, ce lot se placera \u00e0 l&rsquo;int\u00e9rieur des placards ou sur le carrelage dans les univers de la cuisine comme de la salle de bain._x000D_n_x000D_nLot de 3 jolies petites\u00a0pat\u00e8res simples autocollantes id\u00e9ales pour accrocher torchons, maniques, serviettes ou gants._x000D_n_x000D_nIls sont \u00e0 coller partout o\u00f9 vous en avez besoin et\u00a0s&rsquo;adapteront et apporteront une touche de simplicit\u00e9\u00a0\u00e0 votre univers._x000D_n_x000D_nIls comportent un\u00a0crochet simple en acier et un syst\u00e8me d&rsquo;accrochage avec un patin autocollant._x000D_n_x000D_nFacile \u00e0 poser, ils ne n\u00e9cessitent aucun outils._x000D_n<\/p>\n<h4>Dimensions :<\/h4>\n<p>_x000D_n<\/p>\n<ul>_x000D_n \t<\/p>\n<li>La pat\u00e8re 5 cm X 2,5 cm<\/li>\n<p>_x000D_n \t<\/p>\n<li>\u00e9cartement maxi 1,5 cm<\/li>\n<p>_x000D_n<\/ul>\n","protected":false},"excerpt":{"rendered":"<p><strong>Lot de 3<\/strong> jolies petites pat\u00e8res simples <em><strong>autocollantes<\/strong><\/em> id\u00e9ales pour accrocher torchons, maniques, serviettes ou gants.\u00a0Ce lot de 3 porte-torchon autocollants plastique\u00a0se placera \u00e0 l&rsquo;int\u00e9rieur des placards ou sur le carrelage dans les univers de la cuisine comme de la salle de bain.\u00a0Ils sont \u00e0 coller partout o\u00f9 vous en avez besoin.<\/p>\n","protected":false},"featured_media":1027,"comment_status":"closed","ping_status":"open","template":"","meta":[],"product_cat":[20,23],"product_tag":[31],"class_list":["post-126","product","type-product","status-publish","has-post-thumbnail","hentry","product_cat-cuisine","product_cat-toilette-wc","product_tag-crochet-patere-patere-design-patere-murale-patere-porte-pateres-porte-manteau-porte-serviette-porte-torchon","description-off"],"_links":{"self":[{"href":"https:\/\/roulettes.vaniseo.top\/index.php\/wp-json\/wp\/v2\/product\/126","targetHints":{"allow":["GET"]}}],"collection":[{"href":"https:\/\/roulettes.vaniseo.top\/index.php\/wp-json\/wp\/v2\/product"}],"about":[{"href":"https:\/\/roulettes.vaniseo.top\/index.php\/wp-json\/wp\/v2\/types\/product"}],"replies":[{"embeddable":true,"href":"https:\/\/roulettes.vaniseo.top\/index.php\/wp-json\/wp\/v2\/comments?post=126"}],"version-history":[{"count":0,"href":"https:\/\/roulettes.vaniseo.top\/index.php\/wp-json\/wp\/v2\/product\/126\/revisions"}],"wp:featuredmedia":[{"embeddable":true,"href":"https:\/\/roulettes.vaniseo.top\/index.php\/wp-json\/wp\/v2\/media\/1027"}],"wp:attachment":[{"href":"https:\/\/roulettes.vaniseo.top\/index.php\/wp-json\/wp\/v2\/media?parent=126"}],"wp:term":[{"taxonomy":"product_cat","embeddable":true,"href":"https:\/\/roulettes.vaniseo.top\/index.php\/wp-json\/wp\/v2\/product_cat?post=126"},{"taxonomy":"product_tag","embeddable":true,"href":"https:\/\/roulettes.vaniseo.top\/index.php\/wp-json\/wp\/v2\/product_tag?post=126"}],"curies":[{"name":"wp","href":"https:\/\/api.w.org\/{rel}","templated":true}]}}