{"id":127,"date":"2022-04-04T16:20:22","date_gmt":"2022-04-04T14:20:22","guid":{"rendered":"https:\/\/roulettes.vaniseo.top\/index.php\/produit\/porte-manteau-mural-en-bois-avec-etagere-romantique\/"},"modified":"2022-04-04T17:14:32","modified_gmt":"2022-04-04T15:14:32","slug":"porte-manteau-mural-en-bois-avec-etagere-romantique","status":"publish","type":"product","link":"https:\/\/roulettes.vaniseo.top\/index.php\/produit\/porte-manteau-mural-en-bois-avec-etagere-romantique\/","title":{"rendered":"Porte manteau mural en bois avec \u00e9tag\u00e8re romantique"},"content":{"rendered":"<h3>Crochet double sur \u00e9tag\u00e8re murale romantique en bois blanc<\/h3>\n<p>_x000D_n1001 Pat\u00e8res vous pr\u00e9sente ici une version tr\u00e8s \u00e9l\u00e9gante de porte manteau mural en bois avec \u00e9tag\u00e8re de style romantique._x000D_n_x000D_nEn effet, ce site leader en France de vente en ligne de porte manteaux dispose non seulement de marques internationales de qualit\u00e9 mais aussi de ses propres r\u00e9f\u00e9rences. Avec cet ensemble, vous avez l&rsquo;opportunit\u00e9 de d\u00e9couvrir un vaste choix de styles pour la maison ou pour toute collectivit\u00e9._x000D_n_x000D_nD&rsquo;ailleurs, ci-contre il s&rsquo;agit d&rsquo;un mod\u00e8le d&rsquo;\u00e9tag\u00e8re<strong> romantique<\/strong>\u00a0<strong>en bois peint en blanc et avec deux crochets en\u00a0m\u00e9tal dor\u00e9<\/strong>. Ainsi, vous avez la possibilit\u00e9 de poser votre sac \u00e0 main, votre serviette, votre t\u00e9l\u00e9phone portable ou votre porte feuille sur l&rsquo;\u00e9tag\u00e8re et vos cl\u00e9s en dessous par exemple. Gr\u00e2ce \u00e0 ces deux zones, elle est \u00e9videmment polyvalente! Elle peut \u00eatre utilis\u00e9e dans de nombreuses pi\u00e8ces de maison, comme la chambre ou l&rsquo;entr\u00e9e._x000D_n_x000D_n&nbsp;_x000D_n<\/p>\n<h3>Installer le porte manteau mural en bois avec \u00e9tag\u00e8re romantique<\/h3>\n<p>_x000D_nPar ailleurs, sa douceur et sa belle qualit\u00e9 compl\u00e8teront tout int\u00e9rieur. Pour l&rsquo;installer, le porte manteau\u00a0comporte un syst\u00e8me d&rsquo;accrochage simple avec deux vis et deux chevilles. Les vis et les\u00a0chevilles sont fournies. Sa pose n\u00e9cessite l&rsquo;usage d&rsquo;une perceuse. Auparavant, celui-ci est \u00e0\u00a0monter soi-m\u00eame avec un syst\u00e8me simple de pr\u00e9-trous. Pensez \u00e0 tenir compte \u00e9galement de ses dimensions:_x000D_n<\/p>\n<ul>_x000D_n \t<\/p>\n<li>Etag\u00e8re en bois peint: 36 cm X 8 cm<\/li>\n<p>_x000D_n \t<\/p>\n<li>Hauteur maxi: 10 cm<\/li>\n<p>_x000D_n \t<\/p>\n<li>Ecartement du mur incluant les crochets dor\u00e9s: 2,1 cm<\/li>\n<p>_x000D_n<\/ul>\n<p>_x000D_nNos clients aiment la douceur et le <a href=\"https:\/\/1001pateres.com\/creer-une-ambiance-romantique-avec-des-pateres\/\">romantisme<\/a> de cette r\u00e9f\u00e9rence. Ceux-ci la choisissent pour sa facilit\u00e9 de mise ne place et la qualit\u00e9 de son bois peint ajour\u00e9. ce porte manteau mural en bois convient parfaitement par exemple \u00e0 un esprit <a href=\"https:\/\/1001pateres.com\/patere-en-bois-design-pour-chalet-montagne\/\">chalet de montagne<\/a>._x000D_n_x000D_nOptez pour une solution de rangement suppl\u00e9mentaire et compl\u00e9tez par la m\u00eame occasion votre d\u00e9coration!<\/p>\n","protected":false},"excerpt":{"rendered":"<p>Belle petite <strong>\u00e9tag\u00e8re romantique<\/strong> deux crochets en <em><strong>bois peint<\/strong><\/em>.\u00a0Cette pat\u00e8re double est \u00e0 poser dans la chambre ou dans l&rsquo;entr\u00e9e et permet \u00e0 la fois de servir de rangement pour les clefs mais aussi de poser porte-feuille ou t\u00e9l\u00e9phone portable.<\/p>\n","protected":false},"featured_media":1029,"comment_status":"closed","ping_status":"open","template":"","meta":[],"product_cat":[32],"product_tag":[25],"class_list":["post-127","product","type-product","status-publish","has-post-thumbnail","hentry","product_cat-entree-sejour","product_tag-crochet-patere-patere-design-patere-murale-patere-porte-pateres-porte-manteau-porte-serviette-porte-torchon-vestiaire","description-off"],"_links":{"self":[{"href":"https:\/\/roulettes.vaniseo.top\/index.php\/wp-json\/wp\/v2\/product\/127","targetHints":{"allow":["GET"]}}],"collection":[{"href":"https:\/\/roulettes.vaniseo.top\/index.php\/wp-json\/wp\/v2\/product"}],"about":[{"href":"https:\/\/roulettes.vaniseo.top\/index.php\/wp-json\/wp\/v2\/types\/product"}],"replies":[{"embeddable":true,"href":"https:\/\/roulettes.vaniseo.top\/index.php\/wp-json\/wp\/v2\/comments?post=127"}],"version-history":[{"count":0,"href":"https:\/\/roulettes.vaniseo.top\/index.php\/wp-json\/wp\/v2\/product\/127\/revisions"}],"wp:featuredmedia":[{"embeddable":true,"href":"https:\/\/roulettes.vaniseo.top\/index.php\/wp-json\/wp\/v2\/media\/1029"}],"wp:attachment":[{"href":"https:\/\/roulettes.vaniseo.top\/index.php\/wp-json\/wp\/v2\/media?parent=127"}],"wp:term":[{"taxonomy":"product_cat","embeddable":true,"href":"https:\/\/roulettes.vaniseo.top\/index.php\/wp-json\/wp\/v2\/product_cat?post=127"},{"taxonomy":"product_tag","embeddable":true,"href":"https:\/\/roulettes.vaniseo.top\/index.php\/wp-json\/wp\/v2\/product_tag?post=127"}],"curies":[{"name":"wp","href":"https:\/\/api.w.org\/{rel}","templated":true}]}}