{"id":128,"date":"2022-04-04T16:20:22","date_gmt":"2022-04-04T14:20:22","guid":{"rendered":"https:\/\/roulettes.vaniseo.top\/index.php\/produit\/porte-torchon-home-sweet-home-en-bois-a-3-crochets\/"},"modified":"2022-04-04T17:14:36","modified_gmt":"2022-04-04T15:14:36","slug":"porte-torchon-home-sweet-home-en-bois-a-3-crochets","status":"publish","type":"product","link":"https:\/\/roulettes.vaniseo.top\/index.php\/produit\/porte-torchon-home-sweet-home-en-bois-a-3-crochets\/","title":{"rendered":"Porte torchon Home Sweet Home en bois \u00e0 3 crochets"},"content":{"rendered":"<h3>Pat\u00e8re porte torchon ou porte v\u00eatement en bois avec pomme<\/h3>\n<p>_x000D_n<strong>1001<\/strong> <strong>Pat\u00e8res<\/strong> vous d\u00e9voile ci dessous toutes les informations concernant le <strong>porte torchon Home Sweet Home en bois \u00e0 3 crochets<\/strong>._x000D_n_x000D_nEn effet, 1001 Pat\u00e8res dispose \u00e0 la vente, sur son <strong>site n\u00b01 en France<\/strong>, de pat\u00e8res et porte manteaux issues de <strong>sa propre marque<\/strong>, comme de marques internationales. Vous avez donc v\u00e9ritablement la possibilit\u00e9 de trouver votre bonheur!_x000D_n_x000D_nD&rsquo;ailleurs, ici, vous aimerez la <strong>l\u00e9g\u00e8ret\u00e9<\/strong> et l&rsquo;<strong>originalit\u00e9<\/strong> de ce porte torchon. En <strong>bois<\/strong>, la premi\u00e8re ligne propose en \u00e9criture rouge le mot HOME, puis son support inf\u00e9rieur blanc encadr\u00e9 de vert reprend les mots <em>sweet home<\/em> en italique noir. En alternance de ces 2 mots, retrouvez\u00a0<strong>3 pat\u00e8res en m\u00e9tal noir vieilli<\/strong>. Cette mati\u00e8re vous promet une grande r\u00e9sistante pour accueillir vos serviettes de table et vos torchons mouill\u00e9s!_x000D_n_x000D_nAinsi, cette <strong>pat\u00e8re\u00a0triple<\/strong>\u00a0est \u00e0 poser dans la cuisine ou dans l&rsquo;entr\u00e9e par exemple. Elle permet \u00e0 la fois de servir de rangement pour les <strong>torchons<\/strong> ou les <strong>v\u00eatements<\/strong>. Dans tous les cas, elle offre sourire, chaleur et douceur. L&rsquo;harmonie des couleurs rouge, verte, blanche et noire sont des <strong>intemporelles<\/strong> qui conviennent \u00e0 toute <strong>d\u00e9coration traditionnelle<\/strong>._x000D_n_x000D_n&nbsp;_x000D_n<\/p>\n<h3>Installation du porte torchon Home Sweet Home en bois \u00e0 3 crochets<\/h3>\n<p>_x000D_nPour finir, elle comporte un syst\u00e8me d&rsquo;<strong>accrochage simple<\/strong> avec deux attaches au dos \u00e0 positionner\u00a0sur un crochet de votre choix. Sa pose est tr\u00e8s facile. Toutefois, elle n\u00e9cessite des attaches au mur qui ne sont pas fournies._x000D_n_x000D_nPensez \u00e0 tenir compte de ses <strong>dimensions<\/strong>:_x000D_n<\/p>\n<ul>_x000D_n \t<\/p>\n<li>Support Home sweet home en bois 30 cm X 9,2 cm<\/li>\n<p>_x000D_n \t<\/p>\n<li>Ecartement du mur incluant support et crochet: 2,7 cm<\/li>\n<p>_x000D_n<\/ul>\n<p>_x000D_n&nbsp;_x000D_n_x000D_n<span style=\"line-height: 1.5\">Vous l&rsquo;aurez compris, ce porte torchon est original et de belle qualit\u00e9 avec ses crochets en m\u00e9tal vieilli. Il s&rsquo;int\u00e8gre dans tout int\u00e9rieur plut\u00f4t classique, dans un univers plut\u00f4t de <a href=\"https:\/\/1001pateres.com\/categorie-produit\/cuisine\/\">cuisine<\/a>, ou d&rsquo;<a href=\"https:\/\/1001pateres.com\/categorie-produit\/entree-sejour\/\">entr\u00e9e<\/a>.<\/span><\/p>\n","protected":false},"excerpt":{"rendered":"<p>Belle<strong> pat\u00e8re triple crochet<\/strong> en bois peint <em><strong>Home sweet home<\/strong><\/em> 3 pat\u00e8res.\u00a0Cette pat\u00e8re triple est \u00e0 poser dans la cuisine ou dans l&rsquo;entr\u00e9e et permet \u00e0 la fois de servir de rangement pour les torchons ou les v\u00eatements.<\/p>\n","protected":false},"featured_media":1031,"comment_status":"closed","ping_status":"open","template":"","meta":[],"product_cat":[20],"product_tag":[25],"class_list":["post-128","product","type-product","status-publish","has-post-thumbnail","hentry","product_cat-cuisine","product_tag-crochet-patere-patere-design-patere-murale-patere-porte-pateres-porte-manteau-porte-serviette-porte-torchon-vestiaire","description-off"],"_links":{"self":[{"href":"https:\/\/roulettes.vaniseo.top\/index.php\/wp-json\/wp\/v2\/product\/128","targetHints":{"allow":["GET"]}}],"collection":[{"href":"https:\/\/roulettes.vaniseo.top\/index.php\/wp-json\/wp\/v2\/product"}],"about":[{"href":"https:\/\/roulettes.vaniseo.top\/index.php\/wp-json\/wp\/v2\/types\/product"}],"replies":[{"embeddable":true,"href":"https:\/\/roulettes.vaniseo.top\/index.php\/wp-json\/wp\/v2\/comments?post=128"}],"version-history":[{"count":0,"href":"https:\/\/roulettes.vaniseo.top\/index.php\/wp-json\/wp\/v2\/product\/128\/revisions"}],"wp:featuredmedia":[{"embeddable":true,"href":"https:\/\/roulettes.vaniseo.top\/index.php\/wp-json\/wp\/v2\/media\/1031"}],"wp:attachment":[{"href":"https:\/\/roulettes.vaniseo.top\/index.php\/wp-json\/wp\/v2\/media?parent=128"}],"wp:term":[{"taxonomy":"product_cat","embeddable":true,"href":"https:\/\/roulettes.vaniseo.top\/index.php\/wp-json\/wp\/v2\/product_cat?post=128"},{"taxonomy":"product_tag","embeddable":true,"href":"https:\/\/roulettes.vaniseo.top\/index.php\/wp-json\/wp\/v2\/product_tag?post=128"}],"curies":[{"name":"wp","href":"https:\/\/api.w.org\/{rel}","templated":true}]}}