{"id":130,"date":"2022-04-04T16:20:22","date_gmt":"2022-04-04T14:20:22","guid":{"rendered":"https:\/\/roulettes.vaniseo.top\/index.php\/produit\/patere-happiness-home-made\/"},"modified":"2022-04-04T17:14:43","modified_gmt":"2022-04-04T15:14:43","slug":"patere-happiness-home-made","status":"publish","type":"product","link":"https:\/\/roulettes.vaniseo.top\/index.php\/produit\/patere-happiness-home-made\/","title":{"rendered":"Pat\u00e8re Happiness Home Made"},"content":{"rendered":"<h4>Porte-manteau en forme de petite maison en bois HAPPINESS.<\/h4>\n<p>_x000D_nPat\u00e8re Happiness Home Made\u00a0en bois vieilli._x000D_n_x000D_nCette pat\u00e8re est \u00e0 poser essentiellement\u00a0dans l&rsquo;entr\u00e9e\u00a0pour ne plus laisser trainer ses affaires avec son crochet m\u00e9tal qui comporte une boule en bout pour ne pas abimer les v\u00eatements._x000D_n_x000D_nElle comporte un syst\u00e8me d&rsquo;accrochage simple avec une attache au dos \u00e0 positionner\u00a0sur un crochet de votre choix._x000D_n_x000D_n<span style=\"line-height: 1.5\">Elle\u00a0est originale et de belle qualit\u00e9 avec son d\u00e9cor de maisonnette.<\/span>_x000D_n_x000D_nSa pose est tr\u00e8s facile et n\u00e9cessite une attache au mur non fournie._x000D_n<\/p>\n<h4>Dimensions :<\/h4>\n<p>_x000D_n<\/p>\n<ul>_x000D_n \t<\/p>\n<li>La pat\u00e8re 19 cm X 10 cm<\/li>\n<p>_x000D_n \t<\/p>\n<li>La pat\u00e8re \u00e9cartement 4 cm<\/li>\n<p>_x000D_n<\/ul>\n","protected":false},"excerpt":{"rendered":"<p>Belle pat\u00e8re <strong>Happiness Home Made<\/strong> en <em><strong>bois vieilli<\/strong><\/em>.\u00a0Cette pat\u00e8re est \u00e0 poser essentiellement dans l&rsquo;entr\u00e9e pour ne plus laisser trainer ses affaires avec son crochet m\u00e9tal qui comporte une boule en bout pour ne pas abimer les v\u00eatements.<\/p>\n","protected":false},"featured_media":1035,"comment_status":"closed","ping_status":"open","template":"","meta":[],"product_cat":[32,30],"product_tag":[25],"class_list":["post-130","product","type-product","status-publish","has-post-thumbnail","hentry","product_cat-entree-sejour","product_cat-garage-cellier","product_tag-crochet-patere-patere-design-patere-murale-patere-porte-pateres-porte-manteau-porte-serviette-porte-torchon-vestiaire","description-off"],"_links":{"self":[{"href":"https:\/\/roulettes.vaniseo.top\/index.php\/wp-json\/wp\/v2\/product\/130","targetHints":{"allow":["GET"]}}],"collection":[{"href":"https:\/\/roulettes.vaniseo.top\/index.php\/wp-json\/wp\/v2\/product"}],"about":[{"href":"https:\/\/roulettes.vaniseo.top\/index.php\/wp-json\/wp\/v2\/types\/product"}],"replies":[{"embeddable":true,"href":"https:\/\/roulettes.vaniseo.top\/index.php\/wp-json\/wp\/v2\/comments?post=130"}],"version-history":[{"count":0,"href":"https:\/\/roulettes.vaniseo.top\/index.php\/wp-json\/wp\/v2\/product\/130\/revisions"}],"wp:featuredmedia":[{"embeddable":true,"href":"https:\/\/roulettes.vaniseo.top\/index.php\/wp-json\/wp\/v2\/media\/1035"}],"wp:attachment":[{"href":"https:\/\/roulettes.vaniseo.top\/index.php\/wp-json\/wp\/v2\/media?parent=130"}],"wp:term":[{"taxonomy":"product_cat","embeddable":true,"href":"https:\/\/roulettes.vaniseo.top\/index.php\/wp-json\/wp\/v2\/product_cat?post=130"},{"taxonomy":"product_tag","embeddable":true,"href":"https:\/\/roulettes.vaniseo.top\/index.php\/wp-json\/wp\/v2\/product_tag?post=130"}],"curies":[{"name":"wp","href":"https:\/\/api.w.org\/{rel}","templated":true}]}}