{"id":131,"date":"2022-04-04T16:20:22","date_gmt":"2022-04-04T14:20:22","guid":{"rendered":"https:\/\/roulettes.vaniseo.top\/index.php\/produit\/patere-design-point-dinterrogation-blanc\/"},"modified":"2022-04-04T17:14:47","modified_gmt":"2022-04-04T15:14:47","slug":"patere-design-point-dinterrogation-blanc","status":"publish","type":"product","link":"https:\/\/roulettes.vaniseo.top\/index.php\/produit\/patere-design-point-dinterrogation-blanc\/","title":{"rendered":"Pat\u00e8re design point d&rsquo;interrogation blanc"},"content":{"rendered":"<h4>Porte-manteau bois blanc en forme de point d&rsquo;interrogation.<\/h4>\n<p>_x000D_nPat\u00e8re design <strong>point interrogation<\/strong> <em><strong>blanc<\/strong><\/em>\u00a0laqu\u00e9 en bois._x000D_n_x000D_nCette pat\u00e8re est \u00e0 poser partout dans la maison pour donner une touche de modernit\u00e9 pratique \u00e0 votre int\u00e9rieur._x000D_n_x000D_nElle comporte un syst\u00e8me d&rsquo;accrochage simple avec une vis et une cheville pour le point et des autocollants double face pour positionner l&rsquo;interrogation au dessus du point et le cache vis du point._x000D_n_x000D_n<span style=\"line-height: 1.5\">Elle\u00a0est originale et de qualit\u00e9 avec une belle laque.<\/span>_x000D_n_x000D_nVendu avec ses double face, sa vis et sa cheville._x000D_n_x000D_nSa pose est facile mais n\u00e9cessite l&rsquo;utilisation d&rsquo;une perceuse._x000D_n<\/p>\n<h4>Dimensions :<\/h4>\n<p>_x000D_n<\/p>\n<ul>_x000D_n \t<\/p>\n<li>La pat\u00e8re 25 cm X 14 cm<\/li>\n<p>_x000D_n \t<\/p>\n<li>La pat\u00e8re \u00e9cartement 2 cm<\/li>\n<p>_x000D_n<\/ul>\n","protected":false},"excerpt":{"rendered":"<p>Belle pat\u00e8re design <strong>point d&rsquo;interrogation<\/strong> <em><strong>blanc<\/strong><\/em> en bois.\u00a0Cette pat\u00e8re est \u00e0 poser partout dans la maison pour donner une touche de modernit\u00e9 pratique \u00e0 votre int\u00e9rieur.<\/p>\n","protected":false},"featured_media":1037,"comment_status":"closed","ping_status":"open","template":"","meta":[],"product_cat":[29,20],"product_tag":[27],"class_list":["post-131","product","type-product","status-publish","has-post-thumbnail","hentry","product_cat-chambre-adulte","product_cat-cuisine","product_tag-crochet-patere-patere-design-patere-murale-patere-porte-pateres-porte-serviette-porte-torchon-vestiaire","description-off"],"_links":{"self":[{"href":"https:\/\/roulettes.vaniseo.top\/index.php\/wp-json\/wp\/v2\/product\/131","targetHints":{"allow":["GET"]}}],"collection":[{"href":"https:\/\/roulettes.vaniseo.top\/index.php\/wp-json\/wp\/v2\/product"}],"about":[{"href":"https:\/\/roulettes.vaniseo.top\/index.php\/wp-json\/wp\/v2\/types\/product"}],"replies":[{"embeddable":true,"href":"https:\/\/roulettes.vaniseo.top\/index.php\/wp-json\/wp\/v2\/comments?post=131"}],"version-history":[{"count":0,"href":"https:\/\/roulettes.vaniseo.top\/index.php\/wp-json\/wp\/v2\/product\/131\/revisions"}],"wp:featuredmedia":[{"embeddable":true,"href":"https:\/\/roulettes.vaniseo.top\/index.php\/wp-json\/wp\/v2\/media\/1037"}],"wp:attachment":[{"href":"https:\/\/roulettes.vaniseo.top\/index.php\/wp-json\/wp\/v2\/media?parent=131"}],"wp:term":[{"taxonomy":"product_cat","embeddable":true,"href":"https:\/\/roulettes.vaniseo.top\/index.php\/wp-json\/wp\/v2\/product_cat?post=131"},{"taxonomy":"product_tag","embeddable":true,"href":"https:\/\/roulettes.vaniseo.top\/index.php\/wp-json\/wp\/v2\/product_tag?post=131"}],"curies":[{"name":"wp","href":"https:\/\/api.w.org\/{rel}","templated":true}]}}