{"id":132,"date":"2022-04-04T16:20:22","date_gmt":"2022-04-04T14:20:22","guid":{"rendered":"https:\/\/roulettes.vaniseo.top\/index.php\/produit\/patere-autocollante-lettres-love-4-crochets\/"},"modified":"2022-04-04T17:14:55","modified_gmt":"2022-04-04T15:14:55","slug":"patere-autocollante-lettres-love-4-crochets","status":"publish","type":"product","link":"https:\/\/roulettes.vaniseo.top\/index.php\/produit\/patere-autocollante-lettres-love-4-crochets\/","title":{"rendered":"Pat\u00e8re autocollante lettres LOVE 4 crochets"},"content":{"rendered":"<h4>Porte-torchons LOVE autocollants.<\/h4>\n<p>_x000D_n<strong>Pat\u00e8re autocollante<\/strong> lettres <em><strong>LOVE<\/strong><\/em> 4 crochets\u00a0id\u00e9ale pour tout accrocher dans la maison._x000D_n_x000D_nCes pat\u00e8res autocollantes LOVE\u00a0peuvent se positionner\u00a0\u00e0 l&rsquo;int\u00e9rieur des placards ou sur le carrelage dans les univers de la cuisine, de la chambre ou de la salle de bain._x000D_n_x000D_nElles sont\u00a0\u00e0 coller partout o\u00f9 vous en avez besoin et\u00a0apporteront une touche de modernit\u00e9\u00a0\u00e0 votre univers avec ses lettres d\u00e9cor\u00e9es de paillettes._x000D_n_x000D_nElles comportent une accroche en m\u00e9tal par lettre et un syst\u00e8me d&rsquo;accrochage avec un patin autocollant._x000D_n_x000D_nFacile \u00e0 poser, elles ne n\u00e9cessitent aucun outils._x000D_n<\/p>\n<h4>Dimensions :<\/h4>\n<p>_x000D_n<\/p>\n<ul>_x000D_n \t<\/p>\n<li>Chaque lettre\u00a05 cm X 7,5 cm<\/li>\n<p>_x000D_n \t<\/p>\n<li>Ecartement du crochet du mur\u00a02 cm<\/li>\n<p>_x000D_n<\/ul>\n","protected":false},"excerpt":{"rendered":"<p>Jolie <strong>pat\u00e8re autocollante<\/strong> <em><strong>LOVE<\/strong><\/em> 4 crochets id\u00e9ale pour tout accrocher dans la maison.\u00a0Ces pat\u00e8res autocollantes LOVE peuvent se positionner \u00e0 l&rsquo;int\u00e9rieur des placards ou sur le carrelage dans les univers de la cuisine, de la chambre ou de la salle de bain.\u00a0Elles sont \u00e0 coller partout o\u00f9 vous en avez besoin.<\/p>\n","protected":false},"featured_media":1040,"comment_status":"closed","ping_status":"open","template":"","meta":[],"product_cat":[20,17],"product_tag":[31],"class_list":["post-132","product","type-product","status-publish","has-post-thumbnail","hentry","product_cat-cuisine","product_cat-salle-de-bain","product_tag-crochet-patere-patere-design-patere-murale-patere-porte-pateres-porte-manteau-porte-serviette-porte-torchon","description-off"],"_links":{"self":[{"href":"https:\/\/roulettes.vaniseo.top\/index.php\/wp-json\/wp\/v2\/product\/132","targetHints":{"allow":["GET"]}}],"collection":[{"href":"https:\/\/roulettes.vaniseo.top\/index.php\/wp-json\/wp\/v2\/product"}],"about":[{"href":"https:\/\/roulettes.vaniseo.top\/index.php\/wp-json\/wp\/v2\/types\/product"}],"replies":[{"embeddable":true,"href":"https:\/\/roulettes.vaniseo.top\/index.php\/wp-json\/wp\/v2\/comments?post=132"}],"version-history":[{"count":0,"href":"https:\/\/roulettes.vaniseo.top\/index.php\/wp-json\/wp\/v2\/product\/132\/revisions"}],"wp:featuredmedia":[{"embeddable":true,"href":"https:\/\/roulettes.vaniseo.top\/index.php\/wp-json\/wp\/v2\/media\/1040"}],"wp:attachment":[{"href":"https:\/\/roulettes.vaniseo.top\/index.php\/wp-json\/wp\/v2\/media?parent=132"}],"wp:term":[{"taxonomy":"product_cat","embeddable":true,"href":"https:\/\/roulettes.vaniseo.top\/index.php\/wp-json\/wp\/v2\/product_cat?post=132"},{"taxonomy":"product_tag","embeddable":true,"href":"https:\/\/roulettes.vaniseo.top\/index.php\/wp-json\/wp\/v2\/product_tag?post=132"}],"curies":[{"name":"wp","href":"https:\/\/api.w.org\/{rel}","templated":true}]}}