{"id":133,"date":"2022-04-04T16:20:22","date_gmt":"2022-04-04T14:20:22","guid":{"rendered":"https:\/\/roulettes.vaniseo.top\/index.php\/produit\/patere-blanche-metal-oiseaux-sur-branche-a-5-crochets\/"},"modified":"2022-04-04T17:14:59","modified_gmt":"2022-04-04T15:14:59","slug":"patere-blanche-metal-oiseaux-sur-branche-a-5-crochets","status":"publish","type":"product","link":"https:\/\/roulettes.vaniseo.top\/index.php\/produit\/patere-blanche-metal-oiseaux-sur-branche-a-5-crochets\/","title":{"rendered":"Pat\u00e8re blanche m\u00e9tal oiseaux sur branche \u00e0 5 crochets"},"content":{"rendered":"<h3>Porte manteau en m\u00e9tal blanc en forme d&rsquo;oiseaux sur branche<\/h3>\n<p>_x000D_n<strong>1001 Pat\u00e8res<\/strong> vous fait d\u00e9couvrir ci dessous l&rsquo;ensemble des donn\u00e9es techniques et d\u00e9coratives de sa r\u00e9f\u00e9rence de <strong>pat\u00e8re blanche m\u00e9tal oiseaux sur branche \u00e0 5 crochets<\/strong>._x000D_n_x000D_nEn effet, <a href=\"https:\/\/1001pateres.com\/brand\/1001pateres\/\">1001 Pat\u00e8res<\/a>\u00a0est un\u00a0<strong>site n\u00b01 en France de vente de pat\u00e8res en ligne<\/strong>. Il vous permet\u00a0de choisir parmi de nombreuses r\u00e9f\u00e9rences issues d&rsquo;une s\u00e9lection de marques internationales, mais aussi d&rsquo;autres de <strong>sa propre marque<\/strong>. Ainsi, vous disposer d&rsquo;un large choix pour optimiser maison et entreprise._x000D_n_x000D_nD&rsquo;ailleurs, ci-contre, ce porte manteau en m\u00e9tal blanc en forme d&rsquo;oiseaux sur branche est une pi\u00e8ce plut\u00f4t d\u00e9di\u00e9e \u00e0 un int\u00e9rieur de maison. Mais il est toujours possible de trouver des secteurs professionnels qui pourraient aussi \u00eatre susceptibles de l&rsquo;utiliser (jardinerie etc&#8230;). Dans une maison, cette pat\u00e8re sera \u00e9l\u00e9gante sur un mur plut\u00f4t fonc\u00e9 de\u00a0<strong>garage,<\/strong> d&rsquo;<strong>entr\u00e9e<\/strong> ou encore de\u00a0<strong>buanderie<\/strong>._x000D_n_x000D_nEn effet, cette pat\u00e8re comporte une branche principale avec feuilles et oiseaux clairsem\u00e9s. Sur la partie inf\u00e9rieure, elle offre<strong>\u00a05 crochets\u00a0avec une boule\u00a0en bout<\/strong> pour ne pas marquer les v\u00eatements. En <strong>m\u00e9tal<\/strong>, elle est tr\u00e8s <strong>r\u00e9sistante<\/strong> pour une utilisation sur le long terme._x000D_n_x000D_n&nbsp;_x000D_n<\/p>\n<h3>Installation de la pat\u00e8re blanche m\u00e9tal oiseaux sur branche \u00e0 5 crochets<\/h3>\n<p>_x000D_nEnfin, son syst\u00e8me d&rsquo;accrochage est tr\u00e8s simple. Il int\u00e8gre 2 <strong>inserts de part et d&rsquo;autre des deux crochets ext\u00e9rieurs,<\/strong>\u00a0pour vis ou crochets de votre choix et non incluses. Sa pose est donc tr\u00e8s rapide. Pensez \u00e0 tenir compte de ses <strong>dimensions<\/strong>:_x000D_n<\/p>\n<ul>_x000D_n \t<\/p>\n<li>Pat\u00e8re blanche: 45 cm X 17,5 cm<\/li>\n<p>_x000D_n \t<\/p>\n<li>Ecartement du mur total incluant les boules des crochets: 4,5 cm<\/li>\n<p>_x000D_n<\/ul>\n<p>_x000D_n<span style=\"line-height: 1.5\">Ainsi, nos pr\u00e9c\u00e9dents clients ont retenu cette r\u00e9f\u00e9rence pour sa <strong>douceur<\/strong>, sa facilit\u00e9 d&rsquo;int\u00e9gration et son installation rapide. De <strong>belle qualit\u00e9<\/strong> avec ses feuilles et oiseaux sur branche, vous n&rsquo;aurez aucun mal \u00e0 l&rsquo;utiliser pour <strong>plus de rangements et de clart\u00e9 dans votre int\u00e9rieur<\/strong>.<\/span>_x000D_n_x000D_nCelle-ci est aussi disponible en <a href=\"https:\/\/1001pateres.com\/produit\/patere-branche-aux-oiseaux-5-crochets-noire\/\">m\u00e9tal noir<\/a>.<\/p>\n","protected":false},"excerpt":{"rendered":"<p>Belle pat\u00e8re <strong>branche aux oiseaux<\/strong> 5 crochets blanche, elle est en <em><strong>m\u00e9tal blanc<\/strong> <\/em>avec des crochets qui comportent une boule en bout pour \u00e9viter d&rsquo;abimer les v\u00eatements.\u00a0Cette pat\u00e8re est \u00e0 poser partout dans la maison pour ne plus laisser trainer ses affaires.<\/p>\n","protected":false},"featured_media":1042,"comment_status":"closed","ping_status":"open","template":"","meta":[],"product_cat":[29,20,32,17],"product_tag":[25],"class_list":["post-133","product","type-product","status-publish","has-post-thumbnail","hentry","product_cat-chambre-adulte","product_cat-cuisine","product_cat-entree-sejour","product_cat-salle-de-bain","product_tag-crochet-patere-patere-design-patere-murale-patere-porte-pateres-porte-manteau-porte-serviette-porte-torchon-vestiaire","description-off"],"_links":{"self":[{"href":"https:\/\/roulettes.vaniseo.top\/index.php\/wp-json\/wp\/v2\/product\/133","targetHints":{"allow":["GET"]}}],"collection":[{"href":"https:\/\/roulettes.vaniseo.top\/index.php\/wp-json\/wp\/v2\/product"}],"about":[{"href":"https:\/\/roulettes.vaniseo.top\/index.php\/wp-json\/wp\/v2\/types\/product"}],"replies":[{"embeddable":true,"href":"https:\/\/roulettes.vaniseo.top\/index.php\/wp-json\/wp\/v2\/comments?post=133"}],"version-history":[{"count":0,"href":"https:\/\/roulettes.vaniseo.top\/index.php\/wp-json\/wp\/v2\/product\/133\/revisions"}],"wp:featuredmedia":[{"embeddable":true,"href":"https:\/\/roulettes.vaniseo.top\/index.php\/wp-json\/wp\/v2\/media\/1042"}],"wp:attachment":[{"href":"https:\/\/roulettes.vaniseo.top\/index.php\/wp-json\/wp\/v2\/media?parent=133"}],"wp:term":[{"taxonomy":"product_cat","embeddable":true,"href":"https:\/\/roulettes.vaniseo.top\/index.php\/wp-json\/wp\/v2\/product_cat?post=133"},{"taxonomy":"product_tag","embeddable":true,"href":"https:\/\/roulettes.vaniseo.top\/index.php\/wp-json\/wp\/v2\/product_tag?post=133"}],"curies":[{"name":"wp","href":"https:\/\/api.w.org\/{rel}","templated":true}]}}