{"id":134,"date":"2022-04-04T16:20:22","date_gmt":"2022-04-04T14:20:22","guid":{"rendered":"https:\/\/roulettes.vaniseo.top\/index.php\/produit\/patere-noire-metal-oiseaux-sur-branche-a-5-crochets\/"},"modified":"2022-04-04T17:15:01","modified_gmt":"2022-04-04T15:15:01","slug":"patere-noire-metal-oiseaux-sur-branche-a-5-crochets","status":"publish","type":"product","link":"https:\/\/roulettes.vaniseo.top\/index.php\/produit\/patere-noire-metal-oiseaux-sur-branche-a-5-crochets\/","title":{"rendered":"Pat\u00e8re noire m\u00e9tal oiseaux sur branche \u00e0 5 crochets"},"content":{"rendered":"<h3>Porte manteau en m\u00e9tal noir en forme d&rsquo;oiseaux sur branche<\/h3>\n<p>_x000D_n<strong>1001 Pat\u00e8res<\/strong> vous propose de d\u00e9couvrir ici toutes les caract\u00e9ristiques techniques et nos conseils d\u00e9coratifs concernant sa r\u00e9f\u00e9rence de <strong>pat\u00e8re noire m\u00e9tal oiseaux sur branche \u00e0 5 crochets<\/strong>._x000D_n_x000D_nEn effet, <a href=\"https:\/\/1001pateres.com\/brand\/1001pateres\/\">1001 Pat\u00e8res<\/a> vous propose via son <strong>site n\u00b01 en France de vente de pat\u00e8res<\/strong>, de nombreuses r\u00e9f\u00e9rences issues d&rsquo;une s\u00e9lection de marques internationales, mais aussi d&rsquo;autres de <strong>sa propre marque<\/strong>. Ainsi, vous avez l&#8217;embarras du choix pour optimiser l&rsquo;int\u00e9rieur de votre maison et de votre entreprise._x000D_n_x000D_nIci, avec ce porte manteau en m\u00e9tal noir en forme d&rsquo;oiseaux sur branche, il s&rsquo;agit davantage d&rsquo;une pi\u00e8ce pour un int\u00e9rieur de maison. Mais il est toujours possible de trouver des secteurs professionnels qui pourraient aussi \u00eatre susceptibles de l&rsquo;utiliser (jardinerie etc&#8230;). Dans une maison, celui-ci sera tr\u00e8s \u00e9l\u00e9gant dans une cabane de <strong>jardin<\/strong>, dans un <strong>garage<\/strong> mais aussi une <strong>entr\u00e9e<\/strong> ou une <strong>buanderie<\/strong>._x000D_n_x000D_nEn effet, cette pat\u00e8re\u00a0branche aux oiseaux dispose de<strong> 5 crochets\u00a0qui comportent une boule\u00a0en bout<\/strong> pour \u00e9viter d&rsquo;abimer les v\u00eatements. En <strong>m\u00e9tal<\/strong>, elle est tr\u00e8s <strong>r\u00e9sistante<\/strong> pour une utilisation sur le long terme._x000D_n_x000D_n&nbsp;_x000D_n<\/p>\n<h3>Installation de la pat\u00e8re noire m\u00e9tal oiseaux sur branche \u00e0 5 crochets<\/h3>\n<p>_x000D_nEnfin, c\u00f4t\u00e9 <strong>installation<\/strong>, son syst\u00e8me d&rsquo;accrochage est tr\u00e8s simple de mise en oeuvre. Il int\u00e8gre des <strong>inserts<\/strong> pour vis ou crochets de votre choix. Sa pose est donc tr\u00e8s rapide. Toutefois, elle n\u00e9cessite des attaches au mur de votre choix, et non incluses. Pensez \u00e0 tenir compte de ses <strong>dimensions<\/strong>:_x000D_n<\/p>\n<ul>_x000D_n \t<\/p>\n<li>Pat\u00e8re noire: 45 cm X 17,5 cm<\/li>\n<p>_x000D_n \t<\/p>\n<li>Ecartement du mur total incluant les boules des crochets: 4,5 cm<\/li>\n<p>_x000D_n<\/ul>\n<p>_x000D_n<span style=\"line-height: 1.5\">Ainsi, nos clients retiennent cette r\u00e9f\u00e9rence pour sa <strong>douceur<\/strong>, son c\u00f4t\u00e9 passe partout et son installation facile. De <strong>belle qualit\u00e9<\/strong> avec es feuilles sur la branche et ses oiseaux, vous n&rsquo;aurez aucun mal \u00e0 l&rsquo;utiliser pour <strong>plus de rangements et de clart\u00e9 dans votre int\u00e9rieur<\/strong>.<\/span>_x000D_n_x000D_nCelle-ci existe aussi en <a href=\"https:\/\/1001pateres.com\/produit\/patere-branche-aux-oiseaux-5-crochets-blanche\/\">m\u00e9tal blanc<\/a>.<\/p>\n","protected":false},"excerpt":{"rendered":"<p>Pat\u00e8re <strong>branche aux oiseaux<\/strong> 5 crochets noire, elle est en <em><strong>m\u00e9tal noir<\/strong><\/em>\u00a0avec des crochets qui comportent une boule en bout pour \u00e9viter d&rsquo;abimer les v\u00eatements.\u00a0Cette pat\u00e8re est \u00e0 poser partout dans la maison pour ne plus laisser trainer ses affaires.<\/p>\n","protected":false},"featured_media":1043,"comment_status":"closed","ping_status":"open","template":"","meta":[],"product_cat":[29,32,17],"product_tag":[25],"class_list":["post-134","product","type-product","status-publish","has-post-thumbnail","hentry","product_cat-chambre-adulte","product_cat-entree-sejour","product_cat-salle-de-bain","product_tag-crochet-patere-patere-design-patere-murale-patere-porte-pateres-porte-manteau-porte-serviette-porte-torchon-vestiaire","description-off"],"_links":{"self":[{"href":"https:\/\/roulettes.vaniseo.top\/index.php\/wp-json\/wp\/v2\/product\/134","targetHints":{"allow":["GET"]}}],"collection":[{"href":"https:\/\/roulettes.vaniseo.top\/index.php\/wp-json\/wp\/v2\/product"}],"about":[{"href":"https:\/\/roulettes.vaniseo.top\/index.php\/wp-json\/wp\/v2\/types\/product"}],"replies":[{"embeddable":true,"href":"https:\/\/roulettes.vaniseo.top\/index.php\/wp-json\/wp\/v2\/comments?post=134"}],"version-history":[{"count":0,"href":"https:\/\/roulettes.vaniseo.top\/index.php\/wp-json\/wp\/v2\/product\/134\/revisions"}],"wp:featuredmedia":[{"embeddable":true,"href":"https:\/\/roulettes.vaniseo.top\/index.php\/wp-json\/wp\/v2\/media\/1043"}],"wp:attachment":[{"href":"https:\/\/roulettes.vaniseo.top\/index.php\/wp-json\/wp\/v2\/media?parent=134"}],"wp:term":[{"taxonomy":"product_cat","embeddable":true,"href":"https:\/\/roulettes.vaniseo.top\/index.php\/wp-json\/wp\/v2\/product_cat?post=134"},{"taxonomy":"product_tag","embeddable":true,"href":"https:\/\/roulettes.vaniseo.top\/index.php\/wp-json\/wp\/v2\/product_tag?post=134"}],"curies":[{"name":"wp","href":"https:\/\/api.w.org\/{rel}","templated":true}]}}