{"id":136,"date":"2022-04-04T16:20:25","date_gmt":"2022-04-04T14:20:25","guid":{"rendered":"https:\/\/roulettes.vaniseo.top\/index.php\/produit\/patere-home-where-the-heart-is\/"},"modified":"2022-04-04T17:15:11","modified_gmt":"2022-04-04T15:15:11","slug":"patere-home-where-the-heart-is","status":"publish","type":"product","link":"https:\/\/roulettes.vaniseo.top\/index.php\/produit\/patere-home-where-the-heart-is\/","title":{"rendered":"Pat\u00e8re Home Where the HEART is"},"content":{"rendered":"<h4>Porte-manteau en bois en forme de maison.<\/h4>\n<p>_x000D_nPat\u00e8re <strong>Home<\/strong> Where the HEART is\u00a0en <em><strong>bois vieilli<\/strong><\/em>._x000D_n_x000D_nCette pat\u00e8re est \u00e0 poser essentiellement\u00a0dans l&rsquo;entr\u00e9e\u00a0pour ne plus laisser trainer ses affaires avec son crochet m\u00e9tal qui comporte une boule en bout pour ne pas abimer les v\u00eatements._x000D_n_x000D_nElle comporte un syst\u00e8me d&rsquo;accrochage simple avec une attache au dos \u00e0 positionner\u00a0sur un crochet de votre choix._x000D_n_x000D_n<span style=\"line-height: 1.5\">Elle\u00a0est originale et de belle qualit\u00e9 avec son d\u00e9cor de maisonnette.<\/span>_x000D_n_x000D_nSa pose est tr\u00e8s facile et n\u00e9cessite une attache au mur non fournie._x000D_n<\/p>\n<h4>Dimensions :<\/h4>\n<p>_x000D_n<\/p>\n<ul>_x000D_n \t<\/p>\n<li>La pat\u00e8re 19 cm X 10 cm<\/li>\n<p>_x000D_n \t<\/p>\n<li>La pat\u00e8re \u00e9cartement 4 cm<\/li>\n<p>_x000D_n<\/ul>\n","protected":false},"excerpt":{"rendered":"<p>Belle <strong>pat\u00e8re Home<\/strong> Where the HEART is\u00a0en <em><strong>bois vieilli<\/strong><\/em>.\u00a0Cette pat\u00e8re est \u00e0 poser essentiellement dans l&rsquo;entr\u00e9e pour ne plus laisser trainer ses affaires avec son crochet m\u00e9tal qui comporte une boule en bout pour ne pas abimer les v\u00eatements.<\/p>\n","protected":false},"featured_media":1046,"comment_status":"closed","ping_status":"open","template":"","meta":[],"product_cat":[32],"product_tag":[25],"class_list":["post-136","product","type-product","status-publish","has-post-thumbnail","hentry","product_cat-entree-sejour","product_tag-crochet-patere-patere-design-patere-murale-patere-porte-pateres-porte-manteau-porte-serviette-porte-torchon-vestiaire","description-off"],"_links":{"self":[{"href":"https:\/\/roulettes.vaniseo.top\/index.php\/wp-json\/wp\/v2\/product\/136","targetHints":{"allow":["GET"]}}],"collection":[{"href":"https:\/\/roulettes.vaniseo.top\/index.php\/wp-json\/wp\/v2\/product"}],"about":[{"href":"https:\/\/roulettes.vaniseo.top\/index.php\/wp-json\/wp\/v2\/types\/product"}],"replies":[{"embeddable":true,"href":"https:\/\/roulettes.vaniseo.top\/index.php\/wp-json\/wp\/v2\/comments?post=136"}],"version-history":[{"count":0,"href":"https:\/\/roulettes.vaniseo.top\/index.php\/wp-json\/wp\/v2\/product\/136\/revisions"}],"wp:featuredmedia":[{"embeddable":true,"href":"https:\/\/roulettes.vaniseo.top\/index.php\/wp-json\/wp\/v2\/media\/1046"}],"wp:attachment":[{"href":"https:\/\/roulettes.vaniseo.top\/index.php\/wp-json\/wp\/v2\/media?parent=136"}],"wp:term":[{"taxonomy":"product_cat","embeddable":true,"href":"https:\/\/roulettes.vaniseo.top\/index.php\/wp-json\/wp\/v2\/product_cat?post=136"},{"taxonomy":"product_tag","embeddable":true,"href":"https:\/\/roulettes.vaniseo.top\/index.php\/wp-json\/wp\/v2\/product_tag?post=136"}],"curies":[{"name":"wp","href":"https:\/\/api.w.org\/{rel}","templated":true}]}}