{"id":138,"date":"2022-04-04T16:20:25","date_gmt":"2022-04-04T14:20:25","guid":{"rendered":"https:\/\/roulettes.vaniseo.top\/index.php\/produit\/patere-love-en-liberty-rose-4-crochets-en-bois\/"},"modified":"2022-04-04T17:15:15","modified_gmt":"2022-04-04T15:15:15","slug":"patere-love-en-liberty-rose-4-crochets-en-bois","status":"publish","type":"product","link":"https:\/\/roulettes.vaniseo.top\/index.php\/produit\/patere-love-en-liberty-rose-4-crochets-en-bois\/","title":{"rendered":"Pat\u00e8re LOVE en LIBERTY rose 4 crochets en bois"},"content":{"rendered":"<h4>Porte-manteaux LOVE en liberty rose.<\/h4>\n<p>_x000D_nPat\u00e8re <strong>LOVE<\/strong> en <em><strong>LIBERTY rose<\/strong><\/em> 4 crochets en bois._x000D_n_x000D_nCette pat\u00e8re est \u00e0 poser partout dans la maison pour ne plus laisser trainer ses affaires._x000D_n_x000D_nAvec son cot\u00e9 romantique, elle s&rsquo;adaptera parfaitement dans les chambres ou dans l&rsquo;entr\u00e9e._x000D_n_x000D_nElle comporte un syst\u00e8me d&rsquo;accrochage simple avec deux attaches au dos \u00e0 positionner\u00a0sur un crochet de votre choix._x000D_n_x000D_n<span style=\"line-height: 1.5\">Elle\u00a0est originale et de belle qualit\u00e9, elle permet de supporter un poids d&rsquo;environ 5 kg.<\/span>_x000D_n_x000D_nSa pose est tr\u00e8s facile et n\u00e9cessite des attaches au mur non fournies._x000D_n<\/p>\n<h4>Dimensions :<\/h4>\n<p>_x000D_n<\/p>\n<ul>_x000D_n \t<\/p>\n<li>La pat\u00e8re 38 cm X 9,5 cm<\/li>\n<p>_x000D_n \t<\/p>\n<li>La pat\u00e8re \u00e9cartement 5 cm<\/li>\n<p>_x000D_n<\/ul>\n","protected":false},"excerpt":{"rendered":"<p>Belle pat\u00e8re <strong>LOVE<\/strong> en <em><strong>LIBERTY rose<\/strong><\/em> 4 crochets en bois.\u00a0Cette pat\u00e8re est \u00e0 poser partout dans la maison pour ne plus laisser trainer ses affaires.\u00a0Avec son cot\u00e9 romantique, elle s&rsquo;adaptera parfaitement dans les chambres ou dans l&rsquo;entr\u00e9e.<\/p>\n","protected":false},"featured_media":1051,"comment_status":"closed","ping_status":"open","template":"","meta":[],"product_cat":[29,16,32,17],"product_tag":[25],"class_list":["post-138","product","type-product","status-publish","has-post-thumbnail","hentry","product_cat-chambre-adulte","product_cat-chambre-enfant","product_cat-entree-sejour","product_cat-salle-de-bain","product_tag-crochet-patere-patere-design-patere-murale-patere-porte-pateres-porte-manteau-porte-serviette-porte-torchon-vestiaire","description-off"],"_links":{"self":[{"href":"https:\/\/roulettes.vaniseo.top\/index.php\/wp-json\/wp\/v2\/product\/138","targetHints":{"allow":["GET"]}}],"collection":[{"href":"https:\/\/roulettes.vaniseo.top\/index.php\/wp-json\/wp\/v2\/product"}],"about":[{"href":"https:\/\/roulettes.vaniseo.top\/index.php\/wp-json\/wp\/v2\/types\/product"}],"replies":[{"embeddable":true,"href":"https:\/\/roulettes.vaniseo.top\/index.php\/wp-json\/wp\/v2\/comments?post=138"}],"version-history":[{"count":0,"href":"https:\/\/roulettes.vaniseo.top\/index.php\/wp-json\/wp\/v2\/product\/138\/revisions"}],"wp:featuredmedia":[{"embeddable":true,"href":"https:\/\/roulettes.vaniseo.top\/index.php\/wp-json\/wp\/v2\/media\/1051"}],"wp:attachment":[{"href":"https:\/\/roulettes.vaniseo.top\/index.php\/wp-json\/wp\/v2\/media?parent=138"}],"wp:term":[{"taxonomy":"product_cat","embeddable":true,"href":"https:\/\/roulettes.vaniseo.top\/index.php\/wp-json\/wp\/v2\/product_cat?post=138"},{"taxonomy":"product_tag","embeddable":true,"href":"https:\/\/roulettes.vaniseo.top\/index.php\/wp-json\/wp\/v2\/product_tag?post=138"}],"curies":[{"name":"wp","href":"https:\/\/api.w.org\/{rel}","templated":true}]}}