{"id":142,"date":"2022-04-04T16:20:25","date_gmt":"2022-04-04T14:20:25","guid":{"rendered":"https:\/\/roulettes.vaniseo.top\/index.php\/produit\/lot-de-3-pateres-autocollantes-nuage\/"},"modified":"2022-04-04T17:15:32","modified_gmt":"2022-04-04T15:15:32","slug":"lot-de-3-pateres-autocollantes-nuage","status":"publish","type":"product","link":"https:\/\/roulettes.vaniseo.top\/index.php\/produit\/lot-de-3-pateres-autocollantes-nuage\/","title":{"rendered":"Lot de 3 pat\u00e8res autocollantes nuage"},"content":{"rendered":"<h4>Porte-torchons nuages par lot de 3.<\/h4>\n<p>_x000D_n<em><strong>Lot de 3<\/strong><\/em> pat\u00e8res autocollantes <strong>nuage<\/strong>\u00a0id\u00e9ales pour tout accrocher dans la maison._x000D_n_x000D_nCes pat\u00e8res autocollantes\u00a0en forme de nuage peuvent se positionner\u00a0dans les univers de la cuisine, de la chambre ou de la salle de bain._x000D_n_x000D_nElles sont\u00a0\u00e0 coller partout o\u00f9 vous en avez besoin et\u00a0apporteront une touche de modernit\u00e9\u00a0\u00e0 votre univers._x000D_n_x000D_nElles comportent une accroche en m\u00e9tal et un syst\u00e8me d&rsquo;accrochage avec un patin autocollant qui supporte jusqu&rsquo;\u00e0 2 kg et sont en plastique._x000D_n_x000D_nFacile \u00e0 poser, elles ne n\u00e9cessitent aucun outils._x000D_n<\/p>\n<h4>Dimensions :<\/h4>\n<p>_x000D_n<\/p>\n<ul>_x000D_n \t<\/p>\n<li>Chaque nuage\u00a05 cm X 4 cm<\/li>\n<p>_x000D_n \t<\/p>\n<li>Ecartement du crochet du mur\u00a02 cm<\/li>\n<p>_x000D_n<\/ul>\n","protected":false},"excerpt":{"rendered":"<p><em><strong>Lot de 3 pat\u00e8res<\/strong><\/em> autocollantes <strong>nuage<\/strong> id\u00e9ales pour tout accrocher dans la maison.\u00a0Ces pat\u00e8res autocollantes en forme de nuage peuvent se positionner dans les univers de la cuisine, de la chambre ou de la salle de bain.\u00a0Elles sont \u00e0 coller partout o\u00f9 vous en avez besoin.<\/p>\n","protected":false},"featured_media":1059,"comment_status":"closed","ping_status":"open","template":"","meta":[],"product_cat":[20,17,23],"product_tag":[31],"class_list":["post-142","product","type-product","status-publish","has-post-thumbnail","hentry","product_cat-cuisine","product_cat-salle-de-bain","product_cat-toilette-wc","product_tag-crochet-patere-patere-design-patere-murale-patere-porte-pateres-porte-manteau-porte-serviette-porte-torchon","description-off"],"_links":{"self":[{"href":"https:\/\/roulettes.vaniseo.top\/index.php\/wp-json\/wp\/v2\/product\/142","targetHints":{"allow":["GET"]}}],"collection":[{"href":"https:\/\/roulettes.vaniseo.top\/index.php\/wp-json\/wp\/v2\/product"}],"about":[{"href":"https:\/\/roulettes.vaniseo.top\/index.php\/wp-json\/wp\/v2\/types\/product"}],"replies":[{"embeddable":true,"href":"https:\/\/roulettes.vaniseo.top\/index.php\/wp-json\/wp\/v2\/comments?post=142"}],"version-history":[{"count":0,"href":"https:\/\/roulettes.vaniseo.top\/index.php\/wp-json\/wp\/v2\/product\/142\/revisions"}],"wp:featuredmedia":[{"embeddable":true,"href":"https:\/\/roulettes.vaniseo.top\/index.php\/wp-json\/wp\/v2\/media\/1059"}],"wp:attachment":[{"href":"https:\/\/roulettes.vaniseo.top\/index.php\/wp-json\/wp\/v2\/media?parent=142"}],"wp:term":[{"taxonomy":"product_cat","embeddable":true,"href":"https:\/\/roulettes.vaniseo.top\/index.php\/wp-json\/wp\/v2\/product_cat?post=142"},{"taxonomy":"product_tag","embeddable":true,"href":"https:\/\/roulettes.vaniseo.top\/index.php\/wp-json\/wp\/v2\/product_tag?post=142"}],"curies":[{"name":"wp","href":"https:\/\/api.w.org\/{rel}","templated":true}]}}