{"id":143,"date":"2022-04-04T16:20:25","date_gmt":"2022-04-04T14:20:25","guid":{"rendered":"https:\/\/roulettes.vaniseo.top\/index.php\/produit\/porte-manteau-metal-mural-noir-avec-chats-et-5-crochets\/"},"modified":"2022-04-04T17:15:36","modified_gmt":"2022-04-04T15:15:36","slug":"porte-manteau-metal-mural-noir-avec-chats-et-5-crochets","status":"publish","type":"product","link":"https:\/\/roulettes.vaniseo.top\/index.php\/produit\/porte-manteau-metal-mural-noir-avec-chats-et-5-crochets\/","title":{"rendered":"Porte manteau metal mural noir avec chats et 5 crochets"},"content":{"rendered":"<h3>Porte torchon en m\u00e9tal noir avec 2 chats et 5 crochets<\/h3>\n<p>_x000D_n<strong>1001 Pat\u00e8res<\/strong> vous pr\u00e9sente son \u00e9l\u00e9gant <strong>porte manteau m\u00e9tal mural noir avec 2 chats \u00a0et 5 crochets<\/strong>. A vous un int\u00e9rieur de maison, ou d&rsquo;entreprise avec des chats aussi \u00e9l\u00e9gants qu&rsquo;efficaces par leur <strong>modernit\u00e9<\/strong> et leur <strong>solidit\u00e9<\/strong>!_x000D_n_x000D_nD\u00e9couvrez ci dessous l&rsquo;ensemble des informations d&rsquo;utilisation et d&rsquo;installation li\u00e9es \u00e0 ce porte torchon._x000D_n_x000D_nTout d&rsquo;abord, rappelons que la marque de cet objet d\u00e9coratif n&rsquo;est autre que <strong>1001 Pat\u00e8res, n\u00b01 en France<\/strong>! La boutique en ligne propose non seulement des r\u00e9f\u00e9rences issues de designers internationaux mais aussi sa propre s\u00e9lection. Avec cet ensemble, ses clients profitent donc d&rsquo;un<strong> large choix de styles et ce, \u00e0 tous les prix<\/strong>._x000D_n_x000D_nD&rsquo;ailleurs, ci contre, il s&rsquo;agit d&rsquo;un <strong>porte torchon de <a href=\"https:\/\/1001pateres.com\/categorie-produit\/cuisine\/\">cuisine<\/a><\/strong> pouvant bien s\u00fbr servir de <strong>porte manteaux dans l&rsquo;<a href=\"https:\/\/1001pateres.com\/categorie-produit\/entree-sejour\/\">entr\u00e9e<\/a>,<\/strong> ou de porte gants et<strong> porte serviettes dans la <a href=\"https:\/\/1001pateres.com\/categorie-produit\/salle-de-bain\/\">salle de bain<\/a><\/strong>. Il n&rsquo;y a de limite que votre imagination pour son utilisation! L&rsquo;objectif reste toujours de d\u00e9corer autant que de ranger._x000D_n_x000D_nIci, le <strong>m\u00e9tal<\/strong> est <strong>moderne<\/strong>. La d\u00e9coupe des 2\u00a0<strong>chats<\/strong> offre une douce <strong>originalit\u00e9<\/strong>. Les <strong>5 crochets<\/strong> en dessous sont <strong>robustes<\/strong> et accueillent donc un maximum de <strong>5 kg de poids<\/strong>._x000D_n_x000D_n&nbsp;_x000D_n<\/p>\n<h3>Installer le porte manteau metal mural noir avec chats et 5 crochets<\/h3>\n<p>_x000D_nEnfin, le porte torchon comporte un <strong>syst\u00e8me d&rsquo;installation murale<\/strong> tr\u00e8s simple, compos\u00e9 de deux vis et chevilles fournies.\u00a0Sa pose n\u00e9cessite l&rsquo;usage d&rsquo;une perceuse pour les chevilles aux endroits de fixations._x000D_n_x000D_nPour finir, pensez donc \u00e0 tenir compte de ses dimensions pour valider la faisabilit\u00e9 de votre projet d&rsquo;installation sur tel ou tel pan de mur de votre int\u00e9rieur. Les <strong>dimensions<\/strong> sont juste apr\u00e8s:_x000D_n<\/p>\n<ul>_x000D_n \t<\/p>\n<li>Le porte manteau metal mural de l&rsquo;oreille du plus grand chat aux bas des crochets: 20 cm X 15 cm<\/li>\n<p>_x000D_n \t<\/p>\n<li>Ecartement du mur pour chaque crochet: 2 cm<\/li>\n<p>_x000D_n<\/ul>\n<p>_x000D_nN&rsquo;h\u00e9sitez pas \u00e0 nous contacter pour tout savoir et recevoir toute r\u00e9ponse \u00e0 vos questions compl\u00e9mentaires concernant cette pat\u00e8re.<\/p>\n","protected":false},"excerpt":{"rendered":"<p><strong>Pat\u00e8re chats<\/strong> <em><strong>5 crochets<\/strong><\/em> noir.\u00a0Cette pat\u00e8re en m\u00e9tal est \u00e0 poser partout dans la maison pour ne plus laisser trainer ses affaires.\u00a0Cette pat\u00e8re peut servir de porte-torchons ou porte-serviettes dans la cuisine ou dans la salle de bain.\u00a0Elle\u00a0est originale et de belle qualit\u00e9 et, une fois correctement fix\u00e9e au mur, elle permet de r\u00e9sister \u00e0 un poids de 5 kg environ.<\/p>\n","protected":false},"featured_media":1061,"comment_status":"closed","ping_status":"open","template":"","meta":[],"product_cat":[20,32],"product_tag":[25],"class_list":["post-143","product","type-product","status-publish","has-post-thumbnail","hentry","product_cat-cuisine","product_cat-entree-sejour","product_tag-crochet-patere-patere-design-patere-murale-patere-porte-pateres-porte-manteau-porte-serviette-porte-torchon-vestiaire","description-off"],"_links":{"self":[{"href":"https:\/\/roulettes.vaniseo.top\/index.php\/wp-json\/wp\/v2\/product\/143","targetHints":{"allow":["GET"]}}],"collection":[{"href":"https:\/\/roulettes.vaniseo.top\/index.php\/wp-json\/wp\/v2\/product"}],"about":[{"href":"https:\/\/roulettes.vaniseo.top\/index.php\/wp-json\/wp\/v2\/types\/product"}],"replies":[{"embeddable":true,"href":"https:\/\/roulettes.vaniseo.top\/index.php\/wp-json\/wp\/v2\/comments?post=143"}],"version-history":[{"count":0,"href":"https:\/\/roulettes.vaniseo.top\/index.php\/wp-json\/wp\/v2\/product\/143\/revisions"}],"wp:featuredmedia":[{"embeddable":true,"href":"https:\/\/roulettes.vaniseo.top\/index.php\/wp-json\/wp\/v2\/media\/1061"}],"wp:attachment":[{"href":"https:\/\/roulettes.vaniseo.top\/index.php\/wp-json\/wp\/v2\/media?parent=143"}],"wp:term":[{"taxonomy":"product_cat","embeddable":true,"href":"https:\/\/roulettes.vaniseo.top\/index.php\/wp-json\/wp\/v2\/product_cat?post=143"},{"taxonomy":"product_tag","embeddable":true,"href":"https:\/\/roulettes.vaniseo.top\/index.php\/wp-json\/wp\/v2\/product_tag?post=143"}],"curies":[{"name":"wp","href":"https:\/\/api.w.org\/{rel}","templated":true}]}}