{"id":144,"date":"2022-04-04T16:20:25","date_gmt":"2022-04-04T14:20:25","guid":{"rendered":"https:\/\/roulettes.vaniseo.top\/index.php\/produit\/porte-manteaux-4-crochets-etagere-metal\/"},"modified":"2022-04-04T17:15:43","modified_gmt":"2022-04-04T15:15:43","slug":"porte-manteaux-4-crochets-etagere-metal","status":"publish","type":"product","link":"https:\/\/roulettes.vaniseo.top\/index.php\/produit\/porte-manteaux-4-crochets-etagere-metal\/","title":{"rendered":"Porte manteaux 4 crochets \u00e9tag\u00e8re m\u00e9tal"},"content":{"rendered":"<h4>Etag\u00e8re vestiaire d&rsquo;entr\u00e9e en m\u00e9tal noir.<\/h4>\n<p>_x000D_nPorte manteaux 4 crochets <strong>\u00e9tag\u00e8re m\u00e9tal<\/strong>._x000D_n_x000D_nCette \u00e9tag\u00e8re\u00a0en m\u00e9tal noir est \u00e0 poser partout dans la maison pour ne plus laisser trainer ses affaires._x000D_n_x000D_nElle est particuli\u00e8rement adapt\u00e9e \u00e0 l&rsquo;entr\u00e9e pour <em><strong>d\u00e9poser son manteau<\/strong><\/em>, son \u00e9charpe, ses clefs, son portefeuille et son portable._x000D_n_x000D_nDans l&rsquo;entr\u00e9e au dessus d&rsquo;un meuble bas, elle saura se rendre indispensable._x000D_n_x000D_nElle comporte un syst\u00e8me d&rsquo;accrochage simple avec deux vis et deux chevilles fournies._x000D_n_x000D_n<span style=\"line-height: 1.5\">Originale et de belle qualit\u00e9,\u00a0<\/span>sa pose n\u00e9cessite l&rsquo;usage d&rsquo;une perceuse._x000D_n<\/p>\n<h4>Dimensions :<\/h4>\n<p>_x000D_n<\/p>\n<ul>_x000D_n \t<\/p>\n<li>Hauteur 31 cm, largeur 35 cm, profondeur de l&rsquo;\u00e9tag\u00e8re 15 cm.<\/li>\n<p>_x000D_n \t<\/p>\n<li>Le crochet \u00e9cartement 5 cm<\/li>\n<p>_x000D_n<\/ul>\n","protected":false},"excerpt":{"rendered":"<p>Porte manteaux <em><strong>4 crochets<\/strong><\/em> <strong>\u00e9tag\u00e8re m\u00e9tal<\/strong>.\u00a0Cette \u00e9tag\u00e8re en m\u00e9tal noir est \u00e0 poser partout dans la maison pour ne plus laisser trainer ses affaires.\u00a0Elle est particuli\u00e8rement adapt\u00e9e \u00e0 l&rsquo;entr\u00e9e pour d\u00e9poser son manteau, son \u00e9charpe, ses clefs, son portefeuille et son portable.<\/p>\n","protected":false},"featured_media":1064,"comment_status":"closed","ping_status":"open","template":"","meta":[],"product_cat":[32],"product_tag":[25],"class_list":["post-144","product","type-product","status-publish","has-post-thumbnail","hentry","product_cat-entree-sejour","product_tag-crochet-patere-patere-design-patere-murale-patere-porte-pateres-porte-manteau-porte-serviette-porte-torchon-vestiaire","description-off"],"_links":{"self":[{"href":"https:\/\/roulettes.vaniseo.top\/index.php\/wp-json\/wp\/v2\/product\/144","targetHints":{"allow":["GET"]}}],"collection":[{"href":"https:\/\/roulettes.vaniseo.top\/index.php\/wp-json\/wp\/v2\/product"}],"about":[{"href":"https:\/\/roulettes.vaniseo.top\/index.php\/wp-json\/wp\/v2\/types\/product"}],"replies":[{"embeddable":true,"href":"https:\/\/roulettes.vaniseo.top\/index.php\/wp-json\/wp\/v2\/comments?post=144"}],"version-history":[{"count":0,"href":"https:\/\/roulettes.vaniseo.top\/index.php\/wp-json\/wp\/v2\/product\/144\/revisions"}],"wp:featuredmedia":[{"embeddable":true,"href":"https:\/\/roulettes.vaniseo.top\/index.php\/wp-json\/wp\/v2\/media\/1064"}],"wp:attachment":[{"href":"https:\/\/roulettes.vaniseo.top\/index.php\/wp-json\/wp\/v2\/media?parent=144"}],"wp:term":[{"taxonomy":"product_cat","embeddable":true,"href":"https:\/\/roulettes.vaniseo.top\/index.php\/wp-json\/wp\/v2\/product_cat?post=144"},{"taxonomy":"product_tag","embeddable":true,"href":"https:\/\/roulettes.vaniseo.top\/index.php\/wp-json\/wp\/v2\/product_tag?post=144"}],"curies":[{"name":"wp","href":"https:\/\/api.w.org\/{rel}","templated":true}]}}