{"id":148,"date":"2022-04-04T16:20:25","date_gmt":"2022-04-04T14:20:25","guid":{"rendered":"https:\/\/roulettes.vaniseo.top\/index.php\/produit\/porte-manteau-design-noir-boule-verte-superliving\/"},"modified":"2022-04-04T17:15:49","modified_gmt":"2022-04-04T15:15:49","slug":"porte-manteau-design-noir-boule-verte-superliving","status":"publish","type":"product","link":"https:\/\/roulettes.vaniseo.top\/index.php\/produit\/porte-manteau-design-noir-boule-verte-superliving\/","title":{"rendered":"Porte-manteau design noir boule verte SUPERLIVING"},"content":{"rendered":"<h4>Vestiaire industriel m\u00e9tal noir boule verte \u00ab\u00a0SUPERLIVING\u00a0\u00bb.<\/h4>\n<p>_x000D_nPorte-manteau design <strong>noir<\/strong> <em><strong>boule verte<\/strong><\/em> SUPERLIVING._x000D_n_x000D_nCette pat\u00e8re design en m\u00e9tal noir avec une boule en bois peint verte est \u00e0 poser partout dans la maison pour ne plus laisser trainer ses affaires._x000D_n_x000D_nPorte-manteau noir boule verte, il est particuli\u00e8rement adapt\u00e9 pour l&rsquo;entr\u00e9e afin d&rsquo;y d\u00e9poser son manteau, son \u00e9charpe ou son chapeau._x000D_n_x000D_nFabriqu\u00e9e en Europe cette pat\u00e8re comporte un syst\u00e8me d&rsquo;accrochage simple avec deux vis et deux chevilles fournies._x000D_n_x000D_n<span style=\"line-height: 1.5\">Elle\u00a0est originale et de tr\u00e8s belle qualit\u00e9.<\/span>_x000D_n_x000D_nSa pose n\u00e9cessite l&rsquo;usage d&rsquo;une perceuse._x000D_n<\/p>\n<h4>Dimensions :<\/h4>\n<p>_x000D_n<\/p>\n<ul>_x000D_n \t<\/p>\n<li>Hauteur maxi 13 cm.<\/li>\n<p>_x000D_n \t<\/p>\n<li>Diam\u00e8tre de la boule en bois 3,5 cm.<\/li>\n<p>_x000D_n \t<\/p>\n<li>Le crochet bas \u00e9cartement 5 cm.<\/li>\n<p>_x000D_n \t<\/p>\n<li>La boule \u00e9cartement 12,5 cm.<\/li>\n<p>_x000D_n<\/ul>\n","protected":false},"excerpt":{"rendered":"<p>Porte-manteau design <strong>noir<\/strong> <em><strong>boule verte<\/strong><\/em> SUPERLIVING.\u00a0Cette pat\u00e8re design en m\u00e9tal noir avec une boule en bois peint verte est \u00e0 poser partout dans la maison pour ne plus laisser trainer ses affaires.\u00a0Elle est particuli\u00e8rement adapt\u00e9e pour l&rsquo;entr\u00e9e afin d&rsquo;y d\u00e9poser son manteau, son \u00e9charpe ou son chapeau.<\/p>\n","protected":false},"featured_media":1075,"comment_status":"closed","ping_status":"open","template":"","meta":[],"product_cat":[29,19,32,21,22,17],"product_tag":[27],"class_list":["post-148","product","type-product","status-publish","has-post-thumbnail","hentry","product_cat-chambre-adulte","product_cat-collectivite","product_cat-entree-sejour","product_cat-entreprise","product_cat-pro","product_cat-salle-de-bain","product_tag-crochet-patere-patere-design-patere-murale-patere-porte-pateres-porte-serviette-porte-torchon-vestiaire","description-off"],"_links":{"self":[{"href":"https:\/\/roulettes.vaniseo.top\/index.php\/wp-json\/wp\/v2\/product\/148","targetHints":{"allow":["GET"]}}],"collection":[{"href":"https:\/\/roulettes.vaniseo.top\/index.php\/wp-json\/wp\/v2\/product"}],"about":[{"href":"https:\/\/roulettes.vaniseo.top\/index.php\/wp-json\/wp\/v2\/types\/product"}],"replies":[{"embeddable":true,"href":"https:\/\/roulettes.vaniseo.top\/index.php\/wp-json\/wp\/v2\/comments?post=148"}],"version-history":[{"count":0,"href":"https:\/\/roulettes.vaniseo.top\/index.php\/wp-json\/wp\/v2\/product\/148\/revisions"}],"wp:featuredmedia":[{"embeddable":true,"href":"https:\/\/roulettes.vaniseo.top\/index.php\/wp-json\/wp\/v2\/media\/1075"}],"wp:attachment":[{"href":"https:\/\/roulettes.vaniseo.top\/index.php\/wp-json\/wp\/v2\/media?parent=148"}],"wp:term":[{"taxonomy":"product_cat","embeddable":true,"href":"https:\/\/roulettes.vaniseo.top\/index.php\/wp-json\/wp\/v2\/product_cat?post=148"},{"taxonomy":"product_tag","embeddable":true,"href":"https:\/\/roulettes.vaniseo.top\/index.php\/wp-json\/wp\/v2\/product_tag?post=148"}],"curies":[{"name":"wp","href":"https:\/\/api.w.org\/{rel}","templated":true}]}}