{"id":149,"date":"2022-04-04T16:20:25","date_gmt":"2022-04-04T14:20:25","guid":{"rendered":"https:\/\/roulettes.vaniseo.top\/index.php\/produit\/porte-manteaux-design-6-boules-multicolor-superliving\/"},"modified":"2022-04-04T17:15:50","modified_gmt":"2022-04-04T15:15:50","slug":"porte-manteaux-design-6-boules-multicolor-superliving","status":"publish","type":"product","link":"https:\/\/roulettes.vaniseo.top\/index.php\/produit\/porte-manteaux-design-6-boules-multicolor-superliving\/","title":{"rendered":"Porte manteaux design 6 boules multicolor SUPERLIVING"},"content":{"rendered":"<h3>Porte manteau industriel en m\u00e9tal blanc avec boules en bois multicolor<\/h3>\n<p>_x000D_n<strong>1001 Pat\u00e8res<\/strong> vous propose son <strong>porte manteaux design 6 boules multicolor<\/strong> de la marque <strong>Superliving<\/strong>._x000D_n_x000D_nEn effet, <strong>notre site est n\u00b01 en France<\/strong> dans la vente de pat\u00e8res et porte manteaux. Au quotidien, vous d\u00e9couvrez de nouvelles s\u00e9lections de pat\u00e8res issues de <strong>grandes marques internationales, aux meilleurs rapports qualit\u00e9 prix.<\/strong>_x000D_n_x000D_nAinsi, ici d\u00e9couvrez avec <strong><a href=\"https:\/\/1001pateres.com\/brand\/superliving\">Superliving<\/a><\/strong>, un <strong>porte manteau industriel \u00e0 boules en bois<\/strong>. Nous proposons aussi le m\u00eame mod\u00e8le mais avec <a href=\"https:\/\/1001pateres.com\/produit\/porte-manteaux-design-6-boules-gris-superliving\/\">boules grises<\/a>.\u00a0Rappelons que <a href=\"https:\/\/superliving.dk\" target=\"_blank\" rel=\"noopener\">Superliving<\/a> est une <strong>marque danoise<\/strong>. Sur 1001 pat\u00e8res, vous avez pu d\u00e9couvrir de <strong>nombreuses r\u00e9f\u00e9rences de pat\u00e8res en forme de boules ou de galets<\/strong> tr\u00e8s qualitatifs et pour tous les go\u00fbts._x000D_n_x000D_nIci, ce porte manteaux design est en <strong>m\u00e9tal blanc<\/strong> avec\u00a0<strong>6 <\/strong><strong>boules en bois peint<\/strong>\u00a0de fa\u00e7on multicolor. Cela lui offre un <strong>style joviale et dynamique<\/strong> pour toute pi\u00e8ce color\u00e9e de votre maison ou bureau. Avec 6 pat\u00e8res, vous \u00eates s\u00fbr d&rsquo;<strong>optimiser le rangement de votre espace<\/strong>. \u00a0Toutefois, avec autant de robustesse, cette pat\u00e8re est <strong>particuli\u00e8rement adapt\u00e9e pour l&rsquo;entr\u00e9e<\/strong> afin d&rsquo;y d\u00e9poser les manteaux, \u00e9charpes ou chapeaux._x000D_n_x000D_n&nbsp;_x000D_n<\/p>\n<h3>Installer le porte manteau design 6 boules multicolor Superliving<\/h3>\n<p>_x000D_nFabriqu\u00e9e en Europe, elle\u00a0comporte un <strong>syst\u00e8me d&rsquo;accrochage simple<\/strong> avec quatre vis et quatre chevilles fournies. Sa pose n\u00e9cessite l&rsquo;usage d&rsquo;une perceuse. Ses <strong>dimensions<\/strong> sont de:_x000D_n<\/p>\n<ul>_x000D_n \t<\/p>\n<li>Hauteur maxi 27 cm<\/li>\n<p>_x000D_n \t<\/p>\n<li>Diam\u00e8tre de la boule en bois en haut 3,5 cm et en bas 2,5 cm<\/li>\n<p>_x000D_n \t<\/p>\n<li>Ecartement bas : 7 cm<\/li>\n<p>_x000D_n \t<\/p>\n<li>Partie haute \u00e9cartement : 12,5 cm.<\/li>\n<p>_x000D_n<\/ul>\n<p>_x000D_n<span style=\"line-height: 1.5\">Nos clients la choisissent car elle\u00a0est originale et de tr\u00e8s belle qualit\u00e9.<\/span><\/p>\n","protected":false},"excerpt":{"rendered":"<p>Porte-manteaux design<strong> 6 boules multicolor<\/strong> <em><strong>SUPERLIVING<\/strong><\/em>. Cette pat\u00e8re design en m\u00e9tal blanc avec 6 boules en bois peint multicolor est \u00e0 poser partout dans la maison pour ne plus laisser trainer ses affaires. Elle est particuli\u00e8rement adapt\u00e9e pour l&rsquo;entr\u00e9e afin d&rsquo;y d\u00e9poser les manteaux, \u00e9charpes ou chapeaux.<\/p>\n","protected":false},"featured_media":1078,"comment_status":"closed","ping_status":"open","template":"","meta":[],"product_cat":[29,19,32,21,22,17],"product_tag":[25],"class_list":["post-149","product","type-product","status-publish","has-post-thumbnail","hentry","product_cat-chambre-adulte","product_cat-collectivite","product_cat-entree-sejour","product_cat-entreprise","product_cat-pro","product_cat-salle-de-bain","product_tag-crochet-patere-patere-design-patere-murale-patere-porte-pateres-porte-manteau-porte-serviette-porte-torchon-vestiaire","description-off"],"_links":{"self":[{"href":"https:\/\/roulettes.vaniseo.top\/index.php\/wp-json\/wp\/v2\/product\/149","targetHints":{"allow":["GET"]}}],"collection":[{"href":"https:\/\/roulettes.vaniseo.top\/index.php\/wp-json\/wp\/v2\/product"}],"about":[{"href":"https:\/\/roulettes.vaniseo.top\/index.php\/wp-json\/wp\/v2\/types\/product"}],"replies":[{"embeddable":true,"href":"https:\/\/roulettes.vaniseo.top\/index.php\/wp-json\/wp\/v2\/comments?post=149"}],"version-history":[{"count":0,"href":"https:\/\/roulettes.vaniseo.top\/index.php\/wp-json\/wp\/v2\/product\/149\/revisions"}],"wp:featuredmedia":[{"embeddable":true,"href":"https:\/\/roulettes.vaniseo.top\/index.php\/wp-json\/wp\/v2\/media\/1078"}],"wp:attachment":[{"href":"https:\/\/roulettes.vaniseo.top\/index.php\/wp-json\/wp\/v2\/media?parent=149"}],"wp:term":[{"taxonomy":"product_cat","embeddable":true,"href":"https:\/\/roulettes.vaniseo.top\/index.php\/wp-json\/wp\/v2\/product_cat?post=149"},{"taxonomy":"product_tag","embeddable":true,"href":"https:\/\/roulettes.vaniseo.top\/index.php\/wp-json\/wp\/v2\/product_tag?post=149"}],"curies":[{"name":"wp","href":"https:\/\/api.w.org\/{rel}","templated":true}]}}