{"id":150,"date":"2022-04-04T16:20:25","date_gmt":"2022-04-04T14:20:25","guid":{"rendered":"https:\/\/roulettes.vaniseo.top\/index.php\/produit\/porte-manteau-metal-blanc-et-5-boules-bois-multicolor-superliving\/"},"modified":"2022-04-04T17:15:51","modified_gmt":"2022-04-04T15:15:51","slug":"porte-manteau-metal-blanc-et-5-boules-bois-multicolor-superliving","status":"publish","type":"product","link":"https:\/\/roulettes.vaniseo.top\/index.php\/produit\/porte-manteau-metal-blanc-et-5-boules-bois-multicolor-superliving\/","title":{"rendered":"Porte manteau m\u00e9tal blanc et 5 boules bois multicolor SUPERLIVING"},"content":{"rendered":"<h3><b>Porte manteau en m\u00e9tal blanc avec 5 boules en bois multicolor<\/b><\/h3>\n<p>_x000D_n<strong>1001 Pat\u00e8res<\/strong> pr\u00e9sente le\u00a0<strong>porte manteau m\u00e9tal\u00a0blanc et ses 5 boules bois multicolor<\/strong> de la marque <a href=\"https:\/\/superliving.dk\/\" target=\"_blank\" rel=\"noopener\"><strong>Superliving<\/strong><\/a>._x000D_n_x000D_nEn effet, avec ce site n\u00b01 en France dans la vente de pat\u00e8res et porte manteaux, vous avez trouver des p\u00e9pites. R\u00e9guli\u00e8rement, nous pr\u00e9sentons de nouvelles s\u00e9lections de <strong>pat\u00e8res<\/strong>\u00a0de <strong>d\u00e9corateurs internationaux, aux meilleurs rapports qualit\u00e9 prix.<\/strong>_x000D_n_x000D_nD&rsquo;ailleurs, ici, il s&rsquo;agit de la marque\u00a0<a href=\"https:\/\/1001pateres.com\/brand\/superliving\">Superliving<\/a>, une marque danoise. Sur notre site 1001 pat\u00e8res, vous pourrez d\u00e9couvrir de nombreuses r\u00e9f\u00e9rences de <strong>pat\u00e8res en forme de boules ou de galets tr\u00e8s qualitatifs et pour tous les go\u00fbts<\/strong>. Ici, il s&rsquo;agit de la collection classique d&rsquo;un rectangle et ses 5 <strong>boules qui ne marquent pas les v\u00eatements<\/strong>. Le mod\u00e8le ci-contre est propos\u00e9 avec des boules multicolor mais il existe aussi avec des\u00a0<a href=\"https:\/\/1001pateres.com\/produit\/porte-manteaux-design-5-boules-vert-olive-superliving\/\">boules vertes olives<\/a>._x000D_n_x000D_nPar ailleurs, ce qui fait le charme de cette r\u00e9f\u00e9rence de porte manteau, ce sont ses <strong>mat\u00e9riaux<\/strong>:_x000D_n<\/p>\n<ul>_x000D_n \t<\/p>\n<li>Le\u00a0<b>m\u00e9tal peint en blanc<\/b>\u00a0pour le support<\/li>\n<p>_x000D_n \t<\/p>\n<li>Le bois peint en multicolor pour ses\u00a0<strong>5<\/strong><b>\u00a0boules<\/b><\/li>\n<p>_x000D_n<\/ul>\n<p>_x000D_nCette combinaison de mati\u00e8re offre beaucoup de modernit\u00e9 et de brillance \u00e0 votre d\u00e9coration d&rsquo;int\u00e9rieur. Le c\u00f4t\u00e9 multicolor est un v\u00e9ritable dynamisant qui convient \u00e0\u00a0toute pi\u00e8ce color\u00e9e de votre maison ou bureau. De plus, avec 5 pat\u00e8res, vous \u00eates <strong>s\u00fbr d&rsquo;optimiser le rangement<\/strong> de votre espace._x000D_n_x000D_n&nbsp;_x000D_n<\/p>\n<h3><b>Installation du porte manteau m\u00e9tal blanc et 5 boules bois multicolor<\/b><\/h3>\n<p>_x000D_n<strong>Fabriqu\u00e9e en Europe<\/strong>, ce porte manteau en m\u00e9tal blanc comporte un syst\u00e8me d&rsquo;accrochage simple de r\u00e9alisation. Vous n&rsquo;aurez aucune difficult\u00e9 \u00e0 l&rsquo;installer gr\u00e2ce ses 4 vis et 4 chevilles incluses. Bien s\u00fbr, s&rsquo;il y a cheville, il y a forc\u00e9ment perceuse requise. Pensez donc \u00e0 vous munir de cet outil pour une bonne installation. V\u00e9rifiez \u00e9galement les <strong>dimensions<\/strong> de votre espaces et comparez les \u00e0 celles du produit, \u00e0 savoir:_x000D_n<\/p>\n<ul>_x000D_n \t<\/p>\n<li>Dimensions de la plaque: \u00a032 cm X 5 cm<\/li>\n<p>_x000D_n \t<\/p>\n<li>Diam\u00e8tre des boules en bois: 1,8\u00a0cm<\/li>\n<p>_x000D_n \t<\/p>\n<li>Ecartement du mur: 3 cm<\/li>\n<p>_x000D_n<\/ul>\n<p>_x000D_nTout comme nos pr\u00e9c\u00e9dents clients, vous l&rsquo;aimerez pour son choix de mat\u00e9riaux, sa qualit\u00e9 et ses finitions. Pour toute demande de devis, et uniquement en cas de commande en quantit\u00e9, n\u2019h\u00e9sitez pas \u00e0 nous adresser votre demande via le formulaire en page Contact de ce site.<\/p>\n","protected":false},"excerpt":{"rendered":"<p>Porte-manteaux design <strong>5 boules multicolor<\/strong> <em><strong>SUPERLIVING<\/strong><\/em>. Cette pat\u00e8re design mont\u00e9e sur une plaque en m\u00e9tal blanc comporte 5 boules en bois peint multicolor, elle est \u00e0 poser partout dans la maison pour ne plus laisser trainer ses affaires. Elle est particuli\u00e8rement adapt\u00e9e dans l&rsquo;entr\u00e9e afin d&rsquo;y d\u00e9poser les manteaux, \u00e9charpes ou chapeaux.<\/p>\n","protected":false},"featured_media":1081,"comment_status":"closed","ping_status":"open","template":"","meta":[],"product_cat":[29,19,32,21,22,17],"product_tag":[25],"class_list":["post-150","product","type-product","status-publish","has-post-thumbnail","hentry","product_cat-chambre-adulte","product_cat-collectivite","product_cat-entree-sejour","product_cat-entreprise","product_cat-pro","product_cat-salle-de-bain","product_tag-crochet-patere-patere-design-patere-murale-patere-porte-pateres-porte-manteau-porte-serviette-porte-torchon-vestiaire","description-off"],"_links":{"self":[{"href":"https:\/\/roulettes.vaniseo.top\/index.php\/wp-json\/wp\/v2\/product\/150","targetHints":{"allow":["GET"]}}],"collection":[{"href":"https:\/\/roulettes.vaniseo.top\/index.php\/wp-json\/wp\/v2\/product"}],"about":[{"href":"https:\/\/roulettes.vaniseo.top\/index.php\/wp-json\/wp\/v2\/types\/product"}],"replies":[{"embeddable":true,"href":"https:\/\/roulettes.vaniseo.top\/index.php\/wp-json\/wp\/v2\/comments?post=150"}],"version-history":[{"count":0,"href":"https:\/\/roulettes.vaniseo.top\/index.php\/wp-json\/wp\/v2\/product\/150\/revisions"}],"wp:featuredmedia":[{"embeddable":true,"href":"https:\/\/roulettes.vaniseo.top\/index.php\/wp-json\/wp\/v2\/media\/1081"}],"wp:attachment":[{"href":"https:\/\/roulettes.vaniseo.top\/index.php\/wp-json\/wp\/v2\/media?parent=150"}],"wp:term":[{"taxonomy":"product_cat","embeddable":true,"href":"https:\/\/roulettes.vaniseo.top\/index.php\/wp-json\/wp\/v2\/product_cat?post=150"},{"taxonomy":"product_tag","embeddable":true,"href":"https:\/\/roulettes.vaniseo.top\/index.php\/wp-json\/wp\/v2\/product_tag?post=150"}],"curies":[{"name":"wp","href":"https:\/\/api.w.org\/{rel}","templated":true}]}}