{"id":151,"date":"2022-04-04T16:20:25","date_gmt":"2022-04-04T14:20:25","guid":{"rendered":"https:\/\/roulettes.vaniseo.top\/index.php\/produit\/porte-manteaux-design-galets-rose-superliving\/"},"modified":"2022-04-04T17:15:51","modified_gmt":"2022-04-04T15:15:51","slug":"porte-manteaux-design-galets-rose-superliving","status":"publish","type":"product","link":"https:\/\/roulettes.vaniseo.top\/index.php\/produit\/porte-manteaux-design-galets-rose-superliving\/","title":{"rendered":"Porte-manteaux design galets rose SUPERLIVING"},"content":{"rendered":"<h4>Porte-serviettes galets rose.<\/h4>\n<p>_x000D_nPorte-manteaux design <em><strong>galets rose<\/strong><\/em> <strong>SUPERLIVING<\/strong>._x000D_n_x000D_nCes 3 pat\u00e8res design sont mont\u00e9es sur un support en m\u00e9tal blanc et forment des galets en bois peint, un cr\u00e8me, un rouge et un rose._x000D_n_x000D_nElle sont \u00e0 poser partout dans la maison pour ne plus laisser trainer ses affaires._x000D_n_x000D_nCes porte-manteaux design galets rose sont particuli\u00e8rement adapt\u00e9s dans l&rsquo;entr\u00e9e pour d\u00e9poser les manteaux, \u00e9charpes ou chapeaux._x000D_n_x000D_nFabriqu\u00e9e en Europe ces pat\u00e8res comportent un syst\u00e8me d&rsquo;accrochage avec vis et chevilles fournies._x000D_n_x000D_n<span style=\"line-height: 1.5\">Elles sont originales et de tr\u00e8s belle qualit\u00e9.<\/span>_x000D_n_x000D_nLa pose n\u00e9cessite l&rsquo;usage d&rsquo;une perceuse._x000D_n<\/p>\n<h4>Dimensions :<\/h4>\n<p>_x000D_n<\/p>\n<ul>_x000D_n \t<\/p>\n<li>Diam\u00e8tre du petit galet 6 cm, diam\u00e8tre du moyen galet 7,5 cm, diam\u00e8tre du grand galet 9 cm.<\/li>\n<p>_x000D_n \t<\/p>\n<li>Ecartement du mur 1,5 cm.<\/li>\n<p>_x000D_n<\/ul>\n","protected":false},"excerpt":{"rendered":"<p>Porte-manteaux design <em><strong>galets rose<\/strong><\/em> <strong>SUPERLIVING<\/strong>. Ces 3 pat\u00e8res design sont mont\u00e9es sur un support en m\u00e9tal blanc et forment des galets en bois peint, un cr\u00e8me, un rouge et un rose. Elle sont \u00e0 poser partout dans la maison pour ne plus laisser trainer ses affaires. Elles sont particuli\u00e8rement adapt\u00e9es dans l&rsquo;entr\u00e9e pour d\u00e9poser les manteaux, \u00e9charpes ou chapeaux.<\/p>\n","protected":false},"featured_media":1084,"comment_status":"closed","ping_status":"open","template":"","meta":[],"product_cat":[32,17],"product_tag":[25],"class_list":["post-151","product","type-product","status-publish","has-post-thumbnail","hentry","product_cat-entree-sejour","product_cat-salle-de-bain","product_tag-crochet-patere-patere-design-patere-murale-patere-porte-pateres-porte-manteau-porte-serviette-porte-torchon-vestiaire","description-off"],"_links":{"self":[{"href":"https:\/\/roulettes.vaniseo.top\/index.php\/wp-json\/wp\/v2\/product\/151","targetHints":{"allow":["GET"]}}],"collection":[{"href":"https:\/\/roulettes.vaniseo.top\/index.php\/wp-json\/wp\/v2\/product"}],"about":[{"href":"https:\/\/roulettes.vaniseo.top\/index.php\/wp-json\/wp\/v2\/types\/product"}],"replies":[{"embeddable":true,"href":"https:\/\/roulettes.vaniseo.top\/index.php\/wp-json\/wp\/v2\/comments?post=151"}],"version-history":[{"count":0,"href":"https:\/\/roulettes.vaniseo.top\/index.php\/wp-json\/wp\/v2\/product\/151\/revisions"}],"wp:featuredmedia":[{"embeddable":true,"href":"https:\/\/roulettes.vaniseo.top\/index.php\/wp-json\/wp\/v2\/media\/1084"}],"wp:attachment":[{"href":"https:\/\/roulettes.vaniseo.top\/index.php\/wp-json\/wp\/v2\/media?parent=151"}],"wp:term":[{"taxonomy":"product_cat","embeddable":true,"href":"https:\/\/roulettes.vaniseo.top\/index.php\/wp-json\/wp\/v2\/product_cat?post=151"},{"taxonomy":"product_tag","embeddable":true,"href":"https:\/\/roulettes.vaniseo.top\/index.php\/wp-json\/wp\/v2\/product_tag?post=151"}],"curies":[{"name":"wp","href":"https:\/\/api.w.org\/{rel}","templated":true}]}}