{"id":152,"date":"2022-04-04T16:20:25","date_gmt":"2022-04-04T14:20:25","guid":{"rendered":"https:\/\/roulettes.vaniseo.top\/index.php\/produit\/patere-design-avec-cadre-photo-aimante-rouge-presse-citron\/"},"modified":"2022-04-04T17:15:53","modified_gmt":"2022-04-04T15:15:53","slug":"patere-design-avec-cadre-photo-aimante-rouge-presse-citron","status":"publish","type":"product","link":"https:\/\/roulettes.vaniseo.top\/index.php\/produit\/patere-design-avec-cadre-photo-aimante-rouge-presse-citron\/","title":{"rendered":"Pat\u00e8re design avec cadre photo aimant\u00e9 rouge PRESSE CITRON"},"content":{"rendered":"<h3>Cadre photo aimant\u00e9 avec pat\u00e8re en m\u00e9tal rouge<\/h3>\n<p>_x000D_nN\u00b01 en France de pat\u00e8res et porte manteaux, le marchand en ligne\u00a0<strong>1001 Pat\u00e8res<\/strong>\u00a0vous pr\u00e9sente ici toutes les infos techniques et d\u00e9coratives de la <strong>pat\u00e8re design avec cadre photo aimant\u00e9 rouge\u00a0<\/strong>mais aussi de sa marque,\u00a0<strong>Presse Citron<\/strong>._x000D_n_x000D_nAinsi, ici, 1001 Pat\u00e8res propose des produits au meilleur rapport qualit\u00e9 prix issus de marques internationales comme la marque fran\u00e7aise\u00a0<a href=\"https:\/\/1001pateres.com\/brand\/presse-citron\">Presse Citron<\/a>. Cette derni\u00e8re est une marque proposant des <strong>objets de rangement peu communs,\u00a0de couleurs vives\u00a0<\/strong>et de <strong>tr\u00e8s belle\u00a0qualit\u00e9<\/strong>._x000D_n_x000D_nCi-contre, appr\u00e9ciez cette pat\u00e8re design avec cadre photo aimant\u00e9 en acier rouge qui modernise toute d\u00e9coration d&rsquo;int\u00e9rieur. Elle s&rsquo;accorde facilement \u00e0 toute d\u00e9coration de maison ou d&rsquo;entreprise moderne. Elle offre en outre, une v\u00e9ritable aide au rangement. Bureaux comme entr\u00e9e d&rsquo;appartement pourront volontiers utiliser un tel objet._x000D_n_x000D_nD\u2019ailleurs, son cadre est en <strong>acier teint\u00e9 dans la masse, de couleur rouge<\/strong>. Il\u00a0accueille n\u2019importe quelle <strong>image<\/strong> ou <strong>photo\u00a0<\/strong>pour le\u00a0<strong>personnaliser<\/strong>. Ainsi, chaque membre de la famille ou d&rsquo;une \u00e9quipe professionnelle pourra installer sa propre repr\u00e9sentation personnelle et le d\u00e9finir comment \u00e9tant sa propre pat\u00e8re. En plus, sachez que cette r\u00e9f\u00e9rence fait partie d&rsquo;une <strong>collection compl\u00e8te aux coloris<\/strong>\u00a0vari\u00e9s comme le vert anglais, le rose saumon, le bleu glacial, le rose flashy, le gris, et le <a href=\"https:\/\/1001pateres.com\/produit\/patere-design-avec-cadre-photo-aimante-noir\/\">noir<\/a>._x000D_n_x000D_n&nbsp;_x000D_n<\/p>\n<h3>Accrocher la pat\u00e8re design avec cadre photo aimant\u00e9 rouge<\/h3>\n<p>_x000D_nEnfin, ce cadre aimant\u00e9 avec pat\u00e8re en m\u00e9tal inclut dans son colis un <strong>syst\u00e8me d\u2019accrochage rapide et simple<\/strong> d&rsquo;installation. Deux vis et chevilles sont fournies mais la fixation n\u00e9cessite tout de m\u00eame l\u2019usage d&rsquo;une perceuse._x000D_n_x000D_nPour finir, voici ses <strong>dimensions<\/strong> ci dessous. Tenez en compte, notamment si vous les d\u00e9multipliez en ligne sur un m\u00eame pan de mur, vous aurez ainsi la certitude d&rsquo;avoir assez de place pour toutes:_x000D_n<\/p>\n<ul>_x000D_n \t<\/p>\n<li>Dimensions du cadre photo aimant\u00e9 avec pat\u00e8re: 9 cm X 14,5 cm<\/li>\n<p>_x000D_n \t<\/p>\n<li>Ecartement du mur: 4,5 cm<\/li>\n<p>_x000D_n<\/ul>\n","protected":false},"excerpt":{"rendered":"<p><strong>Pat\u00e8re design cadre photo<\/strong> rouge.\u00a0Ce porte-manteau design de la marque <em><strong>PRESSE CITRON<\/strong><\/em> est en acier teint\u00e9 dans la masse, elle est \u00e0 poser partout dans la maison pour ne plus laisser trainer ses affaires.\u00a0Elle est particuli\u00e8rement adapt\u00e9e \u00e0 l&rsquo;entr\u00e9e et aux chambres pour d\u00e9poser son manteau.<\/p>\n","protected":false},"featured_media":1087,"comment_status":"closed","ping_status":"open","template":"","meta":[],"product_cat":[29,32,17],"product_tag":[27],"class_list":["post-152","product","type-product","status-publish","has-post-thumbnail","hentry","product_cat-chambre-adulte","product_cat-entree-sejour","product_cat-salle-de-bain","product_tag-crochet-patere-patere-design-patere-murale-patere-porte-pateres-porte-serviette-porte-torchon-vestiaire","description-off"],"_links":{"self":[{"href":"https:\/\/roulettes.vaniseo.top\/index.php\/wp-json\/wp\/v2\/product\/152","targetHints":{"allow":["GET"]}}],"collection":[{"href":"https:\/\/roulettes.vaniseo.top\/index.php\/wp-json\/wp\/v2\/product"}],"about":[{"href":"https:\/\/roulettes.vaniseo.top\/index.php\/wp-json\/wp\/v2\/types\/product"}],"replies":[{"embeddable":true,"href":"https:\/\/roulettes.vaniseo.top\/index.php\/wp-json\/wp\/v2\/comments?post=152"}],"version-history":[{"count":0,"href":"https:\/\/roulettes.vaniseo.top\/index.php\/wp-json\/wp\/v2\/product\/152\/revisions"}],"wp:featuredmedia":[{"embeddable":true,"href":"https:\/\/roulettes.vaniseo.top\/index.php\/wp-json\/wp\/v2\/media\/1087"}],"wp:attachment":[{"href":"https:\/\/roulettes.vaniseo.top\/index.php\/wp-json\/wp\/v2\/media?parent=152"}],"wp:term":[{"taxonomy":"product_cat","embeddable":true,"href":"https:\/\/roulettes.vaniseo.top\/index.php\/wp-json\/wp\/v2\/product_cat?post=152"},{"taxonomy":"product_tag","embeddable":true,"href":"https:\/\/roulettes.vaniseo.top\/index.php\/wp-json\/wp\/v2\/product_tag?post=152"}],"curies":[{"name":"wp","href":"https:\/\/api.w.org\/{rel}","templated":true}]}}