{"id":154,"date":"2022-04-04T16:20:25","date_gmt":"2022-04-04T14:20:25","guid":{"rendered":"https:\/\/roulettes.vaniseo.top\/index.php\/produit\/porte-manteau-mural-bois-blanc-love-et-4-boutons\/"},"modified":"2022-04-04T17:15:56","modified_gmt":"2022-04-04T15:15:56","slug":"porte-manteau-mural-bois-blanc-love-et-4-boutons","status":"publish","type":"product","link":"https:\/\/roulettes.vaniseo.top\/index.php\/produit\/porte-manteau-mural-bois-blanc-love-et-4-boutons\/","title":{"rendered":"Porte manteau mural bois blanc LOVE et 4 boutons"},"content":{"rendered":"<h3>Pat\u00e8re en bois blanc LOVE et ses 4 crochets<\/h3>\n<p>_x000D_n<strong>1001 Pat\u00e8res<\/strong> vous propose pour une fois, un peu de <strong>romantisme<\/strong>! Avec l&rsquo;inscription <strong>LOVE<\/strong> sur ce <strong>porte manteau mural bois blanc \u00e0 4 boutons<\/strong>, vous ne manquerez pas de d\u00e9corer tout en rangeant! D\u00e9couvrez ci dessous l&rsquo;ensemble des informations li\u00e9es \u00e0 son installation et son utilisation._x000D_n_x000D_nTout d&rsquo;abord, rappelons que 1001 Pat\u00e8res est le n\u00b01 en France de la <strong>vente en ligne de porte manteaux et pat\u00e8res<\/strong>. Sa s\u00e9lection est issue des meilleures marques internationales. Toutefois, elle dispose aussi de sa propre s\u00e9lection. Ainsi, vous disposez d&rsquo;un <strong>large choix \u00e0 tous les prix pour ranger et d\u00e9corer<\/strong> votre maison, comme votre entreprise, et ce, quelque soit le budget._x000D_n_x000D_nD&rsquo;ailleurs, ci contre, la pat\u00e8re en bois blanc LOVE est une s\u00e9lection <a href=\"https:\/\/1001pateres.com\/brand\/1001pateres\/\">1001 Pat\u00e8res<\/a>. Cette pat\u00e8re est \u00e0 poser partout dans la maison pour ne plus laisser trainer ses affaires.\u00a0Avec son c\u00f4t\u00e9 <strong>romantique<\/strong>, elle s&rsquo;adaptera parfaitement dans les chambres d&rsquo;enfants, d&rsquo;adultes ou dans l&rsquo;entr\u00e9e._x000D_n_x000D_n<span style=\"line-height: 1.5\">Elle\u00a0est <strong>moderne<\/strong> et de <strong>belle qualit\u00e9<\/strong> avec son <strong>bois peint de couleur blanche<\/strong> et ses <strong>4 boutons<\/strong>. Ceux-ci viendront donc servir de crochets pour suspendre aussi bien vos accessoires que vos v\u00eatements et ainsi limiter le nombre d&rsquo;affaires qui trainent.<\/span>_x000D_n_x000D_n&nbsp;_x000D_n<\/p>\n<h3>Installation du porte manteau mural bois blanc LOVE et ses 4 crochets<\/h3>\n<p>_x000D_nPour terminer, c\u00f4t\u00e9 installation, le syst\u00e8me d&rsquo;<strong>installation<\/strong> de la pat\u00e8re en bois blanc dispose d&rsquo;un syst\u00e8me d&rsquo;accrochage <strong>simple<\/strong>. Celui-ci est compos\u00e9 de deux attaches au dos \u00e0 positionner avec <strong>vis et chevilles fournies<\/strong>._x000D_n_x000D_nToutefois, sa pose est tr\u00e8s facile mais n\u00e9cessite l&rsquo;utilisation d&rsquo;une perceuse pour sa fixation._x000D_n_x000D_nEnfin, n&rsquo;oubliez pas de tenir compte de ses <strong>dimensions<\/strong> pour vous assurer que le pan de mur pr\u00e9vu pour recevoir cette pat\u00e8re dispose de suffisamment de place! Voici les dimensions n\u00e9cessaires en question:_x000D_n<\/p>\n<ul>_x000D_n \t<\/p>\n<li>Le porte manteau bois blanc LOVE: 37,5 cm X 9,5 cm<\/li>\n<p>_x000D_n \t<\/p>\n<li>Ecartement du mur: 4 cm<\/li>\n<p>_x000D_n<\/ul>\n","protected":false},"excerpt":{"rendered":"<p><strong>Porte-manteaux romantique<\/strong> <em><strong>LOVE<\/strong><\/em> comportant 4 crochets en bois blanc.\u00a0Cette pat\u00e8re est \u00e0 poser partout dans la maison pour ne plus laisser trainer ses affaires.\u00a0Avec son cot\u00e9 romantique, elle s&rsquo;adaptera parfaitement dans les chambres ou dans l&rsquo;entr\u00e9e.<\/p>\n","protected":false},"featured_media":1095,"comment_status":"closed","ping_status":"open","template":"","meta":[],"product_cat":[29,16,32],"product_tag":[25],"class_list":["post-154","product","type-product","status-publish","has-post-thumbnail","hentry","product_cat-chambre-adulte","product_cat-chambre-enfant","product_cat-entree-sejour","product_tag-crochet-patere-patere-design-patere-murale-patere-porte-pateres-porte-manteau-porte-serviette-porte-torchon-vestiaire","description-off"],"_links":{"self":[{"href":"https:\/\/roulettes.vaniseo.top\/index.php\/wp-json\/wp\/v2\/product\/154","targetHints":{"allow":["GET"]}}],"collection":[{"href":"https:\/\/roulettes.vaniseo.top\/index.php\/wp-json\/wp\/v2\/product"}],"about":[{"href":"https:\/\/roulettes.vaniseo.top\/index.php\/wp-json\/wp\/v2\/types\/product"}],"replies":[{"embeddable":true,"href":"https:\/\/roulettes.vaniseo.top\/index.php\/wp-json\/wp\/v2\/comments?post=154"}],"version-history":[{"count":0,"href":"https:\/\/roulettes.vaniseo.top\/index.php\/wp-json\/wp\/v2\/product\/154\/revisions"}],"wp:featuredmedia":[{"embeddable":true,"href":"https:\/\/roulettes.vaniseo.top\/index.php\/wp-json\/wp\/v2\/media\/1095"}],"wp:attachment":[{"href":"https:\/\/roulettes.vaniseo.top\/index.php\/wp-json\/wp\/v2\/media?parent=154"}],"wp:term":[{"taxonomy":"product_cat","embeddable":true,"href":"https:\/\/roulettes.vaniseo.top\/index.php\/wp-json\/wp\/v2\/product_cat?post=154"},{"taxonomy":"product_tag","embeddable":true,"href":"https:\/\/roulettes.vaniseo.top\/index.php\/wp-json\/wp\/v2\/product_tag?post=154"}],"curies":[{"name":"wp","href":"https:\/\/api.w.org\/{rel}","templated":true}]}}