{"id":158,"date":"2022-04-04T16:20:29","date_gmt":"2022-04-04T14:20:29","guid":{"rendered":"https:\/\/roulettes.vaniseo.top\/index.php\/produit\/porte-manteau-patere-sur-porte-bleu\/"},"modified":"2022-04-04T17:16:14","modified_gmt":"2022-04-04T15:16:14","slug":"porte-manteau-patere-sur-porte-bleu","status":"publish","type":"product","link":"https:\/\/roulettes.vaniseo.top\/index.php\/produit\/porte-manteau-patere-sur-porte-bleu\/","title":{"rendered":"Porte-manteau pat\u00e8re sur porte bleu"},"content":{"rendered":"<h4>Porte-V\u00eatements bleu \u00e0 poser sur porte sans fixation.<\/h4>\n<p>_x000D_n<strong>Porte-manteau<\/strong> pat\u00e8re <em><strong>sur porte bleu<\/strong><\/em>\u00a0en acier peint qui peut servir pour de multiples usages dans la maison ou l&rsquo;entreprise._x000D_n_x000D_nIl se pose sur le haut d&rsquo;une porte de chambre, de dressing, de salle de bain ou de placard pour un maximum de gain de place._x000D_n_x000D_nDe tr\u00e8s belle qualit\u00e9, il sera parfait dans l&rsquo;univers de la salle de bain._x000D_n_x000D_nIl comporte 1 crochet pat\u00e8re et un design moderne qui s&rsquo;adapte aux diff\u00e9rents styles d&rsquo;ambiance._x000D_n_x000D_nIl est tr\u00e8s facile \u00e0 poser et ne n\u00e9cessite aucun outils._x000D_n<\/p>\n<h4>Dimensions :<\/h4>\n<p>_x000D_n<\/p>\n<ul>_x000D_n \t<\/p>\n<li>Hauteur maxi 6 cm<\/li>\n<p>_x000D_n \t<\/p>\n<li>Largeur 2,5 cm<\/li>\n<p>_x000D_n \t<\/p>\n<li>Ecartement de la porte 2,2 cm<\/li>\n<p>_x000D_n \t<\/p>\n<li>Largeur maxi de la porte 4\u00a0cm<\/li>\n<p>_x000D_n<\/ul>\n","protected":false},"excerpt":{"rendered":"<p>Beau <strong>porte-manteau<\/strong> pat\u00e8re <em><strong>sur porte bleu<\/strong><\/em>\u00a0qui peut servir pour de multiples usages dans la maison ou l&rsquo;entreprise.\u00a0Il se pose sur le haut d&rsquo;une porte de chambre, de dressing, de salle de bain ou de placard pour un maximum de gain de place.<\/p>\n","protected":false},"featured_media":1105,"comment_status":"closed","ping_status":"open","template":"","meta":[],"product_cat":[29,16,17],"product_tag":[27],"class_list":["post-158","product","type-product","status-publish","has-post-thumbnail","hentry","product_cat-chambre-adulte","product_cat-chambre-enfant","product_cat-salle-de-bain","product_tag-crochet-patere-patere-design-patere-murale-patere-porte-pateres-porte-serviette-porte-torchon-vestiaire","description-off"],"_links":{"self":[{"href":"https:\/\/roulettes.vaniseo.top\/index.php\/wp-json\/wp\/v2\/product\/158","targetHints":{"allow":["GET"]}}],"collection":[{"href":"https:\/\/roulettes.vaniseo.top\/index.php\/wp-json\/wp\/v2\/product"}],"about":[{"href":"https:\/\/roulettes.vaniseo.top\/index.php\/wp-json\/wp\/v2\/types\/product"}],"replies":[{"embeddable":true,"href":"https:\/\/roulettes.vaniseo.top\/index.php\/wp-json\/wp\/v2\/comments?post=158"}],"version-history":[{"count":0,"href":"https:\/\/roulettes.vaniseo.top\/index.php\/wp-json\/wp\/v2\/product\/158\/revisions"}],"wp:featuredmedia":[{"embeddable":true,"href":"https:\/\/roulettes.vaniseo.top\/index.php\/wp-json\/wp\/v2\/media\/1105"}],"wp:attachment":[{"href":"https:\/\/roulettes.vaniseo.top\/index.php\/wp-json\/wp\/v2\/media?parent=158"}],"wp:term":[{"taxonomy":"product_cat","embeddable":true,"href":"https:\/\/roulettes.vaniseo.top\/index.php\/wp-json\/wp\/v2\/product_cat?post=158"},{"taxonomy":"product_tag","embeddable":true,"href":"https:\/\/roulettes.vaniseo.top\/index.php\/wp-json\/wp\/v2\/product_tag?post=158"}],"curies":[{"name":"wp","href":"https:\/\/api.w.org\/{rel}","templated":true}]}}