{"id":16,"date":"2022-04-04T16:20:00","date_gmt":"2022-04-04T14:20:00","guid":{"rendered":"https:\/\/roulettes.vaniseo.top\/index.php\/produit\/patere-en-bois-peint-en-forme-de-poisson-vert-2\/"},"modified":"2022-04-04T16:20:00","modified_gmt":"2022-04-04T14:20:00","slug":"patere-en-bois-peint-en-forme-de-poisson-vert-2","status":"publish","type":"product","link":"https:\/\/roulettes.vaniseo.top\/index.php\/produit\/patere-en-bois-peint-en-forme-de-poisson-vert-2\/","title":{"rendered":"Pat\u00e8re en bois peint en forme de poisson vert"},"content":{"rendered":"<h4>Porte-manteau en bois peint poisson vert.<\/h4>\n<p>_x000D_nPat\u00e8re en <strong>bois<\/strong> peint <em><strong>poisson vert<\/strong><\/em>._x000D_n_x000D_nJolie pat\u00e8re en bois peint en forme de <em>poisson<\/em> et de couleur vert avec des petites t\u00e2ches noires et \u00e9cailles jaunes._x000D_n_x000D_nCe mod\u00e8le comporte un crochet et un syst\u00e8me d&rsquo;accrochage\u00a0en m\u00e9tal ainsi qu&rsquo;un un embout form\u00e9 d&rsquo;une boule en bois de couleur assortie. Cela permet alors \u00a0plus de s\u00e9curit\u00e9 lors de son utilisation._x000D_n_x000D_nAussi, le design est simple et na\u00eff. Cette pat\u00e8re sera id\u00e9ale pour une chambre d\u2019enfant. Elle y apportera gaiet\u00e9 et d\u00e9corera les murs de la chambre. Celle-ci pourra s&rsquo;adapter \u00e0 la d\u00e9coration de votre choix._x000D_n_x000D_nElle tient au mur avec le crochet de votre choix._x000D_n<\/p>\n<h4>Dimensions :<\/h4>\n<p>_x000D_n<\/p>\n<ul>_x000D_n \t<\/p>\n<li>Le poisson 6 cm X 7,8 cm<\/li>\n<p>_x000D_n \t<\/p>\n<li>Avec le crochet H= 10,5 cm<\/li>\n<p>_x000D_n \t<\/p>\n<li>Ecartement du mur 4 cm<\/li>\n<p>_x000D_n<\/ul>\n","protected":false},"excerpt":{"rendered":"<p>Porte-manteau poisson vert en bois.\u00a0Jolie pat\u00e8re <strong>bois peint<\/strong> <em><strong>poisson vert<\/strong><\/em>.\u00a0Elle comporte un crochet et un syst\u00e8me d&rsquo;accrochage\u00a0en m\u00e9tal avec un embout form\u00e9 d&rsquo;une boule en bois de couleur verte pour plus de s\u00e9curit\u00e9.<\/p>\n","protected":false},"featured_media":0,"comment_status":"closed","ping_status":"open","template":"","meta":[],"product_cat":[16,17],"product_tag":[18],"class_list":["post-16","product","type-product","status-publish","hentry","product_cat-chambre-enfant","product_cat-salle-de-bain","product_tag-crochet-patere-patere-design-patere-murale-patere-porte-porte-serviette-porte-torchon-vestiaire","description-off"],"_links":{"self":[{"href":"https:\/\/roulettes.vaniseo.top\/index.php\/wp-json\/wp\/v2\/product\/16","targetHints":{"allow":["GET"]}}],"collection":[{"href":"https:\/\/roulettes.vaniseo.top\/index.php\/wp-json\/wp\/v2\/product"}],"about":[{"href":"https:\/\/roulettes.vaniseo.top\/index.php\/wp-json\/wp\/v2\/types\/product"}],"replies":[{"embeddable":true,"href":"https:\/\/roulettes.vaniseo.top\/index.php\/wp-json\/wp\/v2\/comments?post=16"}],"version-history":[{"count":0,"href":"https:\/\/roulettes.vaniseo.top\/index.php\/wp-json\/wp\/v2\/product\/16\/revisions"}],"wp:attachment":[{"href":"https:\/\/roulettes.vaniseo.top\/index.php\/wp-json\/wp\/v2\/media?parent=16"}],"wp:term":[{"taxonomy":"product_cat","embeddable":true,"href":"https:\/\/roulettes.vaniseo.top\/index.php\/wp-json\/wp\/v2\/product_cat?post=16"},{"taxonomy":"product_tag","embeddable":true,"href":"https:\/\/roulettes.vaniseo.top\/index.php\/wp-json\/wp\/v2\/product_tag?post=16"}],"curies":[{"name":"wp","href":"https:\/\/api.w.org\/{rel}","templated":true}]}}