{"id":162,"date":"2022-04-04T16:20:29","date_gmt":"2022-04-04T14:20:29","guid":{"rendered":"https:\/\/roulettes.vaniseo.top\/index.php\/produit\/patere-sur-porte-volutes-metal-noir\/"},"modified":"2022-04-04T17:16:32","modified_gmt":"2022-04-04T15:16:32","slug":"patere-sur-porte-volutes-metal-noir","status":"publish","type":"product","link":"https:\/\/roulettes.vaniseo.top\/index.php\/produit\/patere-sur-porte-volutes-metal-noir\/","title":{"rendered":"Pat\u00e8re sur porte volutes m\u00e9tal noir"},"content":{"rendered":"<h4>Porte-manteaux \u00e0 poser sur porte avec volutes noires.<\/h4>\n<p>_x000D_nBelle\u00a0pat\u00e8re <strong>sur porte<\/strong>\u00a0<em><strong>volutes m\u00e9tal noir<\/strong><\/em> qui peut servir pour de diff\u00e9rents usages dans la maison._x000D_n_x000D_nCette pat\u00e8re se pose sur le haut d&rsquo;une porte de chambre, de dressing, de salle de bain ou de placard pour un maximum de gain de place._x000D_n_x000D_nElle comporte 5 crochets pat\u00e8res\u00a0avec de petites boules en bout pour ne pas abimer les v\u00eatements._x000D_n_x000D_nFacile \u00e0 poser, elle ne n\u00e9cessite aucun outil pour un rangement maximum._x000D_n<\/p>\n<h4>Dimensions :<\/h4>\n<p>_x000D_n<\/p>\n<ul>_x000D_n \t<\/p>\n<li>Hauteur maxi 22,5 cm<\/li>\n<p>_x000D_n \t<\/p>\n<li>Largeur 37,5 cm<\/li>\n<p>_x000D_n \t<\/p>\n<li>Ecartement de la porte 5 cm<\/li>\n<p>_x000D_n \t<\/p>\n<li>Largeur maxi de la porte 4,7 cm<\/li>\n<p>_x000D_n<\/ul>\n","protected":false},"excerpt":{"rendered":"<p>Belle <strong>pat\u00e8re sur porte<\/strong> <em><strong>volutes m\u00e9tal noir<\/strong><\/em>\u00a0qui peut servir pour de multiples usages dans la maison.\u00a0Elle se pose sur le haut d&rsquo;une porte de chambre, de dressing, de salle de bain ou de placard pour un maximum de gain de place et ne n\u00e9cessite aucun outils.<\/p>\n","protected":false},"featured_media":1113,"comment_status":"closed","ping_status":"open","template":"","meta":[],"product_cat":[29],"product_tag":[25],"class_list":["post-162","product","type-product","status-publish","has-post-thumbnail","hentry","product_cat-chambre-adulte","product_tag-crochet-patere-patere-design-patere-murale-patere-porte-pateres-porte-manteau-porte-serviette-porte-torchon-vestiaire","description-off"],"_links":{"self":[{"href":"https:\/\/roulettes.vaniseo.top\/index.php\/wp-json\/wp\/v2\/product\/162","targetHints":{"allow":["GET"]}}],"collection":[{"href":"https:\/\/roulettes.vaniseo.top\/index.php\/wp-json\/wp\/v2\/product"}],"about":[{"href":"https:\/\/roulettes.vaniseo.top\/index.php\/wp-json\/wp\/v2\/types\/product"}],"replies":[{"embeddable":true,"href":"https:\/\/roulettes.vaniseo.top\/index.php\/wp-json\/wp\/v2\/comments?post=162"}],"version-history":[{"count":0,"href":"https:\/\/roulettes.vaniseo.top\/index.php\/wp-json\/wp\/v2\/product\/162\/revisions"}],"wp:featuredmedia":[{"embeddable":true,"href":"https:\/\/roulettes.vaniseo.top\/index.php\/wp-json\/wp\/v2\/media\/1113"}],"wp:attachment":[{"href":"https:\/\/roulettes.vaniseo.top\/index.php\/wp-json\/wp\/v2\/media?parent=162"}],"wp:term":[{"taxonomy":"product_cat","embeddable":true,"href":"https:\/\/roulettes.vaniseo.top\/index.php\/wp-json\/wp\/v2\/product_cat?post=162"},{"taxonomy":"product_tag","embeddable":true,"href":"https:\/\/roulettes.vaniseo.top\/index.php\/wp-json\/wp\/v2\/product_tag?post=162"}],"curies":[{"name":"wp","href":"https:\/\/api.w.org\/{rel}","templated":true}]}}