{"id":163,"date":"2022-04-04T16:20:29","date_gmt":"2022-04-04T14:20:29","guid":{"rendered":"https:\/\/roulettes.vaniseo.top\/index.php\/produit\/porte-torchon-autocollant-4-accroches-acier-inoxydable\/"},"modified":"2022-04-04T17:16:36","modified_gmt":"2022-04-04T15:16:36","slug":"porte-torchon-autocollant-4-accroches-acier-inoxydable","status":"publish","type":"product","link":"https:\/\/roulettes.vaniseo.top\/index.php\/produit\/porte-torchon-autocollant-4-accroches-acier-inoxydable\/","title":{"rendered":"Porte torchon autocollant 4 accroches acier inoxydable"},"content":{"rendered":"<h4>Porte-torchons autocollant inox.<\/h4>\n<p>_x000D_nPorte torchon autocollant 4 accroches acier inoxydable._x000D_n_x000D_nJolie petite pat\u00e8re avec <strong>4 crochets<\/strong>\u00a0<em><strong>autocollante<\/strong><\/em> id\u00e9ale pour accrocher torchons, maniques, serviettes ou gants._x000D_n_x000D_nIl se placera \u00e0 l&rsquo;int\u00e9rieur des placards ou sur le carrelage dans les univers de la cuisine comme de la salle de bain._x000D_n_x000D_nPratique, il est \u00e0 coller partout o\u00f9 vous en avez besoin._x000D_n_x000D_nCompos\u00e9 de 4 crochets simple en acier inoxydable et un syst\u00e8me d&rsquo;accrochage avec un patin autocollant, il\u00a0s&rsquo;adaptera et apportera une touche de modernit\u00e9\u00a0\u00e0 votre univers._x000D_n_x000D_nIl est facile \u00e0 poser sur une surface propre._x000D_n<\/p>\n<h4>Dimensions :<\/h4>\n<p>_x000D_n<\/p>\n<ul>_x000D_n \t<\/p>\n<li>La pat\u00e8re 16 cm X 2,5 cm<\/li>\n<p>_x000D_n \t<\/p>\n<li>\u00e9cartement maxi 1,5 cm<\/li>\n<p>_x000D_n<\/ul>\n","protected":false},"excerpt":{"rendered":"<p>Jolie petite pat\u00e8re avec <strong>4 crochets<\/strong> <em><strong>autocollante<\/strong><\/em> id\u00e9ale pour accrocher torchons, maniques, serviettes ou gants.\u00a0Porte torchon autocollant 4 accroches acier inoxydable, il se placera \u00e0 l&rsquo;int\u00e9rieur des placards ou sur le carrelage dans les univers de la cuisine comme de la salle de bain.\u00a0Elle est \u00e0 coller partout o\u00f9 vous en avez besoin.<\/p>\n","protected":false},"featured_media":1115,"comment_status":"closed","ping_status":"open","template":"","meta":[],"product_cat":[20,17],"product_tag":[26],"class_list":["post-163","product","type-product","status-publish","has-post-thumbnail","hentry","product_cat-cuisine","product_cat-salle-de-bain","product_tag-crochet-patere-patere-design-patere-murale-patere-porte-pateres-porte-serviette-porte-torchon","description-off"],"_links":{"self":[{"href":"https:\/\/roulettes.vaniseo.top\/index.php\/wp-json\/wp\/v2\/product\/163","targetHints":{"allow":["GET"]}}],"collection":[{"href":"https:\/\/roulettes.vaniseo.top\/index.php\/wp-json\/wp\/v2\/product"}],"about":[{"href":"https:\/\/roulettes.vaniseo.top\/index.php\/wp-json\/wp\/v2\/types\/product"}],"replies":[{"embeddable":true,"href":"https:\/\/roulettes.vaniseo.top\/index.php\/wp-json\/wp\/v2\/comments?post=163"}],"version-history":[{"count":0,"href":"https:\/\/roulettes.vaniseo.top\/index.php\/wp-json\/wp\/v2\/product\/163\/revisions"}],"wp:featuredmedia":[{"embeddable":true,"href":"https:\/\/roulettes.vaniseo.top\/index.php\/wp-json\/wp\/v2\/media\/1115"}],"wp:attachment":[{"href":"https:\/\/roulettes.vaniseo.top\/index.php\/wp-json\/wp\/v2\/media?parent=163"}],"wp:term":[{"taxonomy":"product_cat","embeddable":true,"href":"https:\/\/roulettes.vaniseo.top\/index.php\/wp-json\/wp\/v2\/product_cat?post=163"},{"taxonomy":"product_tag","embeddable":true,"href":"https:\/\/roulettes.vaniseo.top\/index.php\/wp-json\/wp\/v2\/product_tag?post=163"}],"curies":[{"name":"wp","href":"https:\/\/api.w.org\/{rel}","templated":true}]}}