{"id":164,"date":"2022-04-04T16:20:29","date_gmt":"2022-04-04T14:20:29","guid":{"rendered":"https:\/\/roulettes.vaniseo.top\/index.php\/produit\/patere-elan-beige-en-resine-par-capventure-zoo\/"},"modified":"2022-04-04T17:16:41","modified_gmt":"2022-04-04T15:16:41","slug":"patere-elan-beige-en-resine-par-capventure-zoo","status":"publish","type":"product","link":"https:\/\/roulettes.vaniseo.top\/index.php\/produit\/patere-elan-beige-en-resine-par-capventure-zoo\/","title":{"rendered":"Pat\u00e8re \u00e9lan beige en r\u00e9sine par CapVenture ZOO"},"content":{"rendered":"<h3 class=\"product_title entry-title\">Pat\u00e8re t\u00eate d\u2019\u00e9lan beige de CapVenture, collection ZOO \u00e0 fixer au mur<\/h3>\n<p>_x000D_nPour compl\u00e9ter votre d\u00e9coration d&rsquo;int\u00e9rieur d\u2019une touche d&rsquo;originalit\u00e9, de design, optez pour la <strong>pat\u00e8re \u00e9lan beige en r\u00e9sine<\/strong> par <a href=\"https:\/\/www.capventure.com\/\" target=\"_blank\" rel=\"noopener\">CapVenture<\/a>, collection <strong>ZOO<\/strong>. Elle sera parfaite pour \u00e0 la fois <strong>ranger<\/strong> et <strong>d\u00e9corer<\/strong>! On vous explique tout cela, ci dessous._x000D_n_x000D_nPour commencer, il faut savoir que<strong> 1001 Pat\u00e8res<\/strong> est <strong>Le site de vente en ligne n\u00b01 en France de pat\u00e8res<\/strong> et porte manteaux. Gr\u00e2ce \u00e0 ce site, d\u00e9couvrez une <strong>s\u00e9lection internationale de pat\u00e8res<\/strong> \u00e0 un superbe rapport qualit\u00e9 prix._x000D_n_x000D_nIci, c\u2019est d&rsquo;ailleurs encore le cas avec <a href=\"https:\/\/1001pateres.com\/brand\/capventure\/\"><strong>CapVenture<\/strong><\/a>. En effet, cette marque est originaire des Pays-Bas. Elle propose plusieurs <strong>collections de pat\u00e8res animales en r\u00e9sine<\/strong>. Ainsi, gr\u00e2ce \u00e0 cette mati\u00e8re ultra r\u00e9sistante et robuste, chaque pat\u00e8re peut accueillir jusqu\u2019\u00e0 <strong>5 kg d\u2019affaires<\/strong>. Vous n&rsquo;aurez donc aune difficult\u00e9 \u00e0 l&rsquo;int\u00e9grer \u00e0 votre entr\u00e9e ou tout autre espace de la maison ou du bureau!_x000D_n_x000D_nAlors, d\u00e9couvrez un large choix de collections animales CapVenture sur ce site : <strong>Zoo, Ferme, et Animaux Sauvages<\/strong> notamment. Gr\u00e2ce \u00e0 elles, nos clients d\u00e9multiplient leurs pat\u00e8res pour <strong>cr\u00e9er de v\u00e9ritables univers<\/strong> directement au mur ou sur un <a href=\"https:\/\/1001pateres.com\/produit\/trophee-pour-pateres-zoo-capventure\/\">Troph\u00e9e CapVenture<\/a>._x000D_n_x000D_n&nbsp;_x000D_n<\/p>\n<h3>Pat\u00e8re \u00e9lan beige en r\u00e9sine CapVenture : collection ZOO<\/h3>\n<p>_x000D_nEnfin, ci -contre il s\u2019agit de la pat\u00e8re \u00e9lan beige. Celle-ci est aussi disponible en couleurs <b>noire laqu\u00e9e<\/b>,<b>\u00a0argent\u00e9e<\/b>, <strong>bleue p\u00e9trole<\/strong>, <strong><a href=\"https:\/\/1001pateres.com\/produit\/patere-design-zoo-tete-elan-vert-d-eau\/\">verte d&rsquo;eau<\/a>, et blanche<\/strong>. Pour d\u2019autres t\u00eates d\u2019animaux de la m\u00eame collection, visitez les pages des t\u00eates de <strong>L\u00e9opard,\u00a0Ours brun,\u00a0Faon,\u00a0Loup, et\u00a0Renard.<\/strong> Celles-ci sont disponibles en <strong>coloris unique<\/strong>. Pour d\u2019autres animaux en coloris vari\u00e9s, jetez un oeil aux\u00a0<strong>t\u00eates d\u2019\u00e9l\u00e9phant, de girafe, de cerf et de lapin.<\/strong>_x000D_n_x000D_nQuelque soit celle(s) que vous choisissez, toute comporte un syst\u00e8me d\u2019accrochage avec une vis et une cheville fournies.\u00a0Sa pose n\u00e9cessite l\u2019utilisation d\u2019une perceuse._x000D_n_x000D_n<strong>Dimensions<\/strong> :_x000D_n<\/p>\n<ul>_x000D_n \t<\/p>\n<li>La t\u00eate d&rsquo;\u00e9lan\u00a0: 8,3 cm X 6 cm<\/li>\n<p>_x000D_n<\/ul>\n<p>_x000D_n<\/p>\n<ul>_x000D_n \t<\/p>\n<li>Ecartement du mur 5 cm<\/li>\n<p>_x000D_n<\/ul>\n","protected":false},"excerpt":{"rendered":"<p>Belle pat\u00e8re design de la s\u00e9rie ZOO en forme de t\u00eate d&rsquo;<strong>\u00e9lan beige mat<\/strong>.\u00a0Cette t\u00eate d&rsquo;animal du zoo de la marque <em><strong>CAPVENTURE<\/strong><\/em> est en r\u00e9sine.\u00a0Ce porte-manteau est \u00e0 poser dans la chambre ou dans l&rsquo;entr\u00e9e pour ne plus voir trainer ses affaires.<\/p>\n","protected":false},"featured_media":1117,"comment_status":"closed","ping_status":"open","template":"","meta":[],"product_cat":[16,32],"product_tag":[27],"class_list":["post-164","product","type-product","status-publish","has-post-thumbnail","hentry","product_cat-chambre-enfant","product_cat-entree-sejour","product_tag-crochet-patere-patere-design-patere-murale-patere-porte-pateres-porte-serviette-porte-torchon-vestiaire","description-off"],"_links":{"self":[{"href":"https:\/\/roulettes.vaniseo.top\/index.php\/wp-json\/wp\/v2\/product\/164","targetHints":{"allow":["GET"]}}],"collection":[{"href":"https:\/\/roulettes.vaniseo.top\/index.php\/wp-json\/wp\/v2\/product"}],"about":[{"href":"https:\/\/roulettes.vaniseo.top\/index.php\/wp-json\/wp\/v2\/types\/product"}],"replies":[{"embeddable":true,"href":"https:\/\/roulettes.vaniseo.top\/index.php\/wp-json\/wp\/v2\/comments?post=164"}],"version-history":[{"count":0,"href":"https:\/\/roulettes.vaniseo.top\/index.php\/wp-json\/wp\/v2\/product\/164\/revisions"}],"wp:featuredmedia":[{"embeddable":true,"href":"https:\/\/roulettes.vaniseo.top\/index.php\/wp-json\/wp\/v2\/media\/1117"}],"wp:attachment":[{"href":"https:\/\/roulettes.vaniseo.top\/index.php\/wp-json\/wp\/v2\/media?parent=164"}],"wp:term":[{"taxonomy":"product_cat","embeddable":true,"href":"https:\/\/roulettes.vaniseo.top\/index.php\/wp-json\/wp\/v2\/product_cat?post=164"},{"taxonomy":"product_tag","embeddable":true,"href":"https:\/\/roulettes.vaniseo.top\/index.php\/wp-json\/wp\/v2\/product_tag?post=164"}],"curies":[{"name":"wp","href":"https:\/\/api.w.org\/{rel}","templated":true}]}}