{"id":165,"date":"2022-04-04T16:20:29","date_gmt":"2022-04-04T14:20:29","guid":{"rendered":"https:\/\/roulettes.vaniseo.top\/index.php\/produit\/patere-tete-delan-noire-laquee-capventure-zoo\/"},"modified":"2022-04-04T17:16:43","modified_gmt":"2022-04-04T15:16:43","slug":"patere-tete-delan-noire-laquee-capventure-zoo","status":"publish","type":"product","link":"https:\/\/roulettes.vaniseo.top\/index.php\/produit\/patere-tete-delan-noire-laquee-capventure-zoo\/","title":{"rendered":"Pat\u00e8re t\u00eate d&rsquo;\u00e9lan noire laqu\u00e9e CapVenture ZOO"},"content":{"rendered":"<h3>Pat\u00e8re \u00e9lan noire laqu\u00e9e en r\u00e9sine, collection ZOO par CapVenture<\/h3>\n<p>_x000D_nPour une d\u00e9co plus scandinave, ou plus canadienne, partez \u00e0 la rencontre de l&rsquo;\u00e9lan, ou du caribou! En effet,<strong> 1001 Pat\u00e8res<\/strong>\u00a0dispose de la <strong>pat\u00e8re <\/strong><strong>t\u00eate d\u2019\u00e9lan\u00a0noire laqu\u00e9e CapVenture ZOO<\/strong>. D\u00e9couvrez ci-dessous l\u2019ensemble de ses informations techniques et d\u00e9coratives de cette perle ultra design!_x000D_n_x000D_nPour commencer, il faut savoir que 1001 Pat\u00e8res est le site\u00a0<strong>n\u00b01 en France de pat\u00e8res et porte manteaux<\/strong>. Il recherche les meilleures affaires pour profiter de pat\u00e8res\u00a0<strong>au meilleur rapport qualit\u00e9 prix<\/strong>, pour\u00a0<strong>d\u00e9corer<\/strong> et <strong>ranger<\/strong>\u00a0la maison ou tout espace professionnel._x000D_n_x000D_nAinsi, <a href=\"https:\/\/1001pateres.com\/brand\/capventure\/\">CapVenture<\/a>\u00a0des Pays-Bas, imagine des <strong>pat\u00e8res de t\u00eate d\u2019animaux<\/strong>\u00a0<strong>sauvages<\/strong>, du <strong>zoo<\/strong>, ou encore de la <strong>ferme<\/strong>. Cela permet non seulement d\u2019en choisir \u00e0 l\u2019unit\u00e9, mais aussi de les d\u00e9multiplier sur un mur ou sur un <a href=\"https:\/\/1001pateres.com\/produit\/trophee-pour-pateres-zoo-capventure\/\">troph\u00e9e<\/a>._x000D_n_x000D_n&nbsp;_x000D_n<\/p>\n<h3>Pat\u00e8re CapVenture ZOO : la t\u00eate d\u2019\u00e9lan noire laqu\u00e9e<\/h3>\n<p>_x000D_nD\u2019ailleurs, la t\u00eate d\u2019\u00e9lan noire laqu\u00e9e fait partie de la collection <strong>ZOO<\/strong>. Dans celle-ci, vous aurez l&#8217;embarras du choix en mati\u00e8re de couleurs et d&rsquo;animaux! Des t\u00eates en couleur unique, ou en couleurs vari\u00e9es sont \u00e0 d\u00e9couvrir. Ainsi, parmi les <strong>t\u00eates en couleur unique<\/strong>, retrouvez celles de <strong>L\u00e9opard,\u00a0<\/strong><strong>Ours brun,\u00a0<\/strong><strong>Faon,\u00a0<\/strong><strong>Loup, et\u00a0<\/strong><strong>Renard.<\/strong>_x000D_n_x000D_nEnfin, pour les <strong>t\u00eates d\u00e9clin\u00e9es en couleurs vari\u00e9es<\/strong>, on dispose de cette fameuse <strong>t\u00eate\u00a0<\/strong><b>d\u2019\u00e9lan noire laqu\u00e9e<\/b>\u00a0mais aussi<b>\u00a0argent\u00e9e<\/b>, <strong>bleue p\u00e9trole<\/strong>, <strong>beige, <a href=\"https:\/\/1001pateres.com\/produit\/patere-design-zoo-tete-elan-blanc-laque\/\">blanche<\/a><\/strong> et <strong>verte d\u2019eau<\/strong>. C\u2019est aussi le cas pour les <strong>t\u00eates d\u2019\u00e9l\u00e9phant, de girafe, de cerf et de lapin<\/strong>._x000D_n_x000D_nA noter \u00e9galement que toutes sont fabriqu\u00e9es en <strong>r\u00e9sine<\/strong>\u00a0<strong>r\u00e9sistant \u00e0 un poids maximal de 5 kg<\/strong>. Gr\u00e2ce \u00e0 cette robustesse, elles peuvent \u00eatre install\u00e9es dans n\u2019importe quelle pi\u00e8ce et offrir d\u00e9coration et rangement._x000D_n_x000D_n&nbsp;_x000D_n<\/p>\n<h3>Installer la pat\u00e8re \u00e9lan noire laqu\u00e9e en r\u00e9sine<\/h3>\n<p>_x000D_nPour terminer, pour\u00a0<strong>installer<\/strong>\u00a0la pat\u00e8re t\u00eate d&rsquo;\u00e9lan noire laqu\u00e9e, son syst\u00e8me d\u2019accrochage inclut une vis et une cheville. Ultra simple, il vous faudra seulement vous munir de votre perceuse._x000D_n_x000D_n<strong>Dimensions<\/strong> :_x000D_n<\/p>\n<ul>_x000D_n \t<\/p>\n<li>T\u00eate d&rsquo;\u00e9lan\u00a0: 8,3 cm X 6 cm<\/li>\n<p>_x000D_n<\/ul>\n<p>_x000D_n<\/p>\n<ul>_x000D_n \t<\/p>\n<li>Ecartement du mur : 5 cm<\/li>\n<p>_x000D_n<\/ul>\n","protected":false},"excerpt":{"rendered":"<p>Belle pat\u00e8re design de la s\u00e9rie du ZOO en forme de t\u00eate d&rsquo;<strong>\u00e9lan noir<\/strong> laqu\u00e9.\u00a0Cette t\u00eate d&rsquo;animal du zoo de la marque <em><strong>CAPVENTURE<\/strong><\/em> est en r\u00e9sine.\u00a0Ce porte-manteau est \u00e0 poser dans la chambre ou dans l&rsquo;entr\u00e9e pour ne plus voir trainer ses affaires.<\/p>\n","protected":false},"featured_media":1121,"comment_status":"closed","ping_status":"open","template":"","meta":[],"product_cat":[16,32],"product_tag":[27],"class_list":["post-165","product","type-product","status-publish","has-post-thumbnail","hentry","product_cat-chambre-enfant","product_cat-entree-sejour","product_tag-crochet-patere-patere-design-patere-murale-patere-porte-pateres-porte-serviette-porte-torchon-vestiaire","description-off"],"_links":{"self":[{"href":"https:\/\/roulettes.vaniseo.top\/index.php\/wp-json\/wp\/v2\/product\/165","targetHints":{"allow":["GET"]}}],"collection":[{"href":"https:\/\/roulettes.vaniseo.top\/index.php\/wp-json\/wp\/v2\/product"}],"about":[{"href":"https:\/\/roulettes.vaniseo.top\/index.php\/wp-json\/wp\/v2\/types\/product"}],"replies":[{"embeddable":true,"href":"https:\/\/roulettes.vaniseo.top\/index.php\/wp-json\/wp\/v2\/comments?post=165"}],"version-history":[{"count":0,"href":"https:\/\/roulettes.vaniseo.top\/index.php\/wp-json\/wp\/v2\/product\/165\/revisions"}],"wp:featuredmedia":[{"embeddable":true,"href":"https:\/\/roulettes.vaniseo.top\/index.php\/wp-json\/wp\/v2\/media\/1121"}],"wp:attachment":[{"href":"https:\/\/roulettes.vaniseo.top\/index.php\/wp-json\/wp\/v2\/media?parent=165"}],"wp:term":[{"taxonomy":"product_cat","embeddable":true,"href":"https:\/\/roulettes.vaniseo.top\/index.php\/wp-json\/wp\/v2\/product_cat?post=165"},{"taxonomy":"product_tag","embeddable":true,"href":"https:\/\/roulettes.vaniseo.top\/index.php\/wp-json\/wp\/v2\/product_tag?post=165"}],"curies":[{"name":"wp","href":"https:\/\/api.w.org\/{rel}","templated":true}]}}