{"id":166,"date":"2022-04-04T16:20:29","date_gmt":"2022-04-04T14:20:29","guid":{"rendered":"https:\/\/roulettes.vaniseo.top\/index.php\/produit\/patere-en-forme-de-tete-de-girafe-couleur-cuivree-zoo-par-capventure\/"},"modified":"2022-04-04T17:16:45","modified_gmt":"2022-04-04T15:16:45","slug":"patere-en-forme-de-tete-de-girafe-couleur-cuivree-zoo-par-capventure","status":"publish","type":"product","link":"https:\/\/roulettes.vaniseo.top\/index.php\/produit\/patere-en-forme-de-tete-de-girafe-couleur-cuivree-zoo-par-capventure\/","title":{"rendered":"Pat\u00e8re en forme de t\u00eate de girafe couleur cuivr\u00e9e, ZOO par CapVenture"},"content":{"rendered":"<h3>Pat\u00e8re prenant la forme d&rsquo;une t\u00eate de girafe couleur cuivr\u00e9e, collection ZOO CapVenture<\/h3>\n<p>_x000D_n1001 Pat\u00e8res vous propose de d\u00e9couvrir ici une autre pat\u00e8re en forme de t\u00eate de<strong> girafe couleur cuivr\u00e9e <\/strong>issue de la collection ZOO par CapVenture._x000D_n_x000D_nEn effet, <strong>n\u00b01 en France de la vente en ligne de pat\u00e8res et porte manteaux<\/strong>, <strong>1001 Pat\u00e8res<\/strong> s\u00e9lectionne pour vous un large panel de pat\u00e8res vari\u00e9es pour satisfaire autant les <strong>pros<\/strong> que les <strong>particuliers<\/strong>. Chacune est s\u00e9lectionn\u00e9e d&rsquo;une part pour son style, mais aussi pour sa <strong>robustesse<\/strong> et pour son <strong>bon rapport qualit\u00e9 prix<\/strong>._x000D_n_x000D_nAinsi, <strong>CapVenture<\/strong> propose la <strong>vente de pat\u00e8re en forme de t\u00eate d&rsquo;animal<\/strong>. Chacune est en r\u00e9sine, et permet donc une bonne r\u00e9sistance de charge: 5kg. Vous n&rsquo;aurez aucune question \u00e0 vous poser quand \u00e0 sa robustesse d&rsquo;utilisation sur le long terme. 1001 Pat\u00e8res a s\u00e9lectionn\u00e9 les <strong>collections Ferme, animaux sauvages et marins, et Zoo<\/strong>._x000D_n_x000D_n&nbsp;_x000D_n<\/p>\n<h3>Pat\u00e8re en forme de t\u00eate de girafe cuivr\u00e9e: collection ZOO CapVenture<\/h3>\n<p>_x000D_nIci, sp\u00e9cifiquement il s&rsquo;agit donc de la collection ZOO, et d&rsquo;une pat\u00e8re prenant la forme d&rsquo;une t\u00eate de girafe de couleur cuivr\u00e9e. Comme les autres, elle est en<strong> r\u00e9sine, r\u00e9sistante \u00e0 une charge de 5 kg<\/strong>._x000D_n_x000D_nCette pat\u00e8re comporte un syst\u00e8me d&rsquo;accrochage avec une vis et une cheville. Elles sont donc incluses mais n\u00e9cessite l&rsquo;usage d&rsquo;une perceuse. Voici ses <strong>dimensions<\/strong>:_x000D_n<\/p>\n<ul>_x000D_n \t<\/p>\n<li>T\u00eate de la girafe: 4 cm X 6,5 cm<\/li>\n<p>_x000D_n \t<\/p>\n<li>Ecartement du mur: 6 cm<\/li>\n<p>_x000D_n<\/ul>\n<p>_x000D_nPar ailleurs, si vous souhaitez vous amuser \u00e0 <strong>cr\u00e9er un v\u00e9ritable univers animalier<\/strong>, de nombreuses autres formes de t\u00eate animale existe. Vous pourrez donc cr\u00e9er une ligne de pat\u00e8res de la m\u00eame collection, ou les fixer sur le <strong><a href=\"https:\/\/1001pateres.com\/produit\/trophee-pour-pateres-zoo-capventure\/\">troph\u00e9e<\/a><\/strong> disponible par la marque permettant d&rsquo;<strong>en mettre 3<\/strong>. Ainsi, la t\u00eate de girafe existe donc en couleur cuivr\u00e9e brillante mais aussi en couleurs naturelles, en <a href=\"https:\/\/1001pateres.com\/produit\/patere-design-zoo-animal-tete-girafe-blanc\/\">blanc<\/a>, en jaune, et en <a href=\"https:\/\/1001pateres.com\/produit\/patere-design-zoo-tete-de-girafe-verte-mat\/\">vert mat<\/a>._x000D_n_x000D_nPour finir, voici un petit listing des autres t\u00eates animales \u00e0 d\u00e9couvrir dans la collection ZOO. Tout d\u2019abord, certaines sont disponibles en une seule couleur comme celles de <strong>L\u00e9opard,\u00a0<\/strong><strong>Ours,\u00a0<\/strong><strong>Faon,\u00a0<\/strong><strong>Loup, et\u00a0<\/strong><strong>Renard<\/strong>. Mais il existe aussi certaines disponibles en plusieurs coloris comme celles d\u2019<strong>\u00e9lan<\/strong>, d\u2019<strong>\u00e9l\u00e9phant<\/strong>, de <strong>cerf<\/strong>, de <strong>lapin<\/strong> et comme ci-contre de <strong>girafe<\/strong>.<\/p>\n","protected":false},"excerpt":{"rendered":"<p>Belle pat\u00e8re design de la s\u00e9rie du ZOO en forme de t\u00eate de <strong>girafe cuivr\u00e9e brillante<\/strong>.\u00a0Cette t\u00eate d&rsquo;animal du zoo de la marque <em><strong>CAPVENTURE<\/strong><\/em> est en r\u00e9sine.\u00a0Ce porte-manteau est \u00e0 poser dans la chambre ou dans l&rsquo;entr\u00e9e pour ne plus voir trainer ses affaires.<\/p>\n","protected":false},"featured_media":1125,"comment_status":"closed","ping_status":"open","template":"","meta":[],"product_cat":[16,32],"product_tag":[27],"class_list":["post-166","product","type-product","status-publish","has-post-thumbnail","hentry","product_cat-chambre-enfant","product_cat-entree-sejour","product_tag-crochet-patere-patere-design-patere-murale-patere-porte-pateres-porte-serviette-porte-torchon-vestiaire","description-off"],"_links":{"self":[{"href":"https:\/\/roulettes.vaniseo.top\/index.php\/wp-json\/wp\/v2\/product\/166","targetHints":{"allow":["GET"]}}],"collection":[{"href":"https:\/\/roulettes.vaniseo.top\/index.php\/wp-json\/wp\/v2\/product"}],"about":[{"href":"https:\/\/roulettes.vaniseo.top\/index.php\/wp-json\/wp\/v2\/types\/product"}],"replies":[{"embeddable":true,"href":"https:\/\/roulettes.vaniseo.top\/index.php\/wp-json\/wp\/v2\/comments?post=166"}],"version-history":[{"count":0,"href":"https:\/\/roulettes.vaniseo.top\/index.php\/wp-json\/wp\/v2\/product\/166\/revisions"}],"wp:featuredmedia":[{"embeddable":true,"href":"https:\/\/roulettes.vaniseo.top\/index.php\/wp-json\/wp\/v2\/media\/1125"}],"wp:attachment":[{"href":"https:\/\/roulettes.vaniseo.top\/index.php\/wp-json\/wp\/v2\/media?parent=166"}],"wp:term":[{"taxonomy":"product_cat","embeddable":true,"href":"https:\/\/roulettes.vaniseo.top\/index.php\/wp-json\/wp\/v2\/product_cat?post=166"},{"taxonomy":"product_tag","embeddable":true,"href":"https:\/\/roulettes.vaniseo.top\/index.php\/wp-json\/wp\/v2\/product_tag?post=166"}],"curies":[{"name":"wp","href":"https:\/\/api.w.org\/{rel}","templated":true}]}}