{"id":167,"date":"2022-04-04T16:20:29","date_gmt":"2022-04-04T14:20:29","guid":{"rendered":"https:\/\/roulettes.vaniseo.top\/index.php\/produit\/patere-en-forme-de-tete-de-girafe-verte-mat-capventure-zoo\/"},"modified":"2022-04-04T17:16:48","modified_gmt":"2022-04-04T15:16:48","slug":"patere-en-forme-de-tete-de-girafe-verte-mat-capventure-zoo","status":"publish","type":"product","link":"https:\/\/roulettes.vaniseo.top\/index.php\/produit\/patere-en-forme-de-tete-de-girafe-verte-mat-capventure-zoo\/","title":{"rendered":"Pat\u00e8re en forme de t\u00eate de girafe verte mat CapVenture, ZOO"},"content":{"rendered":"<h3>Porte manteaux t\u00eate d&rsquo;animaux ZOO de CapVenture: t\u00eate de girafe verte mat<\/h3>\n<p>_x000D_n<strong>1001 Pat\u00e8res<\/strong> est le sp\u00e9cialiste, leader en France, de la <strong>vente de pat\u00e8res et porte manteaux<\/strong>. Ici, il vous pr\u00e9sente l&rsquo;une de ses s\u00e9lections <strong>CapVenture<\/strong>. Il s&rsquo;agit d&rsquo;une belle <strong>pat\u00e8re girafe verte mat CapVenture<\/strong>, extraite de la collection <strong>Zoo<\/strong> en r\u00e9sine._x000D_n_x000D_nEn effet, 1001 Pat\u00e8res est en continue \u00e0 la recherche de pat\u00e8res partout dans le monde offrant \u00e0 la fois <strong>robustesse, style et bon rapport qualit\u00e9\/prix<\/strong>. Ainsi, avec <strong>CapVenture<\/strong>, pour <strong>moins de 10\u20ac<\/strong>, vous pouvez choisir une pat\u00e8re prenant la forme d&rsquo;une t\u00eate\u00a0<strong>animale de votre choix.\u00a0<\/strong> Pour se faire,\u00a0diff\u00e9rentes cat\u00e9gories d&rsquo;animaux sont disponibles comme ceux du <strong>ZOO<\/strong>, de la <strong>mer<\/strong>, des terres <strong>sauvages<\/strong> ou encore de la <strong>ferme<\/strong>._x000D_n_x000D_nL&rsquo;id\u00e9e est de vous permettre de <strong>cr\u00e9er de v\u00e9ritables univers animaliers<\/strong>, en d\u00e9multipliant le nombre de pat\u00e8res CapVenture. Il existe d&rsquo;ailleurs, pour minimiser le nombre de trous dans le mur, un <a href=\"https:\/\/1001pateres.com\/produit\/trophee-pour-pateres-zoo-capventure\/\">Troph\u00e9e<\/a> qui est une<strong> planche de bois vieilli<\/strong> accueillant jusqu&rsquo;\u00e0 <strong>3 pat\u00e8res<\/strong>._x000D_n_x000D_n&nbsp;_x000D_n<\/p>\n<h3>Pat\u00e8re girafe verte mat CapVenture, collection ZOO en r\u00e9sine<\/h3>\n<p>_x000D_nIci, sp\u00e9cifiquement, il s&rsquo;agit donc de la pat\u00e8re girafe verte mat, en <strong>r\u00e9sine r\u00e9sistante<\/strong>. Gr\u00e2ce \u00e0 cette robustesse, elle\u00a0r\u00e9siste \u00e0 un <strong>poids de 5 kg<\/strong>. Comme toute, elle comporte un syst\u00e8me d&rsquo;accrochage avec une vis et une cheville incluses. Sa pose n\u00e9cessite donc seulement \u00a0l&rsquo;utilisation de votre perceuse._x000D_n_x000D_nEnfin, pensez \u00e0 tenir compte des <strong>dimensions<\/strong> de celle-ci d\u00e9taill\u00e9es ci apr\u00e8s:_x000D_n<\/p>\n<ul>_x000D_n \t<\/p>\n<li>Pat\u00e8re t\u00eate de girafe en r\u00e9sine: 4 cm X 6,5 cm<\/li>\n<p>_x000D_n \t<\/p>\n<li>Ecartement du mur: 6 cm<\/li>\n<p>_x000D_n<\/ul>\n<p>_x000D_nPour finir, voici un petit listing des autres t\u00eates animales \u00e0 d\u00e9couvrir dans la collection ZOO. Tout d&rsquo;abord, certaines sont disponibles en une seule couleur comme celles de <strong>L\u00e9opard,\u00a0<\/strong><strong>Ours,\u00a0<\/strong><strong>Faon,\u00a0<\/strong><strong>Loup, et\u00a0<\/strong><strong>Renard<\/strong>. Mais il existe aussi certaines disponibles en plusieurs coloris comme celles d&rsquo;<strong>\u00e9lan<\/strong>, d&rsquo;<strong>\u00e9l\u00e9phant<\/strong>, de <strong>cerf<\/strong>, de <strong>lapin<\/strong> et comme ci-contre de <strong>girafe<\/strong>._x000D_n_x000D_nVous noterez donc que la t\u00eate de girafe existe donc en verte mat mais aussi en <a href=\"https:\/\/1001pateres.com\/produit\/patere-design-animal-zoo-tete-de-girafe-tropicale\/\">couleurs naturelles<\/a>, en <a href=\"https:\/\/1001pateres.com\/produit\/patere-design-zoo-animal-tete-girafe-blanc\/\">blanc<\/a>, en jaune, et en cuivr\u00e9e.<\/p>\n","protected":false},"excerpt":{"rendered":"<p>Belle pat\u00e8re design de la s\u00e9rie du ZOO en forme de t\u00eate de <strong>girafe\u00a0verte<\/strong> mat. \u00a0Cette t\u00eate d&rsquo;animal du zoo de la marque <em><strong>CAPVENTURE<\/strong><\/em> est en r\u00e9sine.\u00a0Ce porte-manteau est \u00e0 poser dans la chambre ou dans l&rsquo;entr\u00e9e pour ne plus voir trainer ses affaires.<\/p>\n","protected":false},"featured_media":1129,"comment_status":"closed","ping_status":"open","template":"","meta":[],"product_cat":[16,32],"product_tag":[27],"class_list":["post-167","product","type-product","status-publish","has-post-thumbnail","hentry","product_cat-chambre-enfant","product_cat-entree-sejour","product_tag-crochet-patere-patere-design-patere-murale-patere-porte-pateres-porte-serviette-porte-torchon-vestiaire","description-off"],"_links":{"self":[{"href":"https:\/\/roulettes.vaniseo.top\/index.php\/wp-json\/wp\/v2\/product\/167","targetHints":{"allow":["GET"]}}],"collection":[{"href":"https:\/\/roulettes.vaniseo.top\/index.php\/wp-json\/wp\/v2\/product"}],"about":[{"href":"https:\/\/roulettes.vaniseo.top\/index.php\/wp-json\/wp\/v2\/types\/product"}],"replies":[{"embeddable":true,"href":"https:\/\/roulettes.vaniseo.top\/index.php\/wp-json\/wp\/v2\/comments?post=167"}],"version-history":[{"count":0,"href":"https:\/\/roulettes.vaniseo.top\/index.php\/wp-json\/wp\/v2\/product\/167\/revisions"}],"wp:featuredmedia":[{"embeddable":true,"href":"https:\/\/roulettes.vaniseo.top\/index.php\/wp-json\/wp\/v2\/media\/1129"}],"wp:attachment":[{"href":"https:\/\/roulettes.vaniseo.top\/index.php\/wp-json\/wp\/v2\/media?parent=167"}],"wp:term":[{"taxonomy":"product_cat","embeddable":true,"href":"https:\/\/roulettes.vaniseo.top\/index.php\/wp-json\/wp\/v2\/product_cat?post=167"},{"taxonomy":"product_tag","embeddable":true,"href":"https:\/\/roulettes.vaniseo.top\/index.php\/wp-json\/wp\/v2\/product_tag?post=167"}],"curies":[{"name":"wp","href":"https:\/\/api.w.org\/{rel}","templated":true}]}}