{"id":168,"date":"2022-04-04T16:20:29","date_gmt":"2022-04-04T14:20:29","guid":{"rendered":"https:\/\/roulettes.vaniseo.top\/index.php\/produit\/patere-capventure-en-forme-de-tete-de-girafe-jaune-laque-zoo\/"},"modified":"2022-04-04T17:16:50","modified_gmt":"2022-04-04T15:16:50","slug":"patere-capventure-en-forme-de-tete-de-girafe-jaune-laque-zoo","status":"publish","type":"product","link":"https:\/\/roulettes.vaniseo.top\/index.php\/produit\/patere-capventure-en-forme-de-tete-de-girafe-jaune-laque-zoo\/","title":{"rendered":"Pat\u00e8re Capventure en forme de t\u00eate de girafe jaune laqu\u00e9 Zoo"},"content":{"rendered":"<h3>Pat\u00e8re en forme de t\u00eate de girafe jaune\u00a0ZOO de CapVenture<\/h3>\n<p>_x000D_nD\u00e9couvrez une belle pat\u00e8re Capventure en forme de t\u00eate de <strong>girafe jaune<\/strong> laqu\u00e9, collection ZOO._x000D_n_x000D_nEn effet, 1001 Pat\u00e8res vous propose sur ce site de nombreuses r\u00e9f\u00e9rences de la marque <a href=\"https:\/\/1001pateres.com\/brand\/capventure\/\">CapVenture<\/a>. Cette marque est sp\u00e9cialis\u00e9e dans le design de t\u00eate animale en <strong>r\u00e9sine robuste.<\/strong> Chacune permet r\u00e9sister \u00e0 un<strong> poids de 5 kg<\/strong>. Avec plus d&rsquo;une cinquantaine de r\u00e9f\u00e9rences sur ce site, vous aurez vraiment l&#8217;embarras du choix. Elles sont r\u00e9pertori\u00e9es selon diff\u00e9rentes <strong>collections<\/strong>: <strong>Zoo, Ferme, Animaux Sauvages, Animaux Marins<\/strong>._x000D_n_x000D_nPour ce faire, il vous suffit de choisir une ou plusieurs pat\u00e8res. Ainsi, vous cr\u00e9erez de v\u00e9ritables <strong>th\u00e9matiques ludiques et originales<\/strong>. Avec elle(s), vous <strong>d\u00e9corerez<\/strong> autant que vous <strong>rangerez<\/strong>!_x000D_n_x000D_nCependant, \u00e9vitez trop de trous dans les murs avec l&rsquo;achat compl\u00e9mentaire d&rsquo;une (ou plusieurs) planche(s) en bois vieilli <strong>permettant de fixer 3 animaux de votre choix<\/strong>: c&rsquo;est le <a href=\"https:\/\/1001pateres.com\/produit\/trophee-pour-pateres-zoo-capventure\/\"><strong>Troph\u00e9e<\/strong> CapVenture<\/a>. En effet, chaque pat\u00e8re animale dispose d&rsquo;un syst\u00e8me de fixation murale avec vis et cheville incluse o\u00f9 seule votre perceuse est requise.\u00a0Pensez \u00e0 tenir compte de leurs dimensions, ici la girafe jaune laqu\u00e9 est de <strong>dimension<\/strong>:_x000D_n<\/p>\n<ul>_x000D_n \t<\/p>\n<li>Pat\u00e8re en forme de t\u00eate de girafe: 4 cm X 6,5 cm<\/li>\n<p>_x000D_n \t<\/p>\n<li>Ecartement du mur: 6 cm<\/li>\n<p>_x000D_n<\/ul>\n<p>_x000D_n&nbsp;_x000D_n<\/p>\n<h3>Pat\u00e8re Capventure en forme de t\u00eate de girafe jaune laqu\u00e9 Zoo<\/h3>\n<p>_x000D_nPour finir, cette t\u00eate de girafe jaune laqu\u00e9, est, on le disait, issue de la collection ZOO. Dans celle-ci, on retrouve des pat\u00e8res \u00e0 couleurs uniques peintes \u00e0 la main comme le\u00a0<strong>l\u00e9opard<\/strong>, le\u00a0<strong>z\u00e8bre<\/strong>, l\u2019<strong>ours<\/strong>, le\u00a0<strong>faon<\/strong>, le <strong>loup\u00a0<\/strong>et le <strong>renard<\/strong>._x000D_n_x000D_nMais, il existe d&rsquo;autres pat\u00e8res en forme de t\u00eates animales disponibles en plusieurs couleurs comme le\u00a0<strong>crocodile<\/strong>,\u00a0la <strong>girafe<\/strong>, l\u2019<strong>\u00e9lan<\/strong>, le\u00a0<strong>cerf<\/strong> et le\u00a0<strong>lapin<\/strong>. La girafe ci contre est disponible en <strong>jaune laqu\u00e9<\/strong>, mais aussi en couleur <strong>naturelle<\/strong> de girafe,\u00a0en <strong>blanc laqu\u00e9<\/strong>, <strong>cuivr\u00e9<\/strong>, et <strong><a href=\"https:\/\/1001pateres.com\/produit\/patere-design-zoo-tete-de-girafe-verte-mat\/\">vert mat<\/a>.<\/strong><\/p>\n","protected":false},"excerpt":{"rendered":"<p>Belle pat\u00e8re design de la s\u00e9rie du ZOO en forme de t\u00eate de <strong>girafe jaune<\/strong> laqu\u00e9e.\u00a0Cette t\u00eate d&rsquo;animal du zoo de la marque <em><strong>CAPVENTURE<\/strong><\/em> est en r\u00e9sine.\u00a0Ce porte-manteau est \u00e0 poser dans la chambre ou dans l&rsquo;entr\u00e9e pour ne plus voir trainer ses affaires.<\/p>\n","protected":false},"featured_media":1133,"comment_status":"closed","ping_status":"open","template":"","meta":[],"product_cat":[16,32],"product_tag":[27],"class_list":["post-168","product","type-product","status-publish","has-post-thumbnail","hentry","product_cat-chambre-enfant","product_cat-entree-sejour","product_tag-crochet-patere-patere-design-patere-murale-patere-porte-pateres-porte-serviette-porte-torchon-vestiaire","description-off"],"_links":{"self":[{"href":"https:\/\/roulettes.vaniseo.top\/index.php\/wp-json\/wp\/v2\/product\/168","targetHints":{"allow":["GET"]}}],"collection":[{"href":"https:\/\/roulettes.vaniseo.top\/index.php\/wp-json\/wp\/v2\/product"}],"about":[{"href":"https:\/\/roulettes.vaniseo.top\/index.php\/wp-json\/wp\/v2\/types\/product"}],"replies":[{"embeddable":true,"href":"https:\/\/roulettes.vaniseo.top\/index.php\/wp-json\/wp\/v2\/comments?post=168"}],"version-history":[{"count":0,"href":"https:\/\/roulettes.vaniseo.top\/index.php\/wp-json\/wp\/v2\/product\/168\/revisions"}],"wp:featuredmedia":[{"embeddable":true,"href":"https:\/\/roulettes.vaniseo.top\/index.php\/wp-json\/wp\/v2\/media\/1133"}],"wp:attachment":[{"href":"https:\/\/roulettes.vaniseo.top\/index.php\/wp-json\/wp\/v2\/media?parent=168"}],"wp:term":[{"taxonomy":"product_cat","embeddable":true,"href":"https:\/\/roulettes.vaniseo.top\/index.php\/wp-json\/wp\/v2\/product_cat?post=168"},{"taxonomy":"product_tag","embeddable":true,"href":"https:\/\/roulettes.vaniseo.top\/index.php\/wp-json\/wp\/v2\/product_tag?post=168"}],"curies":[{"name":"wp","href":"https:\/\/api.w.org\/{rel}","templated":true}]}}