{"id":171,"date":"2022-04-04T16:20:29","date_gmt":"2022-04-04T14:20:29","guid":{"rendered":"https:\/\/roulettes.vaniseo.top\/index.php\/produit\/patere-capventure-en-forme-de-tete-delephant-vert-mat-collection-zoo\/"},"modified":"2022-04-04T17:16:58","modified_gmt":"2022-04-04T15:16:58","slug":"patere-capventure-en-forme-de-tete-delephant-vert-mat-collection-zoo","status":"publish","type":"product","link":"https:\/\/roulettes.vaniseo.top\/index.php\/produit\/patere-capventure-en-forme-de-tete-delephant-vert-mat-collection-zoo\/","title":{"rendered":"Pat\u00e8re CapVenture en forme de t\u00eate d&rsquo;\u00e9l\u00e9phant vert mat, collection Zoo"},"content":{"rendered":"<h3>Pat\u00e8re collection ZOO de CapVenture en forme de t\u00eate d&rsquo;\u00e9l\u00e9phant vert<\/h3>\n<p>_x000D_n1001 Pat\u00e8res, n\u00b01 en France de la vente de pat\u00e8res et porte manteaux dispose vraiment d&rsquo;un bel assortiment associant d\u00e9coration et rangement. Ainsi, ici avec la s\u00e9lection de pat\u00e8res animales, vous allez vraiment vous amuser! D\u00e9couvrez ci-contre la pat\u00e8re CapVenture en forme de t\u00eate d&rsquo;<strong>\u00e9l\u00e9phant vert<\/strong> mat, issue de la collection Zoo._x000D_n_x000D_nEn effet, la marque <strong>CapVenture<\/strong> est ma\u00eetre en la mati\u00e8re de cr\u00e9er des <strong>pat\u00e8res en r\u00e9sine robuste<\/strong>, prenant la forme de <strong>t\u00eates animales<\/strong>. Ainsi, au travers des <strong>collections Zoo, Ferme, Animaux Sauvages et Animaux Marins<\/strong>, il y a de quoi faire! Sur le site de 1001 Pat\u00e8res, c&rsquo;est tout de m\u00eame plus de cinquantaine r\u00e9f\u00e9rences \u00e0 d\u00e9couvrir. Toutes supportent un <strong>poids de plus 5 kg.<\/strong>_x000D_n_x000D_nDans le cas o\u00f9 vous souhaiteriez en prendre plusieurs, il est possible de minimiser le nombre de trous dans le mur avec l&rsquo;achat compl\u00e9mentaire d&rsquo;un <a href=\"https:\/\/1001pateres.com\/produit\/trophee-pour-pateres-zoo-capventure\/\">Troph\u00e9e CapVenture<\/a>._x000D_n_x000D_n&nbsp;_x000D_n<\/p>\n<h3>Pat\u00e8re CapVenture en forme de t\u00eate d&rsquo;\u00e9l\u00e9phant vert mat, collection Zoo<\/h3>\n<p>_x000D_nAinsi, dans la collection ZOO, comme dans les autres, des t\u00eates sont disponibles en coloris uniques, mais d&rsquo;autres sont \u00e0 retrouver en diff\u00e9rentes couleurs._x000D_n_x000D_nD&rsquo;ailleurs, celles en <strong>coloris uniques<\/strong> sont <strong>peintes \u00e0 la main<\/strong>. Il s&rsquo;agit notamment des formes de t\u00eates de\u00a0<strong>l\u00e9opard<\/strong>, de\u00a0<strong>z\u00e8bre<\/strong>, d\u2019<strong>ours<\/strong>, de\u00a0<strong>faon<\/strong>, de <strong>loup\u00a0<\/strong>et de <a href=\"https:\/\/1001pateres.com\/produit\/patere-design-et-deco-zoo-tete-de-renard-roux\/\"><strong>renard<\/strong><\/a>._x000D_n_x000D_nPour finir, c\u00f4t\u00e9 formes de t\u00eate animale disponibles en <strong>plusieurs coloris<\/strong>, on retrouve le\u00a0<strong>crocodile<\/strong>,\u00a0la <strong>girafe<\/strong>, l\u2019<strong>\u00e9lan<\/strong>, le\u00a0<strong>cerf,<\/strong>\u00a0le\u00a0<strong>lapin <\/strong>et<strong> l&rsquo;\u00e9l\u00e9phant<\/strong>.Ce dernier est disponible en vert mal mais aussi en argent\u00e9, ou encore en <a href=\"https:\/\/1001pateres.com\/produit\/patere-design-zoo-tete-elephant-bleu-laque\/\">bleu laqu\u00e9<\/a>, <a href=\"https:\/\/1001pateres.com\/produit\/patere-design-zoo-tete-elephant-couleur-beige-mat\/\">beige mat<\/a>, couleurs naturelles, et\u00a0<a href=\"https:\/\/1001pateres.com\/produit\/patere-design-zoo-tete-elephant-blanc-laque\/\">blanc laqu\u00e9<\/a>._x000D_n_x000D_n&nbsp;_x000D_n<\/p>\n<h3>Comment fixer la pat\u00e8re CapVenture en forme de t\u00eate d&rsquo;\u00e9l\u00e9phant vert mat, collection Zoo?<\/h3>\n<p>_x000D_nPour finir, ce porte-manteau\u00a0comporte un syst\u00e8me d&rsquo;accrochage tr\u00e8s simple, incluant <strong>vis et cheville<\/strong>. Il requiert seulement l&rsquo;utilisation de votre propre perceuse. Pensez \u00e0 v\u00e9rifier ses <strong>dimensions<\/strong>:_x000D_n<\/p>\n<ul>_x000D_n \t<\/p>\n<li>Pat\u00e8re en forme de t\u00eate d&rsquo;\u00e9l\u00e9phant: 8,5 cm X 4 cm<\/li>\n<p>_x000D_n \t<\/p>\n<li>Ecartement du mur: 7 cm<\/li>\n<p>_x000D_n<\/ul>\n","protected":false},"excerpt":{"rendered":"<p>Belle pat\u00e8re design de la s\u00e9rie du ZOO en forme de t\u00eate d&rsquo;<strong>\u00e9l\u00e9phant vert<\/strong> mat.\u00a0Cette t\u00eate d&rsquo;animal du zoo de la marque <em><strong>CAPVENTURE<\/strong><\/em> est en r\u00e9sine.\u00a0Ce porte-manteau est \u00e0 poser dans la chambre ou dans l&rsquo;entr\u00e9e pour ne plus voir trainer ses affaires.<\/p>\n","protected":false},"featured_media":1145,"comment_status":"closed","ping_status":"open","template":"","meta":[],"product_cat":[16,32],"product_tag":[27],"class_list":["post-171","product","type-product","status-publish","has-post-thumbnail","hentry","product_cat-chambre-enfant","product_cat-entree-sejour","product_tag-crochet-patere-patere-design-patere-murale-patere-porte-pateres-porte-serviette-porte-torchon-vestiaire","description-off"],"_links":{"self":[{"href":"https:\/\/roulettes.vaniseo.top\/index.php\/wp-json\/wp\/v2\/product\/171","targetHints":{"allow":["GET"]}}],"collection":[{"href":"https:\/\/roulettes.vaniseo.top\/index.php\/wp-json\/wp\/v2\/product"}],"about":[{"href":"https:\/\/roulettes.vaniseo.top\/index.php\/wp-json\/wp\/v2\/types\/product"}],"replies":[{"embeddable":true,"href":"https:\/\/roulettes.vaniseo.top\/index.php\/wp-json\/wp\/v2\/comments?post=171"}],"version-history":[{"count":0,"href":"https:\/\/roulettes.vaniseo.top\/index.php\/wp-json\/wp\/v2\/product\/171\/revisions"}],"wp:featuredmedia":[{"embeddable":true,"href":"https:\/\/roulettes.vaniseo.top\/index.php\/wp-json\/wp\/v2\/media\/1145"}],"wp:attachment":[{"href":"https:\/\/roulettes.vaniseo.top\/index.php\/wp-json\/wp\/v2\/media?parent=171"}],"wp:term":[{"taxonomy":"product_cat","embeddable":true,"href":"https:\/\/roulettes.vaniseo.top\/index.php\/wp-json\/wp\/v2\/product_cat?post=171"},{"taxonomy":"product_tag","embeddable":true,"href":"https:\/\/roulettes.vaniseo.top\/index.php\/wp-json\/wp\/v2\/product_tag?post=171"}],"curies":[{"name":"wp","href":"https:\/\/api.w.org\/{rel}","templated":true}]}}