{"id":172,"date":"2022-04-04T16:20:29","date_gmt":"2022-04-04T14:20:29","guid":{"rendered":"https:\/\/roulettes.vaniseo.top\/index.php\/produit\/patere-tete-danimal-zoo-capventure-elephant-beige-mat\/"},"modified":"2022-04-04T17:17:00","modified_gmt":"2022-04-04T15:17:00","slug":"patere-tete-danimal-zoo-capventure-elephant-beige-mat","status":"publish","type":"product","link":"https:\/\/roulettes.vaniseo.top\/index.php\/produit\/patere-tete-danimal-zoo-capventure-elephant-beige-mat\/","title":{"rendered":"Pat\u00e8re t\u00eate d&rsquo;animal ZOO CapVenture: \u00e9l\u00e9phant beige mat"},"content":{"rendered":"<h3>Pat\u00e8re en forme de t\u00eate d&rsquo;\u00e9l\u00e9phant beige mat, collection ZOO par CapVenture<\/h3>\n<p>_x000D_n<strong>1001 Pat\u00e8res<\/strong>, <strong>n\u00b01 en France de la vente de pat\u00e8re<\/strong> et porte manteau, s\u00e9lectionne pour vous des marques du monde entier. Ainsi, <strong>choix et qualit\u00e9<\/strong> sont disponibles sur ce site, quelque soit le style recherch\u00e9. Ici, place \u00e0 <strong>l&rsquo;originalit\u00e9 et l&rsquo;\u00e9l\u00e9gance<\/strong> avec une belle <strong>pat\u00e8re t\u00eate d&rsquo;animal ZOO CapVenture<\/strong>. Il s&rsquo;agit d&rsquo;une forme de <strong>t\u00eate d&rsquo;\u00e9l\u00e9phant beige mat<\/strong>._x000D_n_x000D_nEn effet, comme ci contre, CapVenture a imagin\u00e9 de nombreuses t\u00eates d&rsquo;animal permettant cr\u00e9er de v\u00e9ritables d\u00e9cors! Ainsi, comme \u00e0 chaque fois avec les produits 1001 Pat\u00e8res, vous d\u00e9corez et rangez avec go\u00fbt! Elles sont toutes\u00a0en<strong> r\u00e9sine robuste,<\/strong> acceptant une charge d&rsquo;un <strong>poids maxi de 5 kg<\/strong>._x000D_n_x000D_n&nbsp;_x000D_n<\/p>\n<h3>Pat\u00e8re t\u00eate d&rsquo;animal ZOO CapVenture: forme d&rsquo;\u00e9l\u00e9phant couleur beige mat<\/h3>\n<p>_x000D_nAinsi, ci-contre, il s&rsquo;agit d&rsquo;une forme de<strong> t\u00eate d&rsquo;\u00e9l\u00e9phant de couleur beige mat<\/strong>._x000D_n_x000D_nNos clients ont donc l&rsquo;habitude de <strong>d\u00e9multiplier sur un m\u00eame pan de mur plusieurs t\u00eates<\/strong> pour cr\u00e9er un v\u00e9ritable univers animalier. Pour ce faire, ils choisissent leurs vari\u00e9t\u00e9s personnalis\u00e9es <a href=\"https:\/\/1001pateres.com\/brand\/capventure\/\">CapVenture<\/a> parmi les <strong>collections Ferme, Zoo, Animaux Sauvages, et Animaux Marins<\/strong>. Certaines sont en coloris uniques, d&rsquo;autres sont disponibles en plusieurs coloris._x000D_n_x000D_nD&rsquo;ailleurs, petite astuce pour limiter les trous dans le mur: utilisez le <a href=\"https:\/\/1001pateres.com\/produit\/trophee-pour-pateres-zoo-capventure\/\">troph\u00e9e CapVenture<\/a> acceptant jusqu&rsquo;\u00e0 <strong>3 pat\u00e8res<\/strong> sur cette <strong>planche de bois vieillie<\/strong>._x000D_n_x000D_nA noter que l&rsquo;\u00e9l\u00e9phant existe en coloris naturel, bleu laqu\u00e9, beige mat, gris mat, <a href=\"https:\/\/1001pateres.com\/produit\/patere-design-zoo-tete-elephant-vert-mat\/\">vert mat<\/a>, et blanc laqu\u00e9._x000D_n_x000D_n&nbsp;_x000D_n<\/p>\n<h3>Installer une pat\u00e8re murale en forme de t\u00eate animal CapVenture<\/h3>\n<p>_x000D_nPour terminer, c\u00f4t\u00e9 <strong>installation<\/strong>, rapidit\u00e9 et simplicit\u00e9 vous attendent! Chaque pat\u00e8re murale en forme de <strong>t\u00eate animal CapVenture<\/strong> inclue <strong>une vis et une cheville<\/strong>. Seule une <strong>perceuse<\/strong> est requise._x000D_n_x000D_nLe d\u00e9cor est original de style moderne\u00a0et de tr\u00e8s belle qualit\u00e9. Pensez \u00e0 tenir compte de ses <strong>dimensions<\/strong> sp\u00e9cifiques:_x000D_n<\/p>\n<ul>_x000D_n \t<\/p>\n<li>La t\u00eate d&rsquo;\u00e9l\u00e9phant est de dimension: 8,5 cm X 4 cm<\/li>\n<p>_x000D_n \t<\/p>\n<li>Ecartement du mur: 7 cm<\/li>\n<p>_x000D_n<\/ul>\n","protected":false},"excerpt":{"rendered":"<p>Belle pat\u00e8re design de la s\u00e9rie ZOO en forme de t\u00eate d&rsquo;<strong>\u00e9l\u00e9phant beige<\/strong> mat.\u00a0Cette t\u00eate d&rsquo;animal du zoo de la marque <em><strong>CAPVENTURE<\/strong><\/em> est en r\u00e9sine.\u00a0Ce porte-manteau est \u00e0 poser dans la chambre ou dans l&rsquo;entr\u00e9e pour ne plus voir trainer ses affaires.<\/p>\n","protected":false},"featured_media":1149,"comment_status":"closed","ping_status":"open","template":"","meta":[],"product_cat":[16,32],"product_tag":[27],"class_list":["post-172","product","type-product","status-publish","has-post-thumbnail","hentry","product_cat-chambre-enfant","product_cat-entree-sejour","product_tag-crochet-patere-patere-design-patere-murale-patere-porte-pateres-porte-serviette-porte-torchon-vestiaire","description-off"],"_links":{"self":[{"href":"https:\/\/roulettes.vaniseo.top\/index.php\/wp-json\/wp\/v2\/product\/172","targetHints":{"allow":["GET"]}}],"collection":[{"href":"https:\/\/roulettes.vaniseo.top\/index.php\/wp-json\/wp\/v2\/product"}],"about":[{"href":"https:\/\/roulettes.vaniseo.top\/index.php\/wp-json\/wp\/v2\/types\/product"}],"replies":[{"embeddable":true,"href":"https:\/\/roulettes.vaniseo.top\/index.php\/wp-json\/wp\/v2\/comments?post=172"}],"version-history":[{"count":0,"href":"https:\/\/roulettes.vaniseo.top\/index.php\/wp-json\/wp\/v2\/product\/172\/revisions"}],"wp:featuredmedia":[{"embeddable":true,"href":"https:\/\/roulettes.vaniseo.top\/index.php\/wp-json\/wp\/v2\/media\/1149"}],"wp:attachment":[{"href":"https:\/\/roulettes.vaniseo.top\/index.php\/wp-json\/wp\/v2\/media?parent=172"}],"wp:term":[{"taxonomy":"product_cat","embeddable":true,"href":"https:\/\/roulettes.vaniseo.top\/index.php\/wp-json\/wp\/v2\/product_cat?post=172"},{"taxonomy":"product_tag","embeddable":true,"href":"https:\/\/roulettes.vaniseo.top\/index.php\/wp-json\/wp\/v2\/product_tag?post=172"}],"curies":[{"name":"wp","href":"https:\/\/api.w.org\/{rel}","templated":true}]}}