{"id":173,"date":"2022-04-04T16:20:29","date_gmt":"2022-04-04T14:20:29","guid":{"rendered":"https:\/\/roulettes.vaniseo.top\/index.php\/produit\/pateres-design-en-forme-de-boutons-multicolor-puhlmann\/"},"modified":"2022-04-04T17:17:03","modified_gmt":"2022-04-04T15:17:03","slug":"pateres-design-en-forme-de-boutons-multicolor-puhlmann","status":"publish","type":"product","link":"https:\/\/roulettes.vaniseo.top\/index.php\/produit\/pateres-design-en-forme-de-boutons-multicolor-puhlmann\/","title":{"rendered":"Pat\u00e8res design en forme de boutons multicolor PUHLMANN"},"content":{"rendered":"<h4>Set de 5 boutons porte-manteaux multicolor.<\/h4>\n<p>_x000D_nBelles pat\u00e8res design en forme de <strong>boutons multicolor<\/strong> de la marque <em><strong>PUHLMANN<\/strong><\/em>._x000D_n_x000D_nCes cinq pat\u00e8res jaune, bleu, orange, vert et rose sont en r\u00e9sine._x000D_n_x000D_nElles sont \u00e0 poser dans la chambre ou dans l&rsquo;entr\u00e9e\u00a0pour ne plus voir trainer ses affaires._x000D_n_x000D_nUne fois pos\u00e9s au mur, chaque bouton permet de r\u00e9sister \u00e0 un poids d&rsquo;environ 3kg._x000D_n_x000D_nCes boutons d\u00e9co comportent un syst\u00e8me d&rsquo;accrochage avec une vis et une cheville pour chaque bouton._x000D_n_x000D_nLe d\u00e9cor est original et de tr\u00e8s belle qualit\u00e9._x000D_n_x000D_nElles sont vendues avec vis et chevilles. La pose n\u00e9cessite l&rsquo;utilisation d&rsquo;une perceuse._x000D_n<\/p>\n<h4>Dimensions :<\/h4>\n<p>_x000D_n<\/p>\n<ul>_x000D_n \t<\/p>\n<li>diam\u00e8tre d&rsquo;un bouton\u00a02 cm<\/li>\n<p>_x000D_n \t<\/p>\n<li>Ecartement du mur 2 cm<\/li>\n<p>_x000D_n<\/ul>\n","protected":false},"excerpt":{"rendered":"<p>Support en <strong>set de 5 boutons multicolor<\/strong> pour serviettes, torchons, manteaux etc&#8230;. Belles pat\u00e8res design en forme de boutons multicolor de la marque <em><strong>PUHLMANN<\/strong><\/em>.\u00a0Ces cinq pat\u00e8res jaune, bleu, orange, vert et rose sont en r\u00e9sine.\u00a0Elles sont \u00e0 poser dans la chambre ou dans l&rsquo;entr\u00e9e pour ne plus voir trainer ses affaires.<\/p>\n","protected":false},"featured_media":1153,"comment_status":"closed","ping_status":"open","template":"","meta":[],"product_cat":[16,32,17],"product_tag":[25],"class_list":["post-173","product","type-product","status-publish","has-post-thumbnail","hentry","product_cat-chambre-enfant","product_cat-entree-sejour","product_cat-salle-de-bain","product_tag-crochet-patere-patere-design-patere-murale-patere-porte-pateres-porte-manteau-porte-serviette-porte-torchon-vestiaire","description-off"],"_links":{"self":[{"href":"https:\/\/roulettes.vaniseo.top\/index.php\/wp-json\/wp\/v2\/product\/173","targetHints":{"allow":["GET"]}}],"collection":[{"href":"https:\/\/roulettes.vaniseo.top\/index.php\/wp-json\/wp\/v2\/product"}],"about":[{"href":"https:\/\/roulettes.vaniseo.top\/index.php\/wp-json\/wp\/v2\/types\/product"}],"replies":[{"embeddable":true,"href":"https:\/\/roulettes.vaniseo.top\/index.php\/wp-json\/wp\/v2\/comments?post=173"}],"version-history":[{"count":0,"href":"https:\/\/roulettes.vaniseo.top\/index.php\/wp-json\/wp\/v2\/product\/173\/revisions"}],"wp:featuredmedia":[{"embeddable":true,"href":"https:\/\/roulettes.vaniseo.top\/index.php\/wp-json\/wp\/v2\/media\/1153"}],"wp:attachment":[{"href":"https:\/\/roulettes.vaniseo.top\/index.php\/wp-json\/wp\/v2\/media?parent=173"}],"wp:term":[{"taxonomy":"product_cat","embeddable":true,"href":"https:\/\/roulettes.vaniseo.top\/index.php\/wp-json\/wp\/v2\/product_cat?post=173"},{"taxonomy":"product_tag","embeddable":true,"href":"https:\/\/roulettes.vaniseo.top\/index.php\/wp-json\/wp\/v2\/product_tag?post=173"}],"curies":[{"name":"wp","href":"https:\/\/api.w.org\/{rel}","templated":true}]}}