{"id":174,"date":"2022-04-04T16:20:29","date_gmt":"2022-04-04T14:20:29","guid":{"rendered":"https:\/\/roulettes.vaniseo.top\/index.php\/produit\/pateres-design-set-trois-branches-noires-puhlmann\/"},"modified":"2022-04-04T17:17:04","modified_gmt":"2022-04-04T15:17:04","slug":"pateres-design-set-trois-branches-noires-puhlmann","status":"publish","type":"product","link":"https:\/\/roulettes.vaniseo.top\/index.php\/produit\/pateres-design-set-trois-branches-noires-puhlmann\/","title":{"rendered":"Pat\u00e8res design set trois branches noires Puhlmann"},"content":{"rendered":"<h3><b>Pat\u00e8res r\u00e9sine laqu\u00e9e Puhlmann: Set de 3 branches noires<\/b><\/h3>\n<p>_x000D_nPrenez connaissance en quelques minutes ci dessous des informations li\u00e9es aux <strong>pat\u00e8res design<\/strong> du <strong>set de trois branches noires<\/strong> de la marque <strong>Puhlmann<\/strong>._x000D_n_x000D_nEn effet, avec <strong>1001 Pat\u00e8res<\/strong>, vous profitez d\u2019un <strong>site n\u00b01 en France de la vente de porte manteaux<\/strong>. Des <strong>marques internationales<\/strong> sont \u00e0 retrouver en ligne avec une s\u00e9lection de <strong>leurs plus belles r\u00e9f\u00e9rences<\/strong> aux <strong>meilleurs rapports qualit\u00e9 prix<\/strong>._x000D_n_x000D_nAinsi, ici <a href=\"https:\/\/1001pateres.com\/brand\/puhlmann\"><strong>Puhlmann<\/strong><\/a> est une d\u00e9clinaison de la marque Capventure, <strong>entreprise n\u00e9erlandaise<\/strong>. Dans un <strong>style nordique moderne<\/strong>, elle vous propose des <strong>objets d\u00e9coratifs pour la maison et le bureau<\/strong>. Nous avons essentiellement choisis dans cette marque des <strong>sets de 3 et 5 pat\u00e8res<\/strong>. Ici, vous d\u00e9couvrez la <strong>collection de 3 branches<\/strong>, disponibles ici en noir, mais \u00e9galement en <a href=\"https:\/\/1001pateres.com\/produit\/pateres-design-set-de-trois-branches-blanches\/\">blanc<\/a>, et en <a href=\"https:\/\/1001pateres.com\/produit\/pateres-design-set-trois-branches-argentees\/\">argent\u00e9<\/a>._x000D_n_x000D_nCi-contre, d\u00e9couvrez \u00a0donc sa version <strong>noire<\/strong>. Ces <strong>pat\u00e8res design<\/strong> sont constitu\u00e9es d\u2019un <strong>set de 3 branches<\/strong> faites en <strong>r\u00e9sine laqu\u00e9e<\/strong>._x000D_n_x000D_nPour les installer de fa\u00e7on optimale, pr\u00e9f\u00e9rez un <strong>pan du mur blanc<\/strong> pour louer sur les <strong>contrastes<\/strong> ou dans une <strong>harmonie ton sur ton fonc\u00e9e de noir, de gris<\/strong> etc\u2026_x000D_n_x000D_n&nbsp;_x000D_n<\/p>\n<h3><b>Comment fixer au mur les pat\u00e8res design du set de 3 branches noires Puhlmann?<\/b><\/h3>\n<p>_x000D_nEnfin,<strong> pour fixer au mur<\/strong> ces pat\u00e8res design Puhlmann, vous recevez dans le colis une vis et une cheville pour chaque pat\u00e8re. Il vous faudra donc utiliser votre perceuse pour ins\u00e9rer la cheville._x000D_n_x000D_nUne fois cette \u00e9tape faite, chaque pat\u00e8re sera en mesure de supporter un <strong>poids de maximum 5 kg<\/strong>. Soyez s\u00fbr qu\u2019avec cette <strong>robustesse<\/strong> vous pourrez les utiliser longtemps!_x000D_n_x000D_nPour finir, c\u00f4t\u00e9 <strong>esth\u00e9tique<\/strong>, pensez \u00e0 bien anticiper leur positionnement face \u00e0 leurs dimensions pour \u00eatre s\u00fbr que le nombre est suffisant pour cette largeur de mur. Les <strong>dimensions<\/strong> des branches sont de:_x000D_n<\/p>\n<ul>_x000D_n \t<\/p>\n<li>Pour une branche : 2,2 cm X 5 cm<\/li>\n<p>_x000D_n \t<\/p>\n<li>Ecartement du mur : 4 cm<\/li>\n<p>_x000D_n<\/ul>\n<p>_x000D_nAinsi, pour nos clients pour qui 3 branches ne suffisent pas, ils sont \u00e9galement parti sur un <strong>achat de set argent\u00e9 ou set blanc pour varier les coloris<\/strong>._x000D_n_x000D_nN\u2019h\u00e9sitez pas \u00e0 nous demander conseils ou devis gratuit, pour toute commande en nombre important via le formulaire de la page Contact.<\/p>\n","protected":false},"excerpt":{"rendered":"<p>Belles pat\u00e8res design <strong>petites branches noires<\/strong> brillantes.\u00a0Ces trois pat\u00e8res de la marque <em><strong>PUHLMANN<\/strong><\/em> sont en r\u00e9sine et tr\u00e8s r\u00e9sistantes.\u00a0Elles sont \u00e0 poser dans la chambre ou dans l&rsquo;entr\u00e9e pour ne plus voir trainer ses affaires.<\/p>\n","protected":false},"featured_media":1156,"comment_status":"closed","ping_status":"open","template":"","meta":[],"product_cat":[29,16,32],"product_tag":[25],"class_list":["post-174","product","type-product","status-publish","has-post-thumbnail","hentry","product_cat-chambre-adulte","product_cat-chambre-enfant","product_cat-entree-sejour","product_tag-crochet-patere-patere-design-patere-murale-patere-porte-pateres-porte-manteau-porte-serviette-porte-torchon-vestiaire","description-off"],"_links":{"self":[{"href":"https:\/\/roulettes.vaniseo.top\/index.php\/wp-json\/wp\/v2\/product\/174","targetHints":{"allow":["GET"]}}],"collection":[{"href":"https:\/\/roulettes.vaniseo.top\/index.php\/wp-json\/wp\/v2\/product"}],"about":[{"href":"https:\/\/roulettes.vaniseo.top\/index.php\/wp-json\/wp\/v2\/types\/product"}],"replies":[{"embeddable":true,"href":"https:\/\/roulettes.vaniseo.top\/index.php\/wp-json\/wp\/v2\/comments?post=174"}],"version-history":[{"count":0,"href":"https:\/\/roulettes.vaniseo.top\/index.php\/wp-json\/wp\/v2\/product\/174\/revisions"}],"wp:featuredmedia":[{"embeddable":true,"href":"https:\/\/roulettes.vaniseo.top\/index.php\/wp-json\/wp\/v2\/media\/1156"}],"wp:attachment":[{"href":"https:\/\/roulettes.vaniseo.top\/index.php\/wp-json\/wp\/v2\/media?parent=174"}],"wp:term":[{"taxonomy":"product_cat","embeddable":true,"href":"https:\/\/roulettes.vaniseo.top\/index.php\/wp-json\/wp\/v2\/product_cat?post=174"},{"taxonomy":"product_tag","embeddable":true,"href":"https:\/\/roulettes.vaniseo.top\/index.php\/wp-json\/wp\/v2\/product_tag?post=174"}],"curies":[{"name":"wp","href":"https:\/\/api.w.org\/{rel}","templated":true}]}}