{"id":175,"date":"2022-04-04T16:20:29","date_gmt":"2022-04-04T14:20:29","guid":{"rendered":"https:\/\/roulettes.vaniseo.top\/index.php\/produit\/pateres-design-set-trois-branches-argentees\/"},"modified":"2022-04-04T17:17:04","modified_gmt":"2022-04-04T15:17:04","slug":"pateres-design-set-trois-branches-argentees","status":"publish","type":"product","link":"https:\/\/roulettes.vaniseo.top\/index.php\/produit\/pateres-design-set-trois-branches-argentees\/","title":{"rendered":"Pat\u00e8res design set trois branches argent\u00e9es"},"content":{"rendered":"<h3><b>Pat\u00e8res r\u00e9sine laqu\u00e9e Puhlmann: Set de 3 branches argent\u00e9e<\/b><\/h3>\n<p>_x000D_n<strong>1001 Pat\u00e8res<\/strong> pr\u00e9sente l\u2019ensemble des informations concernant les <strong>pat\u00e8res design<\/strong> du <strong>set de trois branches argent\u00e9es<\/strong>. D\u00e9couvrez donc la marque <strong>Puhlmann<\/strong>, et les <strong>caract\u00e9ristiques techniques et d\u00e9coratives<\/strong> de cette r\u00e9f\u00e9rence._x000D_n_x000D_nAinsi, <a href=\"https:\/\/1001pateres.com\/brand\/puhlmann\">Pulhmann<\/a> est une marque commerciale de la soci\u00e9t\u00e9 <strong>Capventure<\/strong> au <strong>Pays Bas<\/strong>. La marque propose de nombreuses <strong>d\u00e9corations pour la maison et le bureau<\/strong>. Bien s\u00fbr, 1001 Pat\u00e8res vous propose ici une s\u00e9lection des <strong>meilleures r\u00e9f\u00e9rences de porte manteaux<\/strong>._x000D_n_x000D_nD\u2019ailleurs, il est possible de retrouver une <strong>collection de set de 3 branches<\/strong>. Ci-contre, vous le d\u00e9couvrez en argent\u00e9, mais il est aussi disponible en <a href=\"https:\/\/1001pateres.com\/produit\/pateres-design-set-de-trois-branches-blanches\/\">blanc<\/a> ou en <a href=\"https:\/\/1001pateres.com\/produit\/pateres-design-set-trois-branches-noires\/\">noir<\/a>._x000D_n_x000D_nAinsi, ici les pat\u00e8res design sont donc constitu\u00e9es d\u2019un <strong>set de 3 branches en r\u00e9sine laqu\u00e9es argent\u00e9es<\/strong>._x000D_n_x000D_nElles sont \u00e0 poser dans la <strong>chambre<\/strong> ou dans l\u2019<strong>entr\u00e9e<\/strong>\u00a0pour ne plus voir trainer ses affaires.<span class=\"Apple-converted-space\">\u00a0 <\/span>Cette couleur argent\u00e9e supporte un large spectre de coloris avec lequel il s\u2019associe bien. Pr\u00e9f\u00e9rez toutefois une harmonie aux <strong>coloris froids<\/strong>._x000D_n_x000D_nNos clients les ont retenues pour leurs <strong>originalit\u00e9s<\/strong>, leurs <strong>qualit\u00e9s de fabrication<\/strong>, et leurs <strong>r\u00e9sistances<\/strong> dans le temps face aux <strong>utilisations r\u00e9p\u00e9t\u00e9es<\/strong>._x000D_n_x000D_n&nbsp;_x000D_n<\/p>\n<h3><b>Fixation des pat\u00e8res design du set de 3 branches argent\u00e9es<\/b><\/h3>\n<p>_x000D_nPour les fixer, elles comportent un <strong>syst\u00e8me d\u2019accrochage vraiment facile et rapide<\/strong> de mise en oeuvre. Dans le colis, vous trouverez une vis et une cheville pour chaque branche. Il vous faudra donc utiliser votre perceuse pour l\u2019installation des chevilles._x000D_n_x000D_nUne fois fix\u00e9es ind\u00e9pendamment les branches permettent de <strong>supporter un poids de 5 kg chacune<\/strong>._x000D_n_x000D_nNous vous conseillons de bien visualiser o\u00f9 les installer et de tenir compte de leurs <strong>dimensions<\/strong>:<span class=\"Apple-converted-space\">\u00a0 <\/span>_x000D_n<\/p>\n<ul>_x000D_n \t<\/p>\n<li>Pour une branche dimension : 2,2 cm X 5 cm<\/li>\n<p>_x000D_n \t<\/p>\n<li>Ecartement du mur : 4 cm.<\/li>\n<p>_x000D_n<\/ul>\n<p>_x000D_nAinsi, vous pourrez vous assurer qu&rsquo;en achetant seulement un set l&rsquo;effet sera celui escompt\u00e9 ou partir sur l&rsquo;achat de plusieurs sets du m\u00eame coloris ou de couleurs vari\u00e9es.<\/p>\n","protected":false},"excerpt":{"rendered":"<p>Belles pat\u00e8res design petites branches argent\u00e9es brillantes.\u00a0Ces trois pat\u00e8res de la marque PUHLMANN sont en r\u00e9sine et tr\u00e8s r\u00e9sistantes.\u00a0Elles sont \u00e0 poser dans la chambre ou dans l&rsquo;entr\u00e9e pour ne plus voir trainer ses affaires.<\/p>\n","protected":false},"featured_media":1159,"comment_status":"closed","ping_status":"open","template":"","meta":[],"product_cat":[29,16,32],"product_tag":[25],"class_list":["post-175","product","type-product","status-publish","has-post-thumbnail","hentry","product_cat-chambre-adulte","product_cat-chambre-enfant","product_cat-entree-sejour","product_tag-crochet-patere-patere-design-patere-murale-patere-porte-pateres-porte-manteau-porte-serviette-porte-torchon-vestiaire","description-off"],"_links":{"self":[{"href":"https:\/\/roulettes.vaniseo.top\/index.php\/wp-json\/wp\/v2\/product\/175","targetHints":{"allow":["GET"]}}],"collection":[{"href":"https:\/\/roulettes.vaniseo.top\/index.php\/wp-json\/wp\/v2\/product"}],"about":[{"href":"https:\/\/roulettes.vaniseo.top\/index.php\/wp-json\/wp\/v2\/types\/product"}],"replies":[{"embeddable":true,"href":"https:\/\/roulettes.vaniseo.top\/index.php\/wp-json\/wp\/v2\/comments?post=175"}],"version-history":[{"count":0,"href":"https:\/\/roulettes.vaniseo.top\/index.php\/wp-json\/wp\/v2\/product\/175\/revisions"}],"wp:featuredmedia":[{"embeddable":true,"href":"https:\/\/roulettes.vaniseo.top\/index.php\/wp-json\/wp\/v2\/media\/1159"}],"wp:attachment":[{"href":"https:\/\/roulettes.vaniseo.top\/index.php\/wp-json\/wp\/v2\/media?parent=175"}],"wp:term":[{"taxonomy":"product_cat","embeddable":true,"href":"https:\/\/roulettes.vaniseo.top\/index.php\/wp-json\/wp\/v2\/product_cat?post=175"},{"taxonomy":"product_tag","embeddable":true,"href":"https:\/\/roulettes.vaniseo.top\/index.php\/wp-json\/wp\/v2\/product_tag?post=175"}],"curies":[{"name":"wp","href":"https:\/\/api.w.org\/{rel}","templated":true}]}}