{"id":176,"date":"2022-04-04T16:20:35","date_gmt":"2022-04-04T14:20:35","guid":{"rendered":"https:\/\/roulettes.vaniseo.top\/index.php\/produit\/patere-bulle-de-bd-ardoise\/"},"modified":"2022-04-04T17:17:07","modified_gmt":"2022-04-04T15:17:07","slug":"patere-bulle-de-bd-ardoise","status":"publish","type":"product","link":"https:\/\/roulettes.vaniseo.top\/index.php\/produit\/patere-bulle-de-bd-ardoise\/","title":{"rendered":"Pat\u00e8re bulle de BD ardoise"},"content":{"rendered":"<h4>Pat\u00e8re ardoise bulle.<\/h4>\n<p>_x000D_nBelle <strong>pat\u00e8re\u00a0bulle de BD<\/strong> <em><strong>ardoise<\/strong><\/em>._x000D_n_x000D_nCette pat\u00e8re est \u00e0 poser dans l&rsquo;entr\u00e9e ou dans la chambre pour ne plus laisser trainer ses affaires avec son crochet en m\u00e9tal\u00a0recourb\u00e9 pour ne pas abimer les v\u00eatements._x000D_n_x000D_nL&rsquo;ardoise permet d&rsquo;inscrire le message d\u00e9sir\u00e9 \u00e0 la craie, craie fournie._x000D_n_x000D_nElle comporte un syst\u00e8me d&rsquo;accrochage simple avec une attache au dos \u00e0 positionner avec une vis et une cheville._x000D_n_x000D_n<span style=\"line-height: 1.5\">Elle\u00a0est originale et de belle qualit\u00e9 et saura se rendre indispensable.<\/span>_x000D_n_x000D_nSa pose est facile mais n\u00e9cessite l&rsquo;utilisation d&rsquo;une perceuse._x000D_n<\/p>\n<h4>Dimensions :<\/h4>\n<p>_x000D_n<\/p>\n<ul>_x000D_n \t<\/p>\n<li>La pat\u00e8re 11 cm X 10,5 cm.<\/li>\n<p>_x000D_n \t<\/p>\n<li>La pat\u00e8re \u00e9cartement du mur 3 cm<\/li>\n<p>_x000D_n<\/ul>\n","protected":false},"excerpt":{"rendered":"<p>Belle pat\u00e8re <strong>bulle de BD<\/strong> <em><strong>ardoise<\/strong><\/em> de la marque DUTCH DESIGN.\u00a0Cette pat\u00e8re est \u00e0 poser dans l&rsquo;entr\u00e9e ou dans la chambre pour ne plus laisser trainer ses affaires avec son crochet en m\u00e9tal recourb\u00e9 pour ne pas abimer les v\u00eatements. Elle poss\u00e8de une fixation au dos avec vis et cheville.<\/p>\n","protected":false},"featured_media":1162,"comment_status":"closed","ping_status":"open","template":"","meta":[],"product_cat":[16,20,32],"product_tag":[27],"class_list":["post-176","product","type-product","status-publish","has-post-thumbnail","hentry","product_cat-chambre-enfant","product_cat-cuisine","product_cat-entree-sejour","product_tag-crochet-patere-patere-design-patere-murale-patere-porte-pateres-porte-serviette-porte-torchon-vestiaire","description-off"],"_links":{"self":[{"href":"https:\/\/roulettes.vaniseo.top\/index.php\/wp-json\/wp\/v2\/product\/176","targetHints":{"allow":["GET"]}}],"collection":[{"href":"https:\/\/roulettes.vaniseo.top\/index.php\/wp-json\/wp\/v2\/product"}],"about":[{"href":"https:\/\/roulettes.vaniseo.top\/index.php\/wp-json\/wp\/v2\/types\/product"}],"replies":[{"embeddable":true,"href":"https:\/\/roulettes.vaniseo.top\/index.php\/wp-json\/wp\/v2\/comments?post=176"}],"version-history":[{"count":0,"href":"https:\/\/roulettes.vaniseo.top\/index.php\/wp-json\/wp\/v2\/product\/176\/revisions"}],"wp:featuredmedia":[{"embeddable":true,"href":"https:\/\/roulettes.vaniseo.top\/index.php\/wp-json\/wp\/v2\/media\/1162"}],"wp:attachment":[{"href":"https:\/\/roulettes.vaniseo.top\/index.php\/wp-json\/wp\/v2\/media?parent=176"}],"wp:term":[{"taxonomy":"product_cat","embeddable":true,"href":"https:\/\/roulettes.vaniseo.top\/index.php\/wp-json\/wp\/v2\/product_cat?post=176"},{"taxonomy":"product_tag","embeddable":true,"href":"https:\/\/roulettes.vaniseo.top\/index.php\/wp-json\/wp\/v2\/product_tag?post=176"}],"curies":[{"name":"wp","href":"https:\/\/api.w.org\/{rel}","templated":true}]}}