{"id":177,"date":"2022-04-04T16:20:35","date_gmt":"2022-04-04T14:20:35","guid":{"rendered":"https:\/\/roulettes.vaniseo.top\/index.php\/produit\/porte-manteau-chambre-enfant-lapin-et-chat-capventure\/"},"modified":"2022-04-04T17:17:10","modified_gmt":"2022-04-04T15:17:10","slug":"porte-manteau-chambre-enfant-lapin-et-chat-capventure","status":"publish","type":"product","link":"https:\/\/roulettes.vaniseo.top\/index.php\/produit\/porte-manteau-chambre-enfant-lapin-et-chat-capventure\/","title":{"rendered":"Porte manteau chambre enfant lapin et chat CAPVENTURE"},"content":{"rendered":"<h3>Etag\u00e8re bois blanc lapin et chat CAPVENTURE pour chambre d&rsquo;enfant<\/h3>\n<p>_x000D_n<strong>1001 Pat\u00e8res<\/strong> vous propose \u00e9galement le <strong>porte manteau chambre enfant lapin et chat de chez CapVenture<\/strong>.\u00a0D\u00e9couvrez donc ci dessous l&rsquo;ensemble des <strong>informations techniques et d\u00e9coratives<\/strong> de ce produit id\u00e9al et de <strong>grande qualit\u00e9<\/strong>._x000D_n_x000D_nTout d&rsquo;abord,<strong> 1001 Pat\u00e8res<\/strong> est votre site de vente en ligne de pat\u00e8re et porte manteau. <strong>N\u00b01 en France<\/strong>, il recherche pour vous les <strong>meilleures opportunit\u00e9s d\u00e9coratives et de rangement<\/strong> partout dans le monde. Ainsi, il a choisi la marque <a href=\"https:\/\/1001pateres.com\/brand\/capventure\/\">CapVenture<\/a> pour son travail autour des animaux. Sp\u00e9cialis\u00e9e dans la confection d&rsquo;<a href=\"https:\/\/1001pateres.com\/produit\/patere-design-animal-de-la-ferme-cochon-blanc\/\">animaux en r\u00e9sine ludiques<\/a>, cette marque a aussi imagin\u00e9 cette <strong>\u00e9tag\u00e8re \u00e0 triple fonctionnalit\u00e9<\/strong>._x000D_n_x000D_n&nbsp;_x000D_n<\/p>\n<h3>Porte manteau chambre enfant lapin et chat CapVenture<\/h3>\n<p>_x000D_nEn effet, il s&rsquo;agit \u00e0 la fois de:_x000D_n<\/p>\n<ul>_x000D_n \t<\/p>\n<li>Un <strong>objet d\u00e9coratif<\/strong> gr\u00e2ce \u00e0 ces d\u00e9coupes <strong>de chien et de chat tr\u00e8s doux<\/strong> pour une chambre d&rsquo;enfant<\/li>\n<p>_x000D_n \t<\/p>\n<li>Une <strong>\u00e9tag\u00e8re parfaite<\/strong> pour disposer livre, cadre photo et autres objets d\u00e9coratifs \u00e0 faible \u00e9paisseur<\/li>\n<p>_x000D_n \t<\/p>\n<li>Un <strong>porte manteau<\/strong> \u00e0 7 crochets pour le rangement des langes, v\u00eatements et accessoires du quotidien<\/li>\n<p>_x000D_n<\/ul>\n<p>_x000D_nPar ailleurs, cette\u00a0<strong>\u00e9tag\u00e8re<\/strong>\u00a0est en bois blanc. Elle est \u00e0 poser dans la chambre d&rsquo;un enfant\u00a0pour \u00e0 la fois d\u00e9corer et ranger ses petites affaires! Nos clients appr\u00e9cient que les<strong>\u00a07 petites pat\u00e8res soient arrondies en bout<\/strong> pour ne pas abimer, ni marquer les v\u00eatements._x000D_n_x000D_n&nbsp;_x000D_n<\/p>\n<h3>Installation du porte manteau \u00e9tag\u00e8re CapVenture<\/h3>\n<p>_x000D_nPour finir, son syst\u00e8me d&rsquo;accrochage est simple. Il est constitu\u00e9 de <strong>deux vis et deux chevilles fournies<\/strong>. Pensez seulement \u00e0 vous munir de votre perceuse. Il sera comme toujours important de v\u00e9rifier les dimensions du pan de mur sur lequel vous pr\u00e9voyez de fixer ce porte manteau et de les comparer \u00e0 celles du produit. Ici, les <strong>dimensions<\/strong> de l&rsquo;\u00e9tag\u00e8re CapVenture sont de:_x000D_n<\/p>\n<ul>_x000D_n \t<\/p>\n<li>Dimensions maxi du dos: 75 cm X 22 cm<\/li>\n<p>_x000D_n \t<\/p>\n<li>Longueur de l&rsquo;\u00e9tag\u00e8re: 50 cm<\/li>\n<p>_x000D_n \t<\/p>\n<li>Largeur de l&rsquo;\u00e9tag\u00e8re: 5,5 cm<\/li>\n<p>_x000D_n \t<\/p>\n<li>Ecartement du mur de chaque crochet: 2,2 cm<\/li>\n<p>_x000D_n<\/ul>\n","protected":false},"excerpt":{"rendered":"<p>Porte manteaux <em><strong>\u00e9tag\u00e8re lapin et chat<\/strong><\/em>.\u00a0Cette \u00e9tag\u00e8re en bois blanc de la marque <strong>THE ZOO DE CAPVENTURE<\/strong> est \u00e0 poser dans la chambre d&rsquo;un enfant pour ne plus laisser trainer ses affaires.\u00a0Elle est particuli\u00e8rement adapt\u00e9e \u00e0 une chambre d&rsquo;enfant avec sa petite \u00e9tag\u00e8re qui permet de poser des livres ou de petits objets.<\/p>\n","protected":false},"featured_media":1166,"comment_status":"closed","ping_status":"open","template":"","meta":[],"product_cat":[16],"product_tag":[25],"class_list":["post-177","product","type-product","status-publish","has-post-thumbnail","hentry","product_cat-chambre-enfant","product_tag-crochet-patere-patere-design-patere-murale-patere-porte-pateres-porte-manteau-porte-serviette-porte-torchon-vestiaire","description-off"],"_links":{"self":[{"href":"https:\/\/roulettes.vaniseo.top\/index.php\/wp-json\/wp\/v2\/product\/177","targetHints":{"allow":["GET"]}}],"collection":[{"href":"https:\/\/roulettes.vaniseo.top\/index.php\/wp-json\/wp\/v2\/product"}],"about":[{"href":"https:\/\/roulettes.vaniseo.top\/index.php\/wp-json\/wp\/v2\/types\/product"}],"replies":[{"embeddable":true,"href":"https:\/\/roulettes.vaniseo.top\/index.php\/wp-json\/wp\/v2\/comments?post=177"}],"version-history":[{"count":0,"href":"https:\/\/roulettes.vaniseo.top\/index.php\/wp-json\/wp\/v2\/product\/177\/revisions"}],"wp:featuredmedia":[{"embeddable":true,"href":"https:\/\/roulettes.vaniseo.top\/index.php\/wp-json\/wp\/v2\/media\/1166"}],"wp:attachment":[{"href":"https:\/\/roulettes.vaniseo.top\/index.php\/wp-json\/wp\/v2\/media?parent=177"}],"wp:term":[{"taxonomy":"product_cat","embeddable":true,"href":"https:\/\/roulettes.vaniseo.top\/index.php\/wp-json\/wp\/v2\/product_cat?post=177"},{"taxonomy":"product_tag","embeddable":true,"href":"https:\/\/roulettes.vaniseo.top\/index.php\/wp-json\/wp\/v2\/product_tag?post=177"}],"curies":[{"name":"wp","href":"https:\/\/api.w.org\/{rel}","templated":true}]}}