{"id":18,"date":"2022-04-04T16:20:00","date_gmt":"2022-04-04T14:20:00","guid":{"rendered":"https:\/\/roulettes.vaniseo.top\/index.php\/produit\/patere-bois-peint-soleil-jaune-2\/"},"modified":"2022-04-04T16:20:00","modified_gmt":"2022-04-04T14:20:00","slug":"patere-bois-peint-soleil-jaune-2","status":"publish","type":"product","link":"https:\/\/roulettes.vaniseo.top\/index.php\/produit\/patere-bois-peint-soleil-jaune-2\/","title":{"rendered":"Pat\u00e8re bois peint soleil jaune"},"content":{"rendered":"<h4>Jolie pat\u00e8re en bois peint en forme de soleil jaune.<\/h4>\n<p>_x000D_nPat\u00e8re bois peint soleil jaune ludique et rigolote._x000D_n_x000D_nJolie pat\u00e8re en \u00a0<strong>bois peint<\/strong> en forme de <em>soleil<\/em>\u00a0et de couleur jaune. Le soleil a un large sourire et un joli nez rouge ce qui am\u00e8nera plein de gaiet\u00e9 sur les murs de la chambre._x000D_n_x000D_nAussi, ce mod\u00e8le comporte un crochet et un syst\u00e8me d&rsquo;accrochage\u00a0en m\u00e9tal ainsi qu&rsquo; un embout form\u00e9 d&rsquo;une boule en bois de couleur assortie. Cette derni\u00e8re permettra d&rsquo; assurer plus de s\u00e9curit\u00e9._x000D_n_x000D_nDe plus le design est simple et na\u00eff. C&rsquo;est pourquoi il est id\u00e9al pour une chambre d\u2019enfant. Sans doute, cette pat\u00e8re apportera une touche de couleur aux murs et s&rsquo;adaptera \u00e0 plusieurs styles de d\u00e9coration._x000D_n_x000D_nCette pat\u00e8re tient au mur avec le crochet de votre choix._x000D_n<\/p>\n<h4>\u00a0Dimensions :<\/h4>\n<p>_x000D_n<\/p>\n<ul>_x000D_n \t<\/p>\n<li>Le soleil comporte un diam\u00e8tre de 7 cm<\/li>\n<p>_x000D_n \t<\/p>\n<li>Avec le crochet Hauteur = 10,7 cm<\/li>\n<p>_x000D_n \t<\/p>\n<li>Ecartement du mur 4 cm<\/li>\n<p>_x000D_n<\/ul>\n","protected":false},"excerpt":{"rendered":"<p>Porte-manteau soleil jaune et rouge en bois.\u00a0Jolie pat\u00e8re <strong>bois peint<\/strong> <em><strong>soleil rouge et jaune<\/strong><\/em>.\u00a0Elle comporte un crochet et un syst\u00e8me d&rsquo;accrochage\u00a0en m\u00e9tal avec un embout form\u00e9 d&rsquo;une boule en bois de couleur rouge pour plus de s\u00e9curit\u00e9._x000D_n_x000D_n&nbsp;<\/p>\n","protected":false},"featured_media":0,"comment_status":"closed","ping_status":"open","template":"","meta":[],"product_cat":[16,17],"product_tag":[18],"class_list":["post-18","product","type-product","status-publish","hentry","product_cat-chambre-enfant","product_cat-salle-de-bain","product_tag-crochet-patere-patere-design-patere-murale-patere-porte-porte-serviette-porte-torchon-vestiaire","description-off"],"_links":{"self":[{"href":"https:\/\/roulettes.vaniseo.top\/index.php\/wp-json\/wp\/v2\/product\/18","targetHints":{"allow":["GET"]}}],"collection":[{"href":"https:\/\/roulettes.vaniseo.top\/index.php\/wp-json\/wp\/v2\/product"}],"about":[{"href":"https:\/\/roulettes.vaniseo.top\/index.php\/wp-json\/wp\/v2\/types\/product"}],"replies":[{"embeddable":true,"href":"https:\/\/roulettes.vaniseo.top\/index.php\/wp-json\/wp\/v2\/comments?post=18"}],"version-history":[{"count":0,"href":"https:\/\/roulettes.vaniseo.top\/index.php\/wp-json\/wp\/v2\/product\/18\/revisions"}],"wp:attachment":[{"href":"https:\/\/roulettes.vaniseo.top\/index.php\/wp-json\/wp\/v2\/media?parent=18"}],"wp:term":[{"taxonomy":"product_cat","embeddable":true,"href":"https:\/\/roulettes.vaniseo.top\/index.php\/wp-json\/wp\/v2\/product_cat?post=18"},{"taxonomy":"product_tag","embeddable":true,"href":"https:\/\/roulettes.vaniseo.top\/index.php\/wp-json\/wp\/v2\/product_tag?post=18"}],"curies":[{"name":"wp","href":"https:\/\/api.w.org\/{rel}","templated":true}]}}