{"id":180,"date":"2022-04-04T16:20:35","date_gmt":"2022-04-04T14:20:35","guid":{"rendered":"https:\/\/roulettes.vaniseo.top\/index.php\/produit\/porte-manteau-design-piet-en-3-modules-de-presse-citron\/"},"modified":"2022-04-04T17:17:16","modified_gmt":"2022-04-04T15:17:16","slug":"porte-manteau-design-piet-en-3-modules-de-presse-citron","status":"publish","type":"product","link":"https:\/\/roulettes.vaniseo.top\/index.php\/produit\/porte-manteau-design-piet-en-3-modules-de-presse-citron\/","title":{"rendered":"Porte manteau design PIET en 3 modules de Presse Citron"},"content":{"rendered":"<h3>Pateres rondes colorees PIET en trois modules<\/h3>\n<p>_x000D_n<strong>1001 Pat\u00e8res<\/strong> vous propose de d\u00e9couvrir l&rsquo;ensemble des informations technique et d\u00e9coratives de ce <strong>porte manteau design PIET<\/strong> divis\u00e9 en <strong>3 modules<\/strong>. Il est sign\u00e9 de la marque <strong>Presse Citron<\/strong>._x000D_n_x000D_nEn effet, 1001 Pat\u00e8res est le <strong>n\u00b01 en France de la vente en ligne de pat\u00e8res<\/strong>. Celles-ci sont originaires du monde entier. L&rsquo;id\u00e9e est de vous <strong>donner acc\u00e8s \u00e0 des produits de qualit\u00e9<\/strong>, de style, tout en minimisant les frais de port. <strong>Soutenez un site fran\u00e7ais<\/strong> et <strong>optimisez<\/strong> par la m\u00eame occasion <strong>le rangement et la d\u00e9coration<\/strong> de votre int\u00e9rieur de maison et d&rsquo;entreprise._x000D_n_x000D_nIci, il s&rsquo;agit de la marque <a href=\"https:\/\/1001pateres.com\/brand\/presse-citron\/\">Presse Citron<\/a>. Celle-ci est <strong>fran\u00e7aise<\/strong> et propose depuis 1997 des produits \u00e0 la fois <strong>\u00e9pur\u00e9e<\/strong>, aux <strong>formes atypiques<\/strong>. Quoi de mieux pour combiner rangement mural et style?_x000D_n_x000D_n&nbsp;_x000D_n<\/p>\n<h3>Porte manteau design PIET en 3 modules<\/h3>\n<p>_x000D_nAinsi, cet <strong>ensemble de 3 modules<\/strong> se pose partout dans la maison pour ne plus voir trainer ses affaires. Aussi bien dans la chambre que dans l&rsquo;entr\u00e9e, il reste <strong>tr\u00e8s d\u00e9coratif<\/strong>._x000D_n_x000D_nDe plus,<strong> original et de belle qualit\u00e9 en acier peint<\/strong>, ce porte manteau<span style=\"line-height: 1.5\">\u00a0offre beaucoup de modernit\u00e9 et de practicit\u00e9. Il nous fait penser \u00e0 une <strong>carte d&rsquo;arr\u00eats de m\u00e9tro<\/strong>! D&rsquo;ailleurs, c<\/span>haque module peut \u00eatre combin\u00e9 avec un autre module du m\u00eame mod\u00e8le._x000D_n_x000D_nEn effet, le produit comporte<strong> 3 modules<\/strong>. Chaque module dispose de 3 ronds de couleurs \u00e9tant toutes des pat\u00e8res ind\u00e9pendantes et modulables. Il ya donc au total <strong>9 pat\u00e8res<\/strong>.\u00a0Voir les images ci contre._x000D_n_x000D_nEt, c\u00f4t\u00e9 installation, le syst\u00e8me de fixation murale se fait \u00e0 l&rsquo;aide de vis et cheville fournies. Bien s\u00fbr, sa pose n\u00e9cessite l&rsquo;usage d&rsquo;une perceuse._x000D_n_x000D_n<strong>Dimensions<\/strong> d&rsquo;un module PIET:_x000D_n<\/p>\n<ul>_x000D_n \t<\/p>\n<li>Le porte manteau design PIET: 50 cm X 25 cm<\/li>\n<p>_x000D_n \t<\/p>\n<li>Ecartement du mur: 4,5 cm<\/li>\n<p>_x000D_n<\/ul>\n<p>_x000D_nEnfin, vous noterez que cette collection PIET dispose \u00e9galement de la vente de <a href=\"https:\/\/1001pateres.com\/produit\/patere-design-color-piet\/\">module \u00e0 l&rsquo;unit\u00e9<\/a> vous permettant d&rsquo;<strong>\u00e9tendre \u00e0 souhait cette installation<\/strong> et de profiter ainsi de plus de pat\u00e8res.<\/p>\n","protected":false},"excerpt":{"rendered":"<p>Ensemble de pat\u00e8re design color <strong>PIET 3 modules<\/strong>.\u00a0Cet ensemble de pat\u00e8res de la marque <em><strong>PRESSE CITRON<\/strong><\/em> est \u00e0 poser partout dans la maison pour ne plus voir trainer ses affaires, dans la chambre ou dans l&rsquo;entr\u00e9e tout en restant d\u00e9corative.<\/p>\n","protected":false},"featured_media":1178,"comment_status":"closed","ping_status":"open","template":"","meta":[],"product_cat":[29,19,32,21,22],"product_tag":[25],"class_list":["post-180","product","type-product","status-publish","has-post-thumbnail","hentry","product_cat-chambre-adulte","product_cat-collectivite","product_cat-entree-sejour","product_cat-entreprise","product_cat-pro","product_tag-crochet-patere-patere-design-patere-murale-patere-porte-pateres-porte-manteau-porte-serviette-porte-torchon-vestiaire","description-off"],"_links":{"self":[{"href":"https:\/\/roulettes.vaniseo.top\/index.php\/wp-json\/wp\/v2\/product\/180","targetHints":{"allow":["GET"]}}],"collection":[{"href":"https:\/\/roulettes.vaniseo.top\/index.php\/wp-json\/wp\/v2\/product"}],"about":[{"href":"https:\/\/roulettes.vaniseo.top\/index.php\/wp-json\/wp\/v2\/types\/product"}],"replies":[{"embeddable":true,"href":"https:\/\/roulettes.vaniseo.top\/index.php\/wp-json\/wp\/v2\/comments?post=180"}],"version-history":[{"count":0,"href":"https:\/\/roulettes.vaniseo.top\/index.php\/wp-json\/wp\/v2\/product\/180\/revisions"}],"wp:featuredmedia":[{"embeddable":true,"href":"https:\/\/roulettes.vaniseo.top\/index.php\/wp-json\/wp\/v2\/media\/1178"}],"wp:attachment":[{"href":"https:\/\/roulettes.vaniseo.top\/index.php\/wp-json\/wp\/v2\/media?parent=180"}],"wp:term":[{"taxonomy":"product_cat","embeddable":true,"href":"https:\/\/roulettes.vaniseo.top\/index.php\/wp-json\/wp\/v2\/product_cat?post=180"},{"taxonomy":"product_tag","embeddable":true,"href":"https:\/\/roulettes.vaniseo.top\/index.php\/wp-json\/wp\/v2\/product_tag?post=180"}],"curies":[{"name":"wp","href":"https:\/\/api.w.org\/{rel}","templated":true}]}}